{"id":9,"date":"2018-05-08T09:15:35","date_gmt":"2018-05-08T09:15:35","guid":{"rendered":"http:\/\/apartment-monolith.com\/?page_id=9"},"modified":"2023-07-24T20:25:59","modified_gmt":"2023-07-24T20:25:59","slug":"der-monolith","status":"publish","type":"page","link":"https:\/\/apartment-monolith.com\/zh\/der-monolith\/","title":{"rendered":"Der Monolith"},"content":{"rendered":"\n<p><strong>Stylischer Luxus am Waldrand \u2013 Apartment Monolith Black Forest<\/strong><\/p>\n\n\n\n<p>Hereinspaziert und herzlich willkommen im Apartment Monolith. Wir begr\u00fc\u00dfen euch auf 1000 Meter H\u00f6he im Herzen des Schwarzwaldes. Nur wenige Schritte vom Wald entfernt und mitten in der Natur bietet das barrierefreie Apartment ganz viel Raum zum Entspannen, Erholen und Beisammensein.<\/p>\n\n\n\n<figure class=\"wp-block-gallery has-nested-images columns-default is-cropped wp-block-gallery-1 is-layout-flex wp-block-gallery-is-layout-flex\">\n<figure class=\"wp-block-image size-large\"><a href=\"https:\/\/apartment-monolith.com\/wp-content\/uploads\/2022\/08\/hauptfoto.jpg\"><img loading=\"lazy\" decoding=\"async\" width=\"1024\" height=\"682\" data-id=\"694\" src=\"https:\/\/apartment-monolith.com\/wp-content\/uploads\/2022\/08\/hauptfoto-1024x682.jpg\" alt=\"\" class=\"wp-image-694\" srcset=\"https:\/\/apartment-monolith.com\/wp-content\/uploads\/2022\/08\/hauptfoto-1024x682.jpg 1024w, https:\/\/apartment-monolith.com\/wp-content\/uploads\/2022\/08\/hauptfoto-300x200.jpg 300w, https:\/\/apartment-monolith.com\/wp-content\/uploads\/2022\/08\/hauptfoto-768x512.jpg 768w, https:\/\/apartment-monolith.com\/wp-content\/uploads\/2022\/08\/hauptfoto-1536x1024.jpg 1536w, https:\/\/apartment-monolith.com\/wp-content\/uploads\/2022\/08\/hauptfoto-360x240.jpg 360w, https:\/\/apartment-monolith.com\/wp-content\/uploads\/2022\/08\/hauptfoto.jpg 2000w\" sizes=\"(max-width: 1024px) 100vw, 1024px\" \/><\/a><\/figure>\n\n\n\n<figure class=\"wp-block-image size-large\"><a href=\"https:\/\/apartment-monolith.com\/wp-content\/uploads\/2022\/08\/IMG_2584.jpg\"><img loading=\"lazy\" decoding=\"async\" width=\"1024\" height=\"682\" data-id=\"695\" src=\"https:\/\/apartment-monolith.com\/wp-content\/uploads\/2022\/08\/IMG_2584-1024x682.jpg\" alt=\"\" class=\"wp-image-695\" srcset=\"https:\/\/apartment-monolith.com\/wp-content\/uploads\/2022\/08\/IMG_2584-1024x682.jpg 1024w, https:\/\/apartment-monolith.com\/wp-content\/uploads\/2022\/08\/IMG_2584-300x200.jpg 300w, https:\/\/apartment-monolith.com\/wp-content\/uploads\/2022\/08\/IMG_2584-768x512.jpg 768w, https:\/\/apartment-monolith.com\/wp-content\/uploads\/2022\/08\/IMG_2584-1536x1024.jpg 1536w, https:\/\/apartment-monolith.com\/wp-content\/uploads\/2022\/08\/IMG_2584-360x240.jpg 360w, https:\/\/apartment-monolith.com\/wp-content\/uploads\/2022\/08\/IMG_2584.jpg 2000w\" sizes=\"(max-width: 1024px) 100vw, 1024px\" \/><\/a><\/figure>\n\n\n\n<figure class=\"wp-block-image size-large\"><a href=\"https:\/\/apartment-monolith.com\/wp-content\/uploads\/2022\/08\/IMG_2586.jpg\"><img loading=\"lazy\" decoding=\"async\" width=\"1024\" height=\"682\" data-id=\"693\" src=\"https:\/\/apartment-monolith.com\/wp-content\/uploads\/2022\/08\/IMG_2586-1024x682.jpg\" alt=\"\" class=\"wp-image-693\" srcset=\"https:\/\/apartment-monolith.com\/wp-content\/uploads\/2022\/08\/IMG_2586-1024x682.jpg 1024w, https:\/\/apartment-monolith.com\/wp-content\/uploads\/2022\/08\/IMG_2586-300x200.jpg 300w, https:\/\/apartment-monolith.com\/wp-content\/uploads\/2022\/08\/IMG_2586-768x512.jpg 768w, https:\/\/apartment-monolith.com\/wp-content\/uploads\/2022\/08\/IMG_2586-1536x1024.jpg 1536w, https:\/\/apartment-monolith.com\/wp-content\/uploads\/2022\/08\/IMG_2586-360x240.jpg 360w, https:\/\/apartment-monolith.com\/wp-content\/uploads\/2022\/08\/IMG_2586.jpg 2000w\" sizes=\"(max-width: 1024px) 100vw, 1024px\" \/><\/a><\/figure>\n<\/figure>\n\n\n\n<p>Ideal f\u00fcr Paare und kleine Familien &#8211; &nbsp;und f\u00fcr alle, die eine entspannende Auszeit inmitten\ndes Schwarzwaldes verbringen m\u00f6chten. Im Apartment Monolith wohnt ihr auf 50\nm\u00b2, mit einer rundum luxuri\u00f6sen Ausstattung im charmanten Schwarzwald-Stil. In\ndiesem unverwechselbaren, stylischen Interieur wird die \u00dcbernachtung zum\nErlebnis!<\/p>\n\n\n\n<p>Der 2020 neu gebaute Monolith verdank seinen Namen einer massiven Bauweise, klaren Konturen und der umlaufenen Holzfassade. Die sibirische L\u00e4rche ist nicht gestrichen und wird mit den Jahren vergrauen und das Antlitz eines gewachsenen Monolithen wiederspiegeln. Dem Architekten war dabei die Nachhaltigkeit von nachwachsenden Ressourcen wichtig. Gestrichenes Holz bedeutet in einigen Jahren viel Sonderm\u00fcll. Aber nicht beim Monolithen! Perfekt um unsere Umwelt zu sch\u00e4tzen und zu erhalten.<\/p>\n\n\n\n<figure class=\"wp-block-gallery has-nested-images columns-default is-cropped wp-block-gallery-2 is-layout-flex wp-block-gallery-is-layout-flex\">\n<figure class=\"wp-block-image size-large\"><img loading=\"lazy\" decoding=\"async\" width=\"1024\" height=\"683\" data-id=\"697\" src=\"https:\/\/apartment-monolith.com\/wp-content\/uploads\/2022\/08\/IMG_2658-1024x683.jpg\" alt=\"\" class=\"wp-image-697\" srcset=\"https:\/\/apartment-monolith.com\/wp-content\/uploads\/2022\/08\/IMG_2658-1024x683.jpg 1024w, https:\/\/apartment-monolith.com\/wp-content\/uploads\/2022\/08\/IMG_2658-300x200.jpg 300w, https:\/\/apartment-monolith.com\/wp-content\/uploads\/2022\/08\/IMG_2658-768x512.jpg 768w, https:\/\/apartment-monolith.com\/wp-content\/uploads\/2022\/08\/IMG_2658-1536x1024.jpg 1536w, https:\/\/apartment-monolith.com\/wp-content\/uploads\/2022\/08\/IMG_2658-2048x1365.jpg 2048w, https:\/\/apartment-monolith.com\/wp-content\/uploads\/2022\/08\/IMG_2658-360x240.jpg 360w\" sizes=\"(max-width: 1024px) 100vw, 1024px\" \/><\/figure>\n\n\n\n<figure class=\"wp-block-image size-large\"><img loading=\"lazy\" decoding=\"async\" width=\"1024\" height=\"683\" data-id=\"698\" src=\"https:\/\/apartment-monolith.com\/wp-content\/uploads\/2022\/08\/IMG_2662-1024x683.jpg\" alt=\"\" class=\"wp-image-698\" srcset=\"https:\/\/apartment-monolith.com\/wp-content\/uploads\/2022\/08\/IMG_2662-1024x683.jpg 1024w, https:\/\/apartment-monolith.com\/wp-content\/uploads\/2022\/08\/IMG_2662-300x200.jpg 300w, https:\/\/apartment-monolith.com\/wp-content\/uploads\/2022\/08\/IMG_2662-768x512.jpg 768w, https:\/\/apartment-monolith.com\/wp-content\/uploads\/2022\/08\/IMG_2662-1536x1024.jpg 1536w, https:\/\/apartment-monolith.com\/wp-content\/uploads\/2022\/08\/IMG_2662-2048x1365.jpg 2048w, https:\/\/apartment-monolith.com\/wp-content\/uploads\/2022\/08\/IMG_2662-360x240.jpg 360w\" sizes=\"(max-width: 1024px) 100vw, 1024px\" \/><\/figure>\n\n\n\n<figure class=\"wp-block-image size-large\"><img loading=\"lazy\" decoding=\"async\" width=\"1024\" height=\"683\" data-id=\"699\" src=\"https:\/\/apartment-monolith.com\/wp-content\/uploads\/2022\/08\/IMG_2656-1024x683.jpg\" alt=\"\" class=\"wp-image-699\" srcset=\"https:\/\/apartment-monolith.com\/wp-content\/uploads\/2022\/08\/IMG_2656-1024x683.jpg 1024w, https:\/\/apartment-monolith.com\/wp-content\/uploads\/2022\/08\/IMG_2656-300x200.jpg 300w, https:\/\/apartment-monolith.com\/wp-content\/uploads\/2022\/08\/IMG_2656-768x512.jpg 768w, https:\/\/apartment-monolith.com\/wp-content\/uploads\/2022\/08\/IMG_2656-1536x1024.jpg 1536w, https:\/\/apartment-monolith.com\/wp-content\/uploads\/2022\/08\/IMG_2656-2048x1365.jpg 2048w, https:\/\/apartment-monolith.com\/wp-content\/uploads\/2022\/08\/IMG_2656-360x240.jpg 360w\" sizes=\"(max-width: 1024px) 100vw, 1024px\" \/><\/figure>\n\n\n\n<figure class=\"wp-block-image size-large\"><img loading=\"lazy\" decoding=\"async\" width=\"1024\" height=\"683\" data-id=\"700\" src=\"https:\/\/apartment-monolith.com\/wp-content\/uploads\/2022\/08\/IMG_2671-1024x683.jpg\" alt=\"\" class=\"wp-image-700\" srcset=\"https:\/\/apartment-monolith.com\/wp-content\/uploads\/2022\/08\/IMG_2671-1024x683.jpg 1024w, https:\/\/apartment-monolith.com\/wp-content\/uploads\/2022\/08\/IMG_2671-300x200.jpg 300w, https:\/\/apartment-monolith.com\/wp-content\/uploads\/2022\/08\/IMG_2671-768x512.jpg 768w, https:\/\/apartment-monolith.com\/wp-content\/uploads\/2022\/08\/IMG_2671-1536x1024.jpg 1536w, https:\/\/apartment-monolith.com\/wp-content\/uploads\/2022\/08\/IMG_2671-2048x1365.jpg 2048w, https:\/\/apartment-monolith.com\/wp-content\/uploads\/2022\/08\/IMG_2671-360x240.jpg 360w\" sizes=\"(max-width: 1024px) 100vw, 1024px\" \/><\/figure>\n\n\n\n<figure class=\"wp-block-image size-large\"><img loading=\"lazy\" decoding=\"async\" width=\"1024\" height=\"683\" data-id=\"701\" src=\"https:\/\/apartment-monolith.com\/wp-content\/uploads\/2022\/08\/IMG_2681-1024x683.jpg\" alt=\"\" class=\"wp-image-701\" srcset=\"https:\/\/apartment-monolith.com\/wp-content\/uploads\/2022\/08\/IMG_2681-1024x683.jpg 1024w, https:\/\/apartment-monolith.com\/wp-content\/uploads\/2022\/08\/IMG_2681-300x200.jpg 300w, https:\/\/apartment-monolith.com\/wp-content\/uploads\/2022\/08\/IMG_2681-768x512.jpg 768w, https:\/\/apartment-monolith.com\/wp-content\/uploads\/2022\/08\/IMG_2681-1536x1024.jpg 1536w, https:\/\/apartment-monolith.com\/wp-content\/uploads\/2022\/08\/IMG_2681-2048x1365.jpg 2048w, https:\/\/apartment-monolith.com\/wp-content\/uploads\/2022\/08\/IMG_2681-360x240.jpg 360w\" sizes=\"(max-width: 1024px) 100vw, 1024px\" \/><\/figure>\n<\/figure>\n\n\n\n<div style=\"height:100px\" aria-hidden=\"true\" class=\"wp-block-spacer\"><\/div>\n\n\n\n<p>Weiterf\u00fchrende Infos zum Apartment Monolith finden Sie hier:<\/p>\n\n\n\n<div data-wp-interactive=\"\" class=\"wp-block-file\"><object data-wp-bind--hidden=\"!selectors.core.file.hasPdfPreview\" hidden class=\"wp-block-file__embed\" data=\"https:\/\/apartment-monolith.com\/wp-content\/uploads\/2023\/07\/Gaestemappe.pdf\" type=\"application\/pdf\" style=\"width:100%;height:600px\" aria-label=\"\u5d4c\u5165 Einbettung von Gaestemappe.\"><\/object><a id=\"wp-block-file--media-bd740d53-cd45-46a5-8118-dce4ba46f99d\" href=\"https:\/\/apartment-monolith.com\/wp-content\/uploads\/2023\/07\/Gaestemappe.pdf\">Gaestemappe<\/a><a href=\"https:\/\/apartment-monolith.com\/wp-content\/uploads\/2023\/07\/Gaestemappe.pdf\" class=\"wp-block-file__button\" download aria-describedby=\"wp-block-file--media-bd740d53-cd45-46a5-8118-dce4ba46f99d\">Herunterladen<\/a><\/div>\n\n\n\n<div style=\"height:100px\" aria-hidden=\"true\" class=\"wp-block-spacer\"><\/div>\n\n\n\n<p>Grundriss<\/p>\n\n\n<div class=\"wp-block-image\">\n<figure class=\"aligncenter size-large\"><img loading=\"lazy\" decoding=\"async\" width=\"628\" height=\"1024\" src=\"https:\/\/apartment-monolith.com\/wp-content\/uploads\/2023\/07\/Grundriss_Monolith-628x1024.jpg\" alt=\"\" class=\"wp-image-729\" srcset=\"https:\/\/apartment-monolith.com\/wp-content\/uploads\/2023\/07\/Grundriss_Monolith-628x1024.jpg 628w, https:\/\/apartment-monolith.com\/wp-content\/uploads\/2023\/07\/Grundriss_Monolith-184x300.jpg 184w, https:\/\/apartment-monolith.com\/wp-content\/uploads\/2023\/07\/Grundriss_Monolith-768x1252.jpg 768w, https:\/\/apartment-monolith.com\/wp-content\/uploads\/2023\/07\/Grundriss_Monolith-942x1536.jpg 942w, https:\/\/apartment-monolith.com\/wp-content\/uploads\/2023\/07\/Grundriss_Monolith-1256x2048.jpg 1256w, https:\/\/apartment-monolith.com\/wp-content\/uploads\/2023\/07\/Grundriss_Monolith-scaled.jpg 1570w\" sizes=\"(max-width: 628px) 100vw, 628px\" \/><\/figure><\/div>","protected":false},"excerpt":{"rendered":"<p>Stylischer Luxus am Waldrand \u2013 Apartment Monolith  [&hellip;]<\/p>\n","protected":false},"author":1,"featured_media":0,"parent":0,"menu_order":0,"comment_status":"closed","ping_status":"closed","template":"","meta":{"footnotes":""},"translation":{"provider":"WPGlobus","version":"2.12.2","language":"zh","enabled_languages":["de","en","fr","zh"],"languages":{"de":{"title":true,"content":true,"excerpt":false},"en":{"title":true,"content":true,"excerpt":false},"fr":{"title":true,"content":true,"excerpt":false},"zh":{"title":false,"content":false,"excerpt":false}}},"yoast_head":"<!-- This site is optimized with the Yoast SEO plugin v21.9.1 - https:\/\/yoast.com\/wordpress\/plugins\/seo\/ -->\n<title>- Apartment Monolith Black Forest<\/title>\n<meta name=\"robots\" content=\"index, follow, max-snippet:-1, max-image-preview:large, max-video-preview:-1\" \/>\n<link rel=\"canonical\" href=\"https:\/\/apartment-monolith.com\/der-monolith\/\" \/>\n<meta property=\"og:locale\" content=\"zh_CN\" \/>\n<meta property=\"og:type\" content=\"article\" \/>\n<meta property=\"og:title\" content=\"- Apartment Monolith Black Forest\" \/>\n<meta property=\"og:url\" content=\"https:\/\/apartment-monolith.com\/der-monolith\/\" \/>\n<meta property=\"og:site_name\" content=\"Apartment Monolith Black Forest\" \/>\n<meta property=\"article:publisher\" content=\"https:\/\/www.facebook.com\/apartmentmonolith\/\" \/>\n<meta property=\"article:modified_time\" content=\"2023-07-24T20:25:59+00:00\" \/>\n<meta property=\"og:image\" content=\"https:\/\/apartment-monolith.com\/wp-content\/uploads\/2022\/08\/hauptfoto-1024x682.jpg\" \/>\n<meta name=\"twitter:card\" content=\"summary_large_image\" \/>\n<meta name=\"twitter:label1\" content=\"\u9884\u8ba1\u9605\u8bfb\u65f6\u95f4\" \/>\n\t<meta name=\"twitter:data1\" content=\"3 \u5206\" \/>\n<script type=\"application\/ld+json\" class=\"yoast-schema-graph\">{\"@context\":\"https:\/\/schema.org\",\"@graph\":[{\"@type\":\"WebPage\",\"@id\":\"https:\/\/apartment-monolith.com\/der-monolith\/\",\"url\":\"https:\/\/apartment-monolith.com\/der-monolith\/\",\"name\":\"- Apartment Monolith Black Forest\",\"isPartOf\":{\"@id\":\"http:\/\/apartment-monolith.com\/#website\"},\"datePublished\":\"2018-05-08T09:15:35+00:00\",\"dateModified\":\"2023-07-24T20:25:59+00:00\",\"breadcrumb\":{\"@id\":\"https:\/\/apartment-monolith.com\/der-monolith\/#breadcrumb\"},\"inLanguage\":\"zh-Hans\",\"potentialAction\":[{\"@type\":\"ReadAction\",\"target\":[\"https:\/\/apartment-monolith.com\/der-monolith\/\"]}]},{\"@type\":\"BreadcrumbList\",\"@id\":\"https:\/\/apartment-monolith.com\/der-monolith\/#breadcrumb\",\"itemListElement\":[{\"@type\":\"ListItem\",\"position\":1,\"name\":\"Home\",\"item\":\"http:\/\/apartment-monolith.com\/\"},{\"@type\":\"ListItem\",\"position\":2,\"name\":\"Der Monolith\"}]},{\"@type\":\"WebSite\",\"@id\":\"http:\/\/apartment-monolith.com\/#website\",\"url\":\"http:\/\/apartment-monolith.com\/\",\"name\":\"Apartment Monolith - Black Forest\",\"description\":\"\",\"publisher\":{\"@id\":\"http:\/\/apartment-monolith.com\/#organization\"},\"potentialAction\":[{\"@type\":\"SearchAction\",\"target\":{\"@type\":\"EntryPoint\",\"urlTemplate\":\"http:\/\/apartment-monolith.com\/?s={search_term_string}\"},\"query-input\":\"required name=search_term_string\"}],\"inLanguage\":\"zh-Hans\"},{\"@type\":\"Organization\",\"@id\":\"http:\/\/apartment-monolith.com\/#organization\",\"name\":\"Apartment Monolith - Black Forest\",\"url\":\"http:\/\/apartment-monolith.com\/\",\"logo\":{\"@type\":\"ImageObject\",\"inLanguage\":\"zh-Hans\",\"@id\":\"http:\/\/apartment-monolith.com\/#\/schema\/logo\/image\/\",\"url\":\"https:\/\/apartment-monolith.com\/wp-content\/uploads\/2020\/04\/cropped-logo-monolith-Bearbeitet.png\",\"contentUrl\":\"https:\/\/apartment-monolith.com\/wp-content\/uploads\/2020\/04\/cropped-logo-monolith-Bearbeitet.png\",\"width\":778,\"height\":458,\"caption\":\"Apartment Monolith - Black Forest\"},\"image\":{\"@id\":\"http:\/\/apartment-monolith.com\/#\/schema\/logo\/image\/\"},\"sameAs\":[\"https:\/\/www.facebook.com\/apartmentmonolith\/\"]}]}<\/script>\n<!-- \/ Yoast SEO plugin. -->","yoast_head_json":{"title":"- Apartment Monolith Black Forest","robots":{"index":"index","follow":"follow","max-snippet":"max-snippet:-1","max-image-preview":"max-image-preview:large","max-video-preview":"max-video-preview:-1"},"canonical":"https:\/\/apartment-monolith.com\/der-monolith\/","og_locale":"zh_CN","og_type":"article","og_title":"- Apartment Monolith Black Forest","og_url":"https:\/\/apartment-monolith.com\/der-monolith\/","og_site_name":"Apartment Monolith Black Forest","article_publisher":"https:\/\/www.facebook.com\/apartmentmonolith\/","article_modified_time":"2023-07-24T20:25:59+00:00","og_image":[{"url":"https:\/\/apartment-monolith.com\/wp-content\/uploads\/2022\/08\/hauptfoto-1024x682.jpg"}],"twitter_card":"summary_large_image","twitter_misc":{"\u9884\u8ba1\u9605\u8bfb\u65f6\u95f4":"3 \u5206"},"schema":{"@context":"https:\/\/schema.org","@graph":[{"@type":"WebPage","@id":"https:\/\/apartment-monolith.com\/der-monolith\/","url":"https:\/\/apartment-monolith.com\/der-monolith\/","name":"- Apartment Monolith Black Forest","isPartOf":{"@id":"http:\/\/apartment-monolith.com\/#website"},"datePublished":"2018-05-08T09:15:35+00:00","dateModified":"2023-07-24T20:25:59+00:00","breadcrumb":{"@id":"https:\/\/apartment-monolith.com\/der-monolith\/#breadcrumb"},"inLanguage":"zh-Hans","potentialAction":[{"@type":"ReadAction","target":["https:\/\/apartment-monolith.com\/der-monolith\/"]}]},{"@type":"BreadcrumbList","@id":"https:\/\/apartment-monolith.com\/der-monolith\/#breadcrumb","itemListElement":[{"@type":"ListItem","position":1,"name":"Home","item":"http:\/\/apartment-monolith.com\/"},{"@type":"ListItem","position":2,"name":"Der Monolith"}]},{"@type":"WebSite","@id":"http:\/\/apartment-monolith.com\/#website","url":"http:\/\/apartment-monolith.com\/","name":"Apartment Monolith - Black Forest","description":"","publisher":{"@id":"http:\/\/apartment-monolith.com\/#organization"},"potentialAction":[{"@type":"SearchAction","target":{"@type":"EntryPoint","urlTemplate":"http:\/\/apartment-monolith.com\/?s={search_term_string}"},"query-input":"required name=search_term_string"}],"inLanguage":"zh-Hans"},{"@type":"Organization","@id":"http:\/\/apartment-monolith.com\/#organization","name":"Apartment Monolith - Black Forest","url":"http:\/\/apartment-monolith.com\/","logo":{"@type":"ImageObject","inLanguage":"zh-Hans","@id":"http:\/\/apartment-monolith.com\/#\/schema\/logo\/image\/","url":"https:\/\/apartment-monolith.com\/wp-content\/uploads\/2020\/04\/cropped-logo-monolith-Bearbeitet.png","contentUrl":"https:\/\/apartment-monolith.com\/wp-content\/uploads\/2020\/04\/cropped-logo-monolith-Bearbeitet.png","width":778,"height":458,"caption":"Apartment Monolith - Black Forest"},"image":{"@id":"http:\/\/apartment-monolith.com\/#\/schema\/logo\/image\/"},"sameAs":["https:\/\/www.facebook.com\/apartmentmonolith\/"]}]}},"_links":{"self":[{"href":"https:\/\/apartment-monolith.com\/zh\/wp-json\/wp\/v2\/pages\/9"}],"collection":[{"href":"https:\/\/apartment-monolith.com\/zh\/wp-json\/wp\/v2\/pages"}],"about":[{"href":"https:\/\/apartment-monolith.com\/zh\/wp-json\/wp\/v2\/types\/page"}],"author":[{"embeddable":true,"href":"https:\/\/apartment-monolith.com\/zh\/wp-json\/wp\/v2\/users\/1"}],"replies":[{"embeddable":true,"href":"https:\/\/apartment-monolith.com\/zh\/wp-json\/wp\/v2\/comments?post=9"}],"version-history":[{"count":27,"href":"https:\/\/apartment-monolith.com\/zh\/wp-json\/wp\/v2\/pages\/9\/revisions"}],"predecessor-version":[{"id":730,"href":"https:\/\/apartment-monolith.com\/zh\/wp-json\/wp\/v2\/pages\/9\/revisions\/730"}],"wp:attachment":[{"href":"https:\/\/apartment-monolith.com\/zh\/wp-json\/wp\/v2\/media?parent=9"}],"curies":[{"name":"wp","href":"https:\/\/api.w.org\/{rel}","templated":true}]}}