{"id":367,"date":"2020-06-02T14:14:09","date_gmt":"2020-06-02T14:14:09","guid":{"rendered":"http:\/\/apartment-monolith.com\/?page_id=367"},"modified":"2020-06-17T08:52:24","modified_gmt":"2020-06-17T08:52:24","slug":"garten-draussen","status":"publish","type":"page","link":"https:\/\/apartment-monolith.com\/zh\/garten-draussen\/","title":{"rendered":"Garten \/ Drau\u00dfen"},"content":{"rendered":"\n<p>Zum Apartment Monolith geh\u00f6rt ein gro\u00dfz\u00fcgiger Gartenabteil mit sch\u00f6ner, neuer Gartenlounge. Ein lauer Sommerabend im Schwarzwald l\u00e4dt ein zum Entspannen. Perfekt zum Grillen, Sonne tanken, und die Ruhe am Waldrand zu genie\u00dfen. <\/p>\n\n\n\n<figure class=\"wp-block-gallery columns-3 is-cropped wp-block-gallery-1 is-layout-flex wp-block-gallery-is-layout-flex\"><ul class=\"blocks-gallery-grid\"><li class=\"blocks-gallery-item\"><figure><img loading=\"lazy\" decoding=\"async\" width=\"1024\" height=\"682\" src=\"http:\/\/apartment-monolith.com\/wp-content\/uploads\/2020\/06\/IMG_2520-1024x682.jpg\" alt=\"\" data-id=\"368\" data-full-url=\"http:\/\/apartment-monolith.com\/wp-content\/uploads\/2020\/06\/IMG_2520.jpg\" data-link=\"http:\/\/apartment-monolith.com\/?attachment_id=368\" class=\"wp-image-368\" srcset=\"https:\/\/apartment-monolith.com\/wp-content\/uploads\/2020\/06\/IMG_2520-1024x682.jpg 1024w, https:\/\/apartment-monolith.com\/wp-content\/uploads\/2020\/06\/IMG_2520-300x200.jpg 300w, https:\/\/apartment-monolith.com\/wp-content\/uploads\/2020\/06\/IMG_2520-768x512.jpg 768w, https:\/\/apartment-monolith.com\/wp-content\/uploads\/2020\/06\/IMG_2520-1536x1024.jpg 1536w, https:\/\/apartment-monolith.com\/wp-content\/uploads\/2020\/06\/IMG_2520-360x240.jpg 360w, https:\/\/apartment-monolith.com\/wp-content\/uploads\/2020\/06\/IMG_2520.jpg 2000w\" sizes=\"(max-width: 1024px) 100vw, 1024px\" \/><\/figure><\/li><li class=\"blocks-gallery-item\"><figure><img loading=\"lazy\" decoding=\"async\" width=\"1024\" height=\"682\" src=\"http:\/\/apartment-monolith.com\/wp-content\/uploads\/2020\/06\/IMG_2522-1024x682.jpg\" alt=\"\" data-id=\"369\" data-full-url=\"http:\/\/apartment-monolith.com\/wp-content\/uploads\/2020\/06\/IMG_2522.jpg\" data-link=\"http:\/\/apartment-monolith.com\/?attachment_id=369\" class=\"wp-image-369\" srcset=\"https:\/\/apartment-monolith.com\/wp-content\/uploads\/2020\/06\/IMG_2522-1024x682.jpg 1024w, https:\/\/apartment-monolith.com\/wp-content\/uploads\/2020\/06\/IMG_2522-300x200.jpg 300w, https:\/\/apartment-monolith.com\/wp-content\/uploads\/2020\/06\/IMG_2522-768x512.jpg 768w, https:\/\/apartment-monolith.com\/wp-content\/uploads\/2020\/06\/IMG_2522-1536x1024.jpg 1536w, https:\/\/apartment-monolith.com\/wp-content\/uploads\/2020\/06\/IMG_2522-360x240.jpg 360w, https:\/\/apartment-monolith.com\/wp-content\/uploads\/2020\/06\/IMG_2522.jpg 2000w\" sizes=\"(max-width: 1024px) 100vw, 1024px\" \/><\/figure><\/li><li class=\"blocks-gallery-item\"><figure><img loading=\"lazy\" decoding=\"async\" width=\"1024\" height=\"682\" src=\"http:\/\/apartment-monolith.com\/wp-content\/uploads\/2020\/06\/IMG_2525-1024x682.jpg\" alt=\"\" data-id=\"370\" data-full-url=\"http:\/\/apartment-monolith.com\/wp-content\/uploads\/2020\/06\/IMG_2525.jpg\" data-link=\"http:\/\/apartment-monolith.com\/?attachment_id=370\" class=\"wp-image-370\" srcset=\"https:\/\/apartment-monolith.com\/wp-content\/uploads\/2020\/06\/IMG_2525-1024x682.jpg 1024w, https:\/\/apartment-monolith.com\/wp-content\/uploads\/2020\/06\/IMG_2525-300x200.jpg 300w, https:\/\/apartment-monolith.com\/wp-content\/uploads\/2020\/06\/IMG_2525-768x512.jpg 768w, https:\/\/apartment-monolith.com\/wp-content\/uploads\/2020\/06\/IMG_2525-1536x1024.jpg 1536w, https:\/\/apartment-monolith.com\/wp-content\/uploads\/2020\/06\/IMG_2525-360x240.jpg 360w, https:\/\/apartment-monolith.com\/wp-content\/uploads\/2020\/06\/IMG_2525.jpg 2000w\" sizes=\"(max-width: 1024px) 100vw, 1024px\" \/><\/figure><\/li><li class=\"blocks-gallery-item\"><figure><img loading=\"lazy\" decoding=\"async\" width=\"1024\" height=\"682\" src=\"http:\/\/apartment-monolith.com\/wp-content\/uploads\/2020\/06\/IMG_2527-1024x682.jpg\" alt=\"\" data-id=\"371\" data-full-url=\"http:\/\/apartment-monolith.com\/wp-content\/uploads\/2020\/06\/IMG_2527.jpg\" data-link=\"http:\/\/apartment-monolith.com\/?attachment_id=371\" class=\"wp-image-371\" srcset=\"https:\/\/apartment-monolith.com\/wp-content\/uploads\/2020\/06\/IMG_2527-1024x682.jpg 1024w, https:\/\/apartment-monolith.com\/wp-content\/uploads\/2020\/06\/IMG_2527-300x200.jpg 300w, https:\/\/apartment-monolith.com\/wp-content\/uploads\/2020\/06\/IMG_2527-768x512.jpg 768w, https:\/\/apartment-monolith.com\/wp-content\/uploads\/2020\/06\/IMG_2527-1536x1024.jpg 1536w, https:\/\/apartment-monolith.com\/wp-content\/uploads\/2020\/06\/IMG_2527-360x240.jpg 360w, https:\/\/apartment-monolith.com\/wp-content\/uploads\/2020\/06\/IMG_2527.jpg 2000w\" sizes=\"(max-width: 1024px) 100vw, 1024px\" \/><\/figure><\/li><li class=\"blocks-gallery-item\"><figure><img loading=\"lazy\" decoding=\"async\" width=\"1024\" height=\"682\" src=\"http:\/\/apartment-monolith.com\/wp-content\/uploads\/2020\/06\/IMG_2531-1024x682.jpg\" alt=\"\" data-id=\"372\" data-full-url=\"http:\/\/apartment-monolith.com\/wp-content\/uploads\/2020\/06\/IMG_2531.jpg\" data-link=\"http:\/\/apartment-monolith.com\/?attachment_id=372\" class=\"wp-image-372\" srcset=\"https:\/\/apartment-monolith.com\/wp-content\/uploads\/2020\/06\/IMG_2531-1024x682.jpg 1024w, https:\/\/apartment-monolith.com\/wp-content\/uploads\/2020\/06\/IMG_2531-300x200.jpg 300w, https:\/\/apartment-monolith.com\/wp-content\/uploads\/2020\/06\/IMG_2531-768x512.jpg 768w, https:\/\/apartment-monolith.com\/wp-content\/uploads\/2020\/06\/IMG_2531-1536x1024.jpg 1536w, https:\/\/apartment-monolith.com\/wp-content\/uploads\/2020\/06\/IMG_2531-360x240.jpg 360w, https:\/\/apartment-monolith.com\/wp-content\/uploads\/2020\/06\/IMG_2531.jpg 2000w\" sizes=\"(max-width: 1024px) 100vw, 1024px\" \/><\/figure><\/li><li class=\"blocks-gallery-item\"><figure><img loading=\"lazy\" decoding=\"async\" width=\"1024\" height=\"682\" src=\"http:\/\/apartment-monolith.com\/wp-content\/uploads\/2020\/06\/IMG_2535-1024x682.jpg\" alt=\"\" data-id=\"373\" data-full-url=\"http:\/\/apartment-monolith.com\/wp-content\/uploads\/2020\/06\/IMG_2535.jpg\" data-link=\"http:\/\/apartment-monolith.com\/?attachment_id=373\" class=\"wp-image-373\" srcset=\"https:\/\/apartment-monolith.com\/wp-content\/uploads\/2020\/06\/IMG_2535-1024x682.jpg 1024w, https:\/\/apartment-monolith.com\/wp-content\/uploads\/2020\/06\/IMG_2535-300x200.jpg 300w, https:\/\/apartment-monolith.com\/wp-content\/uploads\/2020\/06\/IMG_2535-768x512.jpg 768w, https:\/\/apartment-monolith.com\/wp-content\/uploads\/2020\/06\/IMG_2535-1536x1024.jpg 1536w, https:\/\/apartment-monolith.com\/wp-content\/uploads\/2020\/06\/IMG_2535-360x240.jpg 360w, https:\/\/apartment-monolith.com\/wp-content\/uploads\/2020\/06\/IMG_2535.jpg 2000w\" sizes=\"(max-width: 1024px) 100vw, 1024px\" \/><\/figure><\/li><li class=\"blocks-gallery-item\"><figure><img loading=\"lazy\" decoding=\"async\" width=\"1024\" height=\"682\" src=\"http:\/\/apartment-monolith.com\/wp-content\/uploads\/2020\/06\/IMG_2540-1024x682.jpg\" alt=\"\" data-id=\"374\" data-full-url=\"http:\/\/apartment-monolith.com\/wp-content\/uploads\/2020\/06\/IMG_2540.jpg\" data-link=\"http:\/\/apartment-monolith.com\/?attachment_id=374\" class=\"wp-image-374\" srcset=\"https:\/\/apartment-monolith.com\/wp-content\/uploads\/2020\/06\/IMG_2540-1024x682.jpg 1024w, https:\/\/apartment-monolith.com\/wp-content\/uploads\/2020\/06\/IMG_2540-300x200.jpg 300w, https:\/\/apartment-monolith.com\/wp-content\/uploads\/2020\/06\/IMG_2540-768x512.jpg 768w, https:\/\/apartment-monolith.com\/wp-content\/uploads\/2020\/06\/IMG_2540-1536x1024.jpg 1536w, https:\/\/apartment-monolith.com\/wp-content\/uploads\/2020\/06\/IMG_2540-360x240.jpg 360w, https:\/\/apartment-monolith.com\/wp-content\/uploads\/2020\/06\/IMG_2540.jpg 2000w\" sizes=\"(max-width: 1024px) 100vw, 1024px\" \/><\/figure><\/li><\/ul><\/figure>\n\n\n\n<p>Auf der gegen\u00fcberliegenden Stra\u00dfenseite befindet sich ein kleiner Spielplatz. Hier d\u00fcrfen sich Kinder in unmittelbarer N\u00e4he Vergn\u00fcgen.<\/p>\n\n\n\n<figure class=\"wp-block-image size-large\"><img loading=\"lazy\" decoding=\"async\" width=\"1024\" height=\"682\" src=\"http:\/\/apartment-monolith.com\/wp-content\/uploads\/2020\/06\/IMG_2563-2-1024x682.jpg\" alt=\"\" class=\"wp-image-379\" srcset=\"https:\/\/apartment-monolith.com\/wp-content\/uploads\/2020\/06\/IMG_2563-2-1024x682.jpg 1024w, https:\/\/apartment-monolith.com\/wp-content\/uploads\/2020\/06\/IMG_2563-2-300x200.jpg 300w, https:\/\/apartment-monolith.com\/wp-content\/uploads\/2020\/06\/IMG_2563-2-768x512.jpg 768w, https:\/\/apartment-monolith.com\/wp-content\/uploads\/2020\/06\/IMG_2563-2-1536x1024.jpg 1536w, https:\/\/apartment-monolith.com\/wp-content\/uploads\/2020\/06\/IMG_2563-2-360x240.jpg 360w, https:\/\/apartment-monolith.com\/wp-content\/uploads\/2020\/06\/IMG_2563-2.jpg 2000w\" sizes=\"(max-width: 1024px) 100vw, 1024px\" \/><\/figure>\n\n\n\n<div style=\"height:100px\" aria-hidden=\"true\" class=\"wp-block-spacer\"><\/div>\n","protected":false},"excerpt":{"rendered":"<p>Zum Apartment Monolith geh\u00f6rt ein gro\u00dfz\u00fcgiger Gart [&hellip;]<\/p>\n","protected":false},"author":1,"featured_media":370,"parent":0,"menu_order":0,"comment_status":"closed","ping_status":"closed","template":"","meta":{"footnotes":""},"translation":{"provider":"WPGlobus","version":"2.12.2","language":"zh","enabled_languages":["de","en","fr","zh"],"languages":{"de":{"title":true,"content":true,"excerpt":false},"en":{"title":true,"content":true,"excerpt":false},"fr":{"title":true,"content":true,"excerpt":false},"zh":{"title":false,"content":false,"excerpt":false}}},"yoast_head":"<!-- This site is optimized with the Yoast SEO plugin v21.9.1 - https:\/\/yoast.com\/wordpress\/plugins\/seo\/ -->\n<title>- Apartment Monolith Black Forest<\/title>\n<meta name=\"robots\" content=\"index, follow, max-snippet:-1, max-image-preview:large, max-video-preview:-1\" \/>\n<link rel=\"canonical\" href=\"http:\/\/apartment-monolith.com\/en\/garten-draussen\/\" \/>\n<meta property=\"og:locale\" content=\"zh_CN\" \/>\n<meta property=\"og:type\" content=\"article\" \/>\n<meta property=\"og:title\" content=\"- Apartment Monolith Black Forest\" \/>\n<meta property=\"og:url\" content=\"http:\/\/apartment-monolith.com\/en\/garten-draussen\/\" \/>\n<meta property=\"og:site_name\" content=\"Apartment Monolith Black Forest\" \/>\n<meta property=\"article:publisher\" content=\"https:\/\/www.facebook.com\/apartmentmonolith\/\" \/>\n<meta property=\"article:modified_time\" content=\"2020-06-17T08:52:24+00:00\" \/>\n<meta property=\"og:image\" content=\"http:\/\/apartment-monolith.com\/wp-content\/uploads\/2020\/06\/IMG_2525.jpg\" \/>\n\t<meta property=\"og:image:width\" content=\"2000\" \/>\n\t<meta property=\"og:image:height\" content=\"1333\" \/>\n\t<meta property=\"og:image:type\" content=\"image\/jpeg\" \/>\n<meta name=\"twitter:card\" content=\"summary_large_image\" \/>\n<meta name=\"twitter:label1\" content=\"\u9884\u8ba1\u9605\u8bfb\u65f6\u95f4\" \/>\n\t<meta name=\"twitter:data1\" content=\"1 \u5206\" \/>\n<script type=\"application\/ld+json\" class=\"yoast-schema-graph\">{\"@context\":\"https:\/\/schema.org\",\"@graph\":[{\"@type\":\"WebPage\",\"@id\":\"http:\/\/apartment-monolith.com\/en\/garten-draussen\/\",\"url\":\"http:\/\/apartment-monolith.com\/en\/garten-draussen\/\",\"name\":\"- Apartment Monolith Black Forest\",\"isPartOf\":{\"@id\":\"https:\/\/apartment-monolith.com\/en\/#website\"},\"datePublished\":\"2020-06-02T14:14:09+00:00\",\"dateModified\":\"2020-06-17T08:52:24+00:00\",\"breadcrumb\":{\"@id\":\"http:\/\/apartment-monolith.com\/en\/garten-draussen\/#breadcrumb\"},\"inLanguage\":\"zh-Hans\",\"potentialAction\":[{\"@type\":\"ReadAction\",\"target\":[\"http:\/\/apartment-monolith.com\/en\/garten-draussen\/\"]}]},{\"@type\":\"BreadcrumbList\",\"@id\":\"http:\/\/apartment-monolith.com\/en\/garten-draussen\/#breadcrumb\",\"itemListElement\":[{\"@type\":\"ListItem\",\"position\":1,\"name\":\"Home\",\"item\":\"https:\/\/apartment-monolith.com\/en\/\"},{\"@type\":\"ListItem\",\"position\":2,\"name\":\"Garden \/ Outside\"}]},{\"@type\":\"WebSite\",\"@id\":\"https:\/\/apartment-monolith.com\/en\/#website\",\"url\":\"https:\/\/apartment-monolith.com\/en\/\",\"name\":\"Apartment Monolith - Black Forest\",\"description\":\"\",\"publisher\":{\"@id\":\"https:\/\/apartment-monolith.com\/en\/#organization\"},\"potentialAction\":[{\"@type\":\"SearchAction\",\"target\":{\"@type\":\"EntryPoint\",\"urlTemplate\":\"https:\/\/apartment-monolith.com\/en\/?s={search_term_string}\"},\"query-input\":\"required name=search_term_string\"}],\"inLanguage\":\"zh-Hans\"},{\"@type\":\"Organization\",\"@id\":\"https:\/\/apartment-monolith.com\/en\/#organization\",\"name\":\"Apartment Monolith - Black Forest\",\"url\":\"https:\/\/apartment-monolith.com\/en\/\",\"logo\":{\"@type\":\"ImageObject\",\"inLanguage\":\"zh-Hans\",\"@id\":\"https:\/\/apartment-monolith.com\/en\/#\/schema\/logo\/image\/\",\"url\":\"https:\/\/apartment-monolith.com\/wp-content\/uploads\/2020\/04\/cropped-logo-monolith-Bearbeitet.png\",\"contentUrl\":\"https:\/\/apartment-monolith.com\/wp-content\/uploads\/2020\/04\/cropped-logo-monolith-Bearbeitet.png\",\"width\":778,\"height\":458,\"caption\":\"Apartment Monolith - Black Forest\"},\"image\":{\"@id\":\"https:\/\/apartment-monolith.com\/en\/#\/schema\/logo\/image\/\"},\"sameAs\":[\"https:\/\/www.facebook.com\/apartmentmonolith\/\"]}]}<\/script>\n<!-- \/ Yoast SEO plugin. -->","yoast_head_json":{"title":"- Apartment Monolith Black Forest","robots":{"index":"index","follow":"follow","max-snippet":"max-snippet:-1","max-image-preview":"max-image-preview:large","max-video-preview":"max-video-preview:-1"},"canonical":"http:\/\/apartment-monolith.com\/en\/garten-draussen\/","og_locale":"zh_CN","og_type":"article","og_title":"- Apartment Monolith Black Forest","og_url":"http:\/\/apartment-monolith.com\/en\/garten-draussen\/","og_site_name":"Apartment Monolith Black Forest","article_publisher":"https:\/\/www.facebook.com\/apartmentmonolith\/","article_modified_time":"2020-06-17T08:52:24+00:00","og_image":[{"width":2000,"height":1333,"url":"http:\/\/apartment-monolith.com\/wp-content\/uploads\/2020\/06\/IMG_2525.jpg","type":"image\/jpeg"}],"twitter_card":"summary_large_image","twitter_misc":{"\u9884\u8ba1\u9605\u8bfb\u65f6\u95f4":"1 \u5206"},"schema":{"@context":"https:\/\/schema.org","@graph":[{"@type":"WebPage","@id":"http:\/\/apartment-monolith.com\/en\/garten-draussen\/","url":"http:\/\/apartment-monolith.com\/en\/garten-draussen\/","name":"- Apartment Monolith Black Forest","isPartOf":{"@id":"https:\/\/apartment-monolith.com\/en\/#website"},"datePublished":"2020-06-02T14:14:09+00:00","dateModified":"2020-06-17T08:52:24+00:00","breadcrumb":{"@id":"http:\/\/apartment-monolith.com\/en\/garten-draussen\/#breadcrumb"},"inLanguage":"zh-Hans","potentialAction":[{"@type":"ReadAction","target":["http:\/\/apartment-monolith.com\/en\/garten-draussen\/"]}]},{"@type":"BreadcrumbList","@id":"http:\/\/apartment-monolith.com\/en\/garten-draussen\/#breadcrumb","itemListElement":[{"@type":"ListItem","position":1,"name":"Home","item":"https:\/\/apartment-monolith.com\/en\/"},{"@type":"ListItem","position":2,"name":"Garden \/ Outside"}]},{"@type":"WebSite","@id":"https:\/\/apartment-monolith.com\/en\/#website","url":"https:\/\/apartment-monolith.com\/en\/","name":"Apartment Monolith - Black Forest","description":"","publisher":{"@id":"https:\/\/apartment-monolith.com\/en\/#organization"},"potentialAction":[{"@type":"SearchAction","target":{"@type":"EntryPoint","urlTemplate":"https:\/\/apartment-monolith.com\/en\/?s={search_term_string}"},"query-input":"required name=search_term_string"}],"inLanguage":"zh-Hans"},{"@type":"Organization","@id":"https:\/\/apartment-monolith.com\/en\/#organization","name":"Apartment Monolith - Black Forest","url":"https:\/\/apartment-monolith.com\/en\/","logo":{"@type":"ImageObject","inLanguage":"zh-Hans","@id":"https:\/\/apartment-monolith.com\/en\/#\/schema\/logo\/image\/","url":"https:\/\/apartment-monolith.com\/wp-content\/uploads\/2020\/04\/cropped-logo-monolith-Bearbeitet.png","contentUrl":"https:\/\/apartment-monolith.com\/wp-content\/uploads\/2020\/04\/cropped-logo-monolith-Bearbeitet.png","width":778,"height":458,"caption":"Apartment Monolith - Black Forest"},"image":{"@id":"https:\/\/apartment-monolith.com\/en\/#\/schema\/logo\/image\/"},"sameAs":["https:\/\/www.facebook.com\/apartmentmonolith\/"]}]}},"_links":{"self":[{"href":"https:\/\/apartment-monolith.com\/zh\/wp-json\/wp\/v2\/pages\/367"}],"collection":[{"href":"https:\/\/apartment-monolith.com\/zh\/wp-json\/wp\/v2\/pages"}],"about":[{"href":"https:\/\/apartment-monolith.com\/zh\/wp-json\/wp\/v2\/types\/page"}],"author":[{"embeddable":true,"href":"https:\/\/apartment-monolith.com\/zh\/wp-json\/wp\/v2\/users\/1"}],"replies":[{"embeddable":true,"href":"https:\/\/apartment-monolith.com\/zh\/wp-json\/wp\/v2\/comments?post=367"}],"version-history":[{"count":8,"href":"https:\/\/apartment-monolith.com\/zh\/wp-json\/wp\/v2\/pages\/367\/revisions"}],"predecessor-version":[{"id":463,"href":"https:\/\/apartment-monolith.com\/zh\/wp-json\/wp\/v2\/pages\/367\/revisions\/463"}],"wp:featuredmedia":[{"embeddable":true,"href":"https:\/\/apartment-monolith.com\/zh\/wp-json\/wp\/v2\/media\/370"}],"wp:attachment":[{"href":"https:\/\/apartment-monolith.com\/zh\/wp-json\/wp\/v2\/media?parent=367"}],"curies":[{"name":"wp","href":"https:\/\/api.w.org\/{rel}","templated":true}]}}