{"id":235,"date":"2020-02-14T11:49:58","date_gmt":"2020-02-14T11:49:58","guid":{"rendered":"http:\/\/apartment-monolith.com\/?page_id=235"},"modified":"2020-06-17T08:46:15","modified_gmt":"2020-06-17T08:46:15","slug":"barrierefreies-apartment","status":"publish","type":"page","link":"https:\/\/apartment-monolith.com\/zh\/barrierefreies-apartment\/","title":{"rendered":"Barrierefreies Apartment"},"content":{"rendered":"\n<p>Die neue Ferienwohnung wurde speziell f\u00fcr die Bed\u00fcrfnisse von k\u00f6rperlich eingeschr\u00e4nkten Menschen gestaltet. Das ebenerdige Apartment hat keine Stufen, alles ist mit einem Rollstuhl komfortabel zu erreichen: von der Stra\u00dfe bis in die Wohnung hinein. In der Wohnung gibt es keine herk\u00f6mmlichen Fl\u00fcgelt\u00fcren, sondern nur Schiebet\u00fcren. Dadurch wird jedem Besucher den Zugang zu den einzelnen R\u00e4umen erleichtert. Die Barrierefreiheit im Bad ist durch eine bodengleiche XXL-Dusche und einen unterfahrbaren Waschtisch ebenfalls gegeben.<\/p>\n\n\n\n<figure class=\"wp-block-gallery columns-2 is-cropped wp-block-gallery-1 is-layout-flex wp-block-gallery-is-layout-flex\"><ul class=\"blocks-gallery-grid\"><li class=\"blocks-gallery-item\"><figure><img loading=\"lazy\" decoding=\"async\" width=\"1024\" height=\"683\" src=\"http:\/\/apartment-monolith.com\/wp-content\/uploads\/2020\/02\/IMG_2247-1024x683.jpg\" alt=\"\" data-id=\"236\" data-full-url=\"http:\/\/apartment-monolith.com\/wp-content\/uploads\/2020\/02\/IMG_2247-scaled.jpg\" data-link=\"http:\/\/apartment-monolith.com\/barrierefreies-apartment\/img_2247\/\" class=\"wp-image-236\" srcset=\"https:\/\/apartment-monolith.com\/wp-content\/uploads\/2020\/02\/IMG_2247-1024x683.jpg 1024w, https:\/\/apartment-monolith.com\/wp-content\/uploads\/2020\/02\/IMG_2247-300x200.jpg 300w, https:\/\/apartment-monolith.com\/wp-content\/uploads\/2020\/02\/IMG_2247-768x512.jpg 768w, https:\/\/apartment-monolith.com\/wp-content\/uploads\/2020\/02\/IMG_2247-1536x1024.jpg 1536w, https:\/\/apartment-monolith.com\/wp-content\/uploads\/2020\/02\/IMG_2247-2048x1365.jpg 2048w, https:\/\/apartment-monolith.com\/wp-content\/uploads\/2020\/02\/IMG_2247-360x240.jpg 360w\" sizes=\"(max-width: 1024px) 100vw, 1024px\" \/><\/figure><\/li><li class=\"blocks-gallery-item\"><figure><img loading=\"lazy\" decoding=\"async\" width=\"1024\" height=\"683\" src=\"http:\/\/apartment-monolith.com\/wp-content\/uploads\/2020\/02\/IMG_2248-1-1024x683.jpg\" alt=\"\" data-id=\"243\" data-full-url=\"http:\/\/apartment-monolith.com\/wp-content\/uploads\/2020\/02\/IMG_2248-1-scaled.jpg\" data-link=\"http:\/\/apartment-monolith.com\/barrierefreies-apartment\/img_2248-1\/\" class=\"wp-image-243\" srcset=\"https:\/\/apartment-monolith.com\/wp-content\/uploads\/2020\/02\/IMG_2248-1-1024x683.jpg 1024w, https:\/\/apartment-monolith.com\/wp-content\/uploads\/2020\/02\/IMG_2248-1-300x200.jpg 300w, https:\/\/apartment-monolith.com\/wp-content\/uploads\/2020\/02\/IMG_2248-1-768x512.jpg 768w, https:\/\/apartment-monolith.com\/wp-content\/uploads\/2020\/02\/IMG_2248-1-1536x1024.jpg 1536w, https:\/\/apartment-monolith.com\/wp-content\/uploads\/2020\/02\/IMG_2248-1-2048x1365.jpg 2048w, https:\/\/apartment-monolith.com\/wp-content\/uploads\/2020\/02\/IMG_2248-1-360x240.jpg 360w\" sizes=\"(max-width: 1024px) 100vw, 1024px\" \/><\/figure><\/li><li class=\"blocks-gallery-item\"><figure><img loading=\"lazy\" decoding=\"async\" width=\"1024\" height=\"682\" src=\"http:\/\/apartment-monolith.com\/wp-content\/uploads\/2020\/06\/Eingang-1-1024x682.jpg\" alt=\"\" data-id=\"419\" data-full-url=\"http:\/\/apartment-monolith.com\/wp-content\/uploads\/2020\/06\/Eingang-1.jpg\" data-link=\"http:\/\/apartment-monolith.com\/der-monolith\/eingang-1\/\" class=\"wp-image-419\" srcset=\"https:\/\/apartment-monolith.com\/wp-content\/uploads\/2020\/06\/Eingang-1-1024x682.jpg 1024w, https:\/\/apartment-monolith.com\/wp-content\/uploads\/2020\/06\/Eingang-1-300x200.jpg 300w, https:\/\/apartment-monolith.com\/wp-content\/uploads\/2020\/06\/Eingang-1-768x512.jpg 768w, https:\/\/apartment-monolith.com\/wp-content\/uploads\/2020\/06\/Eingang-1-1536x1024.jpg 1536w, https:\/\/apartment-monolith.com\/wp-content\/uploads\/2020\/06\/Eingang-1-360x240.jpg 360w, https:\/\/apartment-monolith.com\/wp-content\/uploads\/2020\/06\/Eingang-1.jpg 2000w\" sizes=\"(max-width: 1024px) 100vw, 1024px\" \/><\/figure><\/li><\/ul><\/figure>\n\n\n\n<div style=\"height:100px\" aria-hidden=\"true\" class=\"wp-block-spacer\"><\/div>\n","protected":false},"excerpt":{"rendered":"<p>Die neue Ferienwohnung wurde speziell f\u00fcr die Bed\u00fc [&hellip;]<\/p>\n","protected":false},"author":1,"featured_media":0,"parent":0,"menu_order":0,"comment_status":"closed","ping_status":"closed","template":"","meta":{"footnotes":""},"translation":{"provider":"WPGlobus","version":"2.12.2","language":"zh","enabled_languages":["de","en","fr","zh"],"languages":{"de":{"title":true,"content":true,"excerpt":false},"en":{"title":true,"content":true,"excerpt":false},"fr":{"title":true,"content":true,"excerpt":false},"zh":{"title":false,"content":false,"excerpt":false}}},"yoast_head":"<!-- This site is optimized with the Yoast SEO plugin v21.9.1 - https:\/\/yoast.com\/wordpress\/plugins\/seo\/ -->\n<title>- Apartment Monolith Black Forest<\/title>\n<meta name=\"robots\" content=\"index, follow, max-snippet:-1, max-image-preview:large, max-video-preview:-1\" \/>\n<link rel=\"canonical\" href=\"https:\/\/apartment-monolith.com\/fr\/barrierefreies-apartment\/\" \/>\n<meta property=\"og:locale\" content=\"zh_CN\" \/>\n<meta property=\"og:type\" content=\"article\" \/>\n<meta property=\"og:title\" content=\"- Apartment Monolith Black Forest\" \/>\n<meta property=\"og:url\" content=\"https:\/\/apartment-monolith.com\/fr\/barrierefreies-apartment\/\" \/>\n<meta property=\"og:site_name\" content=\"Apartment Monolith Black Forest\" \/>\n<meta property=\"article:publisher\" content=\"https:\/\/www.facebook.com\/apartmentmonolith\/\" \/>\n<meta property=\"article:modified_time\" content=\"2020-06-17T08:46:15+00:00\" \/>\n<meta property=\"og:image\" content=\"http:\/\/apartment-monolith.com\/wp-content\/uploads\/2020\/02\/IMG_2247-1024x683.jpg\" \/>\n<meta name=\"twitter:card\" content=\"summary_large_image\" \/>\n<meta name=\"twitter:label1\" content=\"\u9884\u8ba1\u9605\u8bfb\u65f6\u95f4\" \/>\n\t<meta name=\"twitter:data1\" content=\"1 \u5206\" \/>\n<script type=\"application\/ld+json\" class=\"yoast-schema-graph\">{\"@context\":\"https:\/\/schema.org\",\"@graph\":[{\"@type\":\"WebPage\",\"@id\":\"https:\/\/apartment-monolith.com\/fr\/barrierefreies-apartment\/\",\"url\":\"https:\/\/apartment-monolith.com\/fr\/barrierefreies-apartment\/\",\"name\":\"- Apartment Monolith Black Forest\",\"isPartOf\":{\"@id\":\"https:\/\/apartment-monolith.com\/en\/#website\"},\"datePublished\":\"2020-02-14T11:49:58+00:00\",\"dateModified\":\"2020-06-17T08:46:15+00:00\",\"breadcrumb\":{\"@id\":\"https:\/\/apartment-monolith.com\/fr\/barrierefreies-apartment\/#breadcrumb\"},\"inLanguage\":\"zh-Hans\",\"potentialAction\":[{\"@type\":\"ReadAction\",\"target\":[\"https:\/\/apartment-monolith.com\/fr\/barrierefreies-apartment\/\"]}]},{\"@type\":\"BreadcrumbList\",\"@id\":\"https:\/\/apartment-monolith.com\/fr\/barrierefreies-apartment\/#breadcrumb\",\"itemListElement\":[{\"@type\":\"ListItem\",\"position\":1,\"name\":\"Home\",\"item\":\"https:\/\/apartment-monolith.com\/en\/\"},{\"@type\":\"ListItem\",\"position\":2,\"name\":\"Appartement sans barri\u00e8res\"}]},{\"@type\":\"WebSite\",\"@id\":\"https:\/\/apartment-monolith.com\/en\/#website\",\"url\":\"https:\/\/apartment-monolith.com\/en\/\",\"name\":\"Apartment Monolith - Black Forest\",\"description\":\"\",\"publisher\":{\"@id\":\"https:\/\/apartment-monolith.com\/en\/#organization\"},\"potentialAction\":[{\"@type\":\"SearchAction\",\"target\":{\"@type\":\"EntryPoint\",\"urlTemplate\":\"https:\/\/apartment-monolith.com\/en\/?s={search_term_string}\"},\"query-input\":\"required name=search_term_string\"}],\"inLanguage\":\"zh-Hans\"},{\"@type\":\"Organization\",\"@id\":\"https:\/\/apartment-monolith.com\/en\/#organization\",\"name\":\"Apartment Monolith - Black Forest\",\"url\":\"https:\/\/apartment-monolith.com\/en\/\",\"logo\":{\"@type\":\"ImageObject\",\"inLanguage\":\"zh-Hans\",\"@id\":\"https:\/\/apartment-monolith.com\/en\/#\/schema\/logo\/image\/\",\"url\":\"https:\/\/apartment-monolith.com\/wp-content\/uploads\/2020\/04\/cropped-logo-monolith-Bearbeitet.png\",\"contentUrl\":\"https:\/\/apartment-monolith.com\/wp-content\/uploads\/2020\/04\/cropped-logo-monolith-Bearbeitet.png\",\"width\":778,\"height\":458,\"caption\":\"Apartment Monolith - Black Forest\"},\"image\":{\"@id\":\"https:\/\/apartment-monolith.com\/en\/#\/schema\/logo\/image\/\"},\"sameAs\":[\"https:\/\/www.facebook.com\/apartmentmonolith\/\"]}]}<\/script>\n<!-- \/ Yoast SEO plugin. -->","yoast_head_json":{"title":"- Apartment Monolith Black Forest","robots":{"index":"index","follow":"follow","max-snippet":"max-snippet:-1","max-image-preview":"max-image-preview:large","max-video-preview":"max-video-preview:-1"},"canonical":"https:\/\/apartment-monolith.com\/fr\/barrierefreies-apartment\/","og_locale":"zh_CN","og_type":"article","og_title":"- Apartment Monolith Black Forest","og_url":"https:\/\/apartment-monolith.com\/fr\/barrierefreies-apartment\/","og_site_name":"Apartment Monolith Black Forest","article_publisher":"https:\/\/www.facebook.com\/apartmentmonolith\/","article_modified_time":"2020-06-17T08:46:15+00:00","og_image":[{"url":"http:\/\/apartment-monolith.com\/wp-content\/uploads\/2020\/02\/IMG_2247-1024x683.jpg"}],"twitter_card":"summary_large_image","twitter_misc":{"\u9884\u8ba1\u9605\u8bfb\u65f6\u95f4":"1 \u5206"},"schema":{"@context":"https:\/\/schema.org","@graph":[{"@type":"WebPage","@id":"https:\/\/apartment-monolith.com\/fr\/barrierefreies-apartment\/","url":"https:\/\/apartment-monolith.com\/fr\/barrierefreies-apartment\/","name":"- Apartment Monolith Black Forest","isPartOf":{"@id":"https:\/\/apartment-monolith.com\/en\/#website"},"datePublished":"2020-02-14T11:49:58+00:00","dateModified":"2020-06-17T08:46:15+00:00","breadcrumb":{"@id":"https:\/\/apartment-monolith.com\/fr\/barrierefreies-apartment\/#breadcrumb"},"inLanguage":"zh-Hans","potentialAction":[{"@type":"ReadAction","target":["https:\/\/apartment-monolith.com\/fr\/barrierefreies-apartment\/"]}]},{"@type":"BreadcrumbList","@id":"https:\/\/apartment-monolith.com\/fr\/barrierefreies-apartment\/#breadcrumb","itemListElement":[{"@type":"ListItem","position":1,"name":"Home","item":"https:\/\/apartment-monolith.com\/en\/"},{"@type":"ListItem","position":2,"name":"Appartement sans barri\u00e8res"}]},{"@type":"WebSite","@id":"https:\/\/apartment-monolith.com\/en\/#website","url":"https:\/\/apartment-monolith.com\/en\/","name":"Apartment Monolith - Black Forest","description":"","publisher":{"@id":"https:\/\/apartment-monolith.com\/en\/#organization"},"potentialAction":[{"@type":"SearchAction","target":{"@type":"EntryPoint","urlTemplate":"https:\/\/apartment-monolith.com\/en\/?s={search_term_string}"},"query-input":"required name=search_term_string"}],"inLanguage":"zh-Hans"},{"@type":"Organization","@id":"https:\/\/apartment-monolith.com\/en\/#organization","name":"Apartment Monolith - Black Forest","url":"https:\/\/apartment-monolith.com\/en\/","logo":{"@type":"ImageObject","inLanguage":"zh-Hans","@id":"https:\/\/apartment-monolith.com\/en\/#\/schema\/logo\/image\/","url":"https:\/\/apartment-monolith.com\/wp-content\/uploads\/2020\/04\/cropped-logo-monolith-Bearbeitet.png","contentUrl":"https:\/\/apartment-monolith.com\/wp-content\/uploads\/2020\/04\/cropped-logo-monolith-Bearbeitet.png","width":778,"height":458,"caption":"Apartment Monolith - Black Forest"},"image":{"@id":"https:\/\/apartment-monolith.com\/en\/#\/schema\/logo\/image\/"},"sameAs":["https:\/\/www.facebook.com\/apartmentmonolith\/"]}]}},"_links":{"self":[{"href":"https:\/\/apartment-monolith.com\/zh\/wp-json\/wp\/v2\/pages\/235"}],"collection":[{"href":"https:\/\/apartment-monolith.com\/zh\/wp-json\/wp\/v2\/pages"}],"about":[{"href":"https:\/\/apartment-monolith.com\/zh\/wp-json\/wp\/v2\/types\/page"}],"author":[{"embeddable":true,"href":"https:\/\/apartment-monolith.com\/zh\/wp-json\/wp\/v2\/users\/1"}],"replies":[{"embeddable":true,"href":"https:\/\/apartment-monolith.com\/zh\/wp-json\/wp\/v2\/comments?post=235"}],"version-history":[{"count":9,"href":"https:\/\/apartment-monolith.com\/zh\/wp-json\/wp\/v2\/pages\/235\/revisions"}],"predecessor-version":[{"id":456,"href":"https:\/\/apartment-monolith.com\/zh\/wp-json\/wp\/v2\/pages\/235\/revisions\/456"}],"wp:attachment":[{"href":"https:\/\/apartment-monolith.com\/zh\/wp-json\/wp\/v2\/media?parent=235"}],"curies":[{"name":"wp","href":"https:\/\/api.w.org\/{rel}","templated":true}]}}