{"id":229,"date":"2020-02-14T11:48:55","date_gmt":"2020-02-14T11:48:55","guid":{"rendered":"http:\/\/apartment-monolith.com\/?page_id=229"},"modified":"2020-06-17T08:27:20","modified_gmt":"2020-06-17T08:27:20","slug":"schlafzimmer","status":"publish","type":"page","link":"https:\/\/apartment-monolith.com\/zh\/schlafzimmer\/","title":{"rendered":"Schlafzimmer"},"content":{"rendered":"\n<p>Das gro\u00dfe, 160 cm breite Boxspringbett bringt Euch in das Land der Tr\u00e4ume. Der Schlafraum l\u00e4sst sich \u00fcber 2 gro\u00dfe Schiebet\u00fcren vom Wohnzimmer abtrennen. Wer es lieber offen mag, braucht die deckenhohen Schiebet\u00fcren nicht zu schlie\u00dfen. Im gro\u00dfen und ger\u00e4umigen Kleiderschrank mit gro\u00dfem Spiegel finden alle Ihre Kleidungsst\u00fccke einen Platz. Um Bettw\u00e4sche, Kissen und Decken m\u00fcsst ihr euch nicht zu k\u00fcmmern, denn die geh\u00f6rt zur Grundausstattung. Zus\u00e4tzlich befindet sich im Schlafzimmer ein Safe, der ohne zus\u00e4tzliche Kosten genutzt werden kann.<\/p>\n\n\n\n<figure class=\"wp-block-gallery columns-3 is-cropped wp-block-gallery-1 is-layout-flex wp-block-gallery-is-layout-flex\"><ul class=\"blocks-gallery-grid\"><li class=\"blocks-gallery-item\"><figure><img loading=\"lazy\" decoding=\"async\" width=\"1024\" height=\"768\" src=\"http:\/\/apartment-monolith.com\/wp-content\/uploads\/2020\/02\/20200203_193947-1024x768.jpg\" alt=\"\" data-id=\"230\" data-full-url=\"http:\/\/apartment-monolith.com\/wp-content\/uploads\/2020\/02\/20200203_193947-scaled.jpg\" data-link=\"http:\/\/apartment-monolith.com\/?attachment_id=230\" class=\"wp-image-230\" srcset=\"https:\/\/apartment-monolith.com\/wp-content\/uploads\/2020\/02\/20200203_193947-1024x768.jpg 1024w, https:\/\/apartment-monolith.com\/wp-content\/uploads\/2020\/02\/20200203_193947-300x225.jpg 300w, https:\/\/apartment-monolith.com\/wp-content\/uploads\/2020\/02\/20200203_193947-768x576.jpg 768w, https:\/\/apartment-monolith.com\/wp-content\/uploads\/2020\/02\/20200203_193947-1536x1152.jpg 1536w, https:\/\/apartment-monolith.com\/wp-content\/uploads\/2020\/02\/20200203_193947-2048x1536.jpg 2048w\" sizes=\"(max-width: 1024px) 100vw, 1024px\" \/><\/figure><\/li><li class=\"blocks-gallery-item\"><figure><img loading=\"lazy\" decoding=\"async\" width=\"1024\" height=\"683\" src=\"http:\/\/apartment-monolith.com\/wp-content\/uploads\/2020\/02\/IMG_2233-1024x683.jpg\" alt=\"\" data-id=\"231\" data-full-url=\"http:\/\/apartment-monolith.com\/wp-content\/uploads\/2020\/02\/IMG_2233-scaled.jpg\" data-link=\"http:\/\/apartment-monolith.com\/?attachment_id=231\" class=\"wp-image-231\" srcset=\"https:\/\/apartment-monolith.com\/wp-content\/uploads\/2020\/02\/IMG_2233-1024x683.jpg 1024w, https:\/\/apartment-monolith.com\/wp-content\/uploads\/2020\/02\/IMG_2233-300x200.jpg 300w, https:\/\/apartment-monolith.com\/wp-content\/uploads\/2020\/02\/IMG_2233-768x512.jpg 768w, https:\/\/apartment-monolith.com\/wp-content\/uploads\/2020\/02\/IMG_2233-1536x1024.jpg 1536w, https:\/\/apartment-monolith.com\/wp-content\/uploads\/2020\/02\/IMG_2233-2048x1365.jpg 2048w, https:\/\/apartment-monolith.com\/wp-content\/uploads\/2020\/02\/IMG_2233-360x240.jpg 360w\" sizes=\"(max-width: 1024px) 100vw, 1024px\" \/><\/figure><\/li><li class=\"blocks-gallery-item\"><figure><img loading=\"lazy\" decoding=\"async\" width=\"1024\" height=\"683\" src=\"http:\/\/apartment-monolith.com\/wp-content\/uploads\/2020\/02\/IMG_2234-1024x683.jpg\" alt=\"\" data-id=\"232\" data-full-url=\"http:\/\/apartment-monolith.com\/wp-content\/uploads\/2020\/02\/IMG_2234-scaled.jpg\" data-link=\"http:\/\/apartment-monolith.com\/?attachment_id=232\" class=\"wp-image-232\" srcset=\"https:\/\/apartment-monolith.com\/wp-content\/uploads\/2020\/02\/IMG_2234-1024x683.jpg 1024w, https:\/\/apartment-monolith.com\/wp-content\/uploads\/2020\/02\/IMG_2234-300x200.jpg 300w, https:\/\/apartment-monolith.com\/wp-content\/uploads\/2020\/02\/IMG_2234-768x512.jpg 768w, https:\/\/apartment-monolith.com\/wp-content\/uploads\/2020\/02\/IMG_2234-1536x1024.jpg 1536w, https:\/\/apartment-monolith.com\/wp-content\/uploads\/2020\/02\/IMG_2234-2048x1365.jpg 2048w, https:\/\/apartment-monolith.com\/wp-content\/uploads\/2020\/02\/IMG_2234-360x240.jpg 360w\" sizes=\"(max-width: 1024px) 100vw, 1024px\" \/><\/figure><\/li><li class=\"blocks-gallery-item\"><figure><img loading=\"lazy\" decoding=\"async\" width=\"1024\" height=\"683\" src=\"http:\/\/apartment-monolith.com\/wp-content\/uploads\/2020\/02\/IMG_2236-1024x683.jpg\" alt=\"\" data-id=\"233\" data-full-url=\"http:\/\/apartment-monolith.com\/wp-content\/uploads\/2020\/02\/IMG_2236-scaled.jpg\" data-link=\"http:\/\/apartment-monolith.com\/?attachment_id=233\" class=\"wp-image-233\" srcset=\"https:\/\/apartment-monolith.com\/wp-content\/uploads\/2020\/02\/IMG_2236-1024x683.jpg 1024w, https:\/\/apartment-monolith.com\/wp-content\/uploads\/2020\/02\/IMG_2236-300x200.jpg 300w, https:\/\/apartment-monolith.com\/wp-content\/uploads\/2020\/02\/IMG_2236-768x512.jpg 768w, https:\/\/apartment-monolith.com\/wp-content\/uploads\/2020\/02\/IMG_2236-1536x1024.jpg 1536w, https:\/\/apartment-monolith.com\/wp-content\/uploads\/2020\/02\/IMG_2236-2048x1365.jpg 2048w, https:\/\/apartment-monolith.com\/wp-content\/uploads\/2020\/02\/IMG_2236-360x240.jpg 360w\" sizes=\"(max-width: 1024px) 100vw, 1024px\" \/><\/figure><\/li><\/ul><\/figure>\n\n\n\n<div style=\"height:100px\" aria-hidden=\"true\" class=\"wp-block-spacer\"><\/div>\n","protected":false},"excerpt":{"rendered":"<p>Das gro\u00dfe, 160 cm breite Boxspringbett bringt Euch [&hellip;]<\/p>\n","protected":false},"author":1,"featured_media":0,"parent":0,"menu_order":0,"comment_status":"closed","ping_status":"closed","template":"","meta":{"footnotes":""},"translation":{"provider":"WPGlobus","version":"2.12.2","language":"zh","enabled_languages":["de","en","fr","zh"],"languages":{"de":{"title":true,"content":true,"excerpt":false},"en":{"title":true,"content":true,"excerpt":false},"fr":{"title":true,"content":true,"excerpt":false},"zh":{"title":false,"content":false,"excerpt":false}}},"yoast_head":"<!-- This site is optimized with the Yoast SEO plugin v21.9.1 - https:\/\/yoast.com\/wordpress\/plugins\/seo\/ -->\n<title>- Apartment Monolith Black Forest<\/title>\n<meta name=\"robots\" content=\"index, follow, max-snippet:-1, max-image-preview:large, max-video-preview:-1\" \/>\n<link rel=\"canonical\" href=\"http:\/\/apartment-monolith.com\/en\/schlafzimmer\/\" \/>\n<meta property=\"og:locale\" content=\"zh_CN\" \/>\n<meta property=\"og:type\" content=\"article\" \/>\n<meta property=\"og:title\" content=\"- Apartment Monolith Black Forest\" \/>\n<meta property=\"og:url\" content=\"http:\/\/apartment-monolith.com\/en\/schlafzimmer\/\" \/>\n<meta property=\"og:site_name\" content=\"Apartment Monolith Black Forest\" \/>\n<meta property=\"article:publisher\" content=\"https:\/\/www.facebook.com\/apartmentmonolith\/\" \/>\n<meta property=\"article:modified_time\" content=\"2020-06-17T08:27:20+00:00\" \/>\n<meta property=\"og:image\" content=\"http:\/\/apartment-monolith.com\/wp-content\/uploads\/2020\/02\/20200203_193947-1024x768.jpg\" \/>\n<meta name=\"twitter:card\" content=\"summary_large_image\" \/>\n<meta name=\"twitter:label1\" content=\"\u9884\u8ba1\u9605\u8bfb\u65f6\u95f4\" \/>\n\t<meta name=\"twitter:data1\" content=\"1 \u5206\" \/>\n<script type=\"application\/ld+json\" class=\"yoast-schema-graph\">{\"@context\":\"https:\/\/schema.org\",\"@graph\":[{\"@type\":\"WebPage\",\"@id\":\"http:\/\/apartment-monolith.com\/en\/schlafzimmer\/\",\"url\":\"http:\/\/apartment-monolith.com\/en\/schlafzimmer\/\",\"name\":\"- Apartment Monolith Black Forest\",\"isPartOf\":{\"@id\":\"https:\/\/apartment-monolith.com\/en\/#website\"},\"datePublished\":\"2020-02-14T11:48:55+00:00\",\"dateModified\":\"2020-06-17T08:27:20+00:00\",\"breadcrumb\":{\"@id\":\"http:\/\/apartment-monolith.com\/en\/schlafzimmer\/#breadcrumb\"},\"inLanguage\":\"zh-Hans\",\"potentialAction\":[{\"@type\":\"ReadAction\",\"target\":[\"http:\/\/apartment-monolith.com\/en\/schlafzimmer\/\"]}]},{\"@type\":\"BreadcrumbList\",\"@id\":\"http:\/\/apartment-monolith.com\/en\/schlafzimmer\/#breadcrumb\",\"itemListElement\":[{\"@type\":\"ListItem\",\"position\":1,\"name\":\"Home\",\"item\":\"https:\/\/apartment-monolith.com\/en\/\"},{\"@type\":\"ListItem\",\"position\":2,\"name\":\"Bedroom\"}]},{\"@type\":\"WebSite\",\"@id\":\"https:\/\/apartment-monolith.com\/en\/#website\",\"url\":\"https:\/\/apartment-monolith.com\/en\/\",\"name\":\"Apartment Monolith - Black Forest\",\"description\":\"\",\"publisher\":{\"@id\":\"https:\/\/apartment-monolith.com\/en\/#organization\"},\"potentialAction\":[{\"@type\":\"SearchAction\",\"target\":{\"@type\":\"EntryPoint\",\"urlTemplate\":\"https:\/\/apartment-monolith.com\/en\/?s={search_term_string}\"},\"query-input\":\"required name=search_term_string\"}],\"inLanguage\":\"zh-Hans\"},{\"@type\":\"Organization\",\"@id\":\"https:\/\/apartment-monolith.com\/en\/#organization\",\"name\":\"Apartment Monolith - Black Forest\",\"url\":\"https:\/\/apartment-monolith.com\/en\/\",\"logo\":{\"@type\":\"ImageObject\",\"inLanguage\":\"zh-Hans\",\"@id\":\"https:\/\/apartment-monolith.com\/en\/#\/schema\/logo\/image\/\",\"url\":\"https:\/\/apartment-monolith.com\/wp-content\/uploads\/2020\/04\/cropped-logo-monolith-Bearbeitet.png\",\"contentUrl\":\"https:\/\/apartment-monolith.com\/wp-content\/uploads\/2020\/04\/cropped-logo-monolith-Bearbeitet.png\",\"width\":778,\"height\":458,\"caption\":\"Apartment Monolith - Black Forest\"},\"image\":{\"@id\":\"https:\/\/apartment-monolith.com\/en\/#\/schema\/logo\/image\/\"},\"sameAs\":[\"https:\/\/www.facebook.com\/apartmentmonolith\/\"]}]}<\/script>\n<!-- \/ Yoast SEO plugin. -->","yoast_head_json":{"title":"- Apartment Monolith Black Forest","robots":{"index":"index","follow":"follow","max-snippet":"max-snippet:-1","max-image-preview":"max-image-preview:large","max-video-preview":"max-video-preview:-1"},"canonical":"http:\/\/apartment-monolith.com\/en\/schlafzimmer\/","og_locale":"zh_CN","og_type":"article","og_title":"- Apartment Monolith Black Forest","og_url":"http:\/\/apartment-monolith.com\/en\/schlafzimmer\/","og_site_name":"Apartment Monolith Black Forest","article_publisher":"https:\/\/www.facebook.com\/apartmentmonolith\/","article_modified_time":"2020-06-17T08:27:20+00:00","og_image":[{"url":"http:\/\/apartment-monolith.com\/wp-content\/uploads\/2020\/02\/20200203_193947-1024x768.jpg"}],"twitter_card":"summary_large_image","twitter_misc":{"\u9884\u8ba1\u9605\u8bfb\u65f6\u95f4":"1 \u5206"},"schema":{"@context":"https:\/\/schema.org","@graph":[{"@type":"WebPage","@id":"http:\/\/apartment-monolith.com\/en\/schlafzimmer\/","url":"http:\/\/apartment-monolith.com\/en\/schlafzimmer\/","name":"- Apartment Monolith Black Forest","isPartOf":{"@id":"https:\/\/apartment-monolith.com\/en\/#website"},"datePublished":"2020-02-14T11:48:55+00:00","dateModified":"2020-06-17T08:27:20+00:00","breadcrumb":{"@id":"http:\/\/apartment-monolith.com\/en\/schlafzimmer\/#breadcrumb"},"inLanguage":"zh-Hans","potentialAction":[{"@type":"ReadAction","target":["http:\/\/apartment-monolith.com\/en\/schlafzimmer\/"]}]},{"@type":"BreadcrumbList","@id":"http:\/\/apartment-monolith.com\/en\/schlafzimmer\/#breadcrumb","itemListElement":[{"@type":"ListItem","position":1,"name":"Home","item":"https:\/\/apartment-monolith.com\/en\/"},{"@type":"ListItem","position":2,"name":"Bedroom"}]},{"@type":"WebSite","@id":"https:\/\/apartment-monolith.com\/en\/#website","url":"https:\/\/apartment-monolith.com\/en\/","name":"Apartment Monolith - Black Forest","description":"","publisher":{"@id":"https:\/\/apartment-monolith.com\/en\/#organization"},"potentialAction":[{"@type":"SearchAction","target":{"@type":"EntryPoint","urlTemplate":"https:\/\/apartment-monolith.com\/en\/?s={search_term_string}"},"query-input":"required name=search_term_string"}],"inLanguage":"zh-Hans"},{"@type":"Organization","@id":"https:\/\/apartment-monolith.com\/en\/#organization","name":"Apartment Monolith - Black Forest","url":"https:\/\/apartment-monolith.com\/en\/","logo":{"@type":"ImageObject","inLanguage":"zh-Hans","@id":"https:\/\/apartment-monolith.com\/en\/#\/schema\/logo\/image\/","url":"https:\/\/apartment-monolith.com\/wp-content\/uploads\/2020\/04\/cropped-logo-monolith-Bearbeitet.png","contentUrl":"https:\/\/apartment-monolith.com\/wp-content\/uploads\/2020\/04\/cropped-logo-monolith-Bearbeitet.png","width":778,"height":458,"caption":"Apartment Monolith - Black Forest"},"image":{"@id":"https:\/\/apartment-monolith.com\/en\/#\/schema\/logo\/image\/"},"sameAs":["https:\/\/www.facebook.com\/apartmentmonolith\/"]}]}},"_links":{"self":[{"href":"https:\/\/apartment-monolith.com\/zh\/wp-json\/wp\/v2\/pages\/229"}],"collection":[{"href":"https:\/\/apartment-monolith.com\/zh\/wp-json\/wp\/v2\/pages"}],"about":[{"href":"https:\/\/apartment-monolith.com\/zh\/wp-json\/wp\/v2\/types\/page"}],"author":[{"embeddable":true,"href":"https:\/\/apartment-monolith.com\/zh\/wp-json\/wp\/v2\/users\/1"}],"replies":[{"embeddable":true,"href":"https:\/\/apartment-monolith.com\/zh\/wp-json\/wp\/v2\/comments?post=229"}],"version-history":[{"count":5,"href":"https:\/\/apartment-monolith.com\/zh\/wp-json\/wp\/v2\/pages\/229\/revisions"}],"predecessor-version":[{"id":441,"href":"https:\/\/apartment-monolith.com\/zh\/wp-json\/wp\/v2\/pages\/229\/revisions\/441"}],"wp:attachment":[{"href":"https:\/\/apartment-monolith.com\/zh\/wp-json\/wp\/v2\/media?parent=229"}],"curies":[{"name":"wp","href":"https:\/\/api.w.org\/{rel}","templated":true}]}}