{"id":218,"date":"2020-02-14T11:46:53","date_gmt":"2020-02-14T11:46:53","guid":{"rendered":"http:\/\/apartment-monolith.com\/?page_id=218"},"modified":"2022-08-23T14:04:00","modified_gmt":"2022-08-23T14:04:00","slug":"wohnzimmer","status":"publish","type":"page","link":"https:\/\/apartment-monolith.com\/zh\/wohnzimmer\/","title":{"rendered":"Wohnzimmer"},"content":{"rendered":"\n<p>Einige W\u00e4nde des Wohnzimmers und der K\u00fcche wurden mit 120\nJahre alten, historischen Holzdielen aus einem Schwarzw\u00e4lder Bauernhaus\nverkleidet. Sie bringen Behaglichkeit in den Wohnraum und bilden eine\nSchwarzwaldsilhouette mit vielen Tieren des Waldes. Lassen Sie sich von der\nbehaglichen Lichtstimmung \u00fcberraschen. Das Wohnzimmer verf\u00fcgt \u00fcber eine\nSchlafcouch. Sie kann mit wenigen Handgriffen in ein Bett umgebaut werden. Ein\ngro\u00dfer Smart TV darf f\u00fcr gem\u00fctliche Abende im Apartment nicht fehlen. Eine\nkleine Kommode und ein gro\u00dfz\u00fcgiger Wohnzimmerschrank bieten Platz und Stauraum.\nIm gesamten Wohn-, Schlaf- und K\u00fcchenbereich wurden handgehobelte Wildeiche-Landhausdielen\nverlegt. Die darunter befindliche Fu\u00dfbodenheizung garantiert einen\nWohlf\u00fchlfaktor. Sonne oder Schnee? Die Wetterstation informiert euch \u00fcber die\naktuelle Wetterlage um euren Aufenthalt mit Outdooraktivit\u00e4ten planen zu\nk\u00f6nnen.<\/p>\n\n\n\n<figure class=\"wp-block-gallery has-nested-images columns-default is-cropped wp-block-gallery-1 is-layout-flex wp-block-gallery-is-layout-flex\">\n<figure class=\"wp-block-image size-large\"><img loading=\"lazy\" decoding=\"async\" width=\"987\" height=\"1024\" data-id=\"712\" src=\"https:\/\/apartment-monolith.com\/wp-content\/uploads\/2022\/08\/1616420022850-1-987x1024.jpeg\" alt=\"\" class=\"wp-image-712\" srcset=\"https:\/\/apartment-monolith.com\/wp-content\/uploads\/2022\/08\/1616420022850-1-987x1024.jpeg 987w, https:\/\/apartment-monolith.com\/wp-content\/uploads\/2022\/08\/1616420022850-1-289x300.jpeg 289w, https:\/\/apartment-monolith.com\/wp-content\/uploads\/2022\/08\/1616420022850-1-768x796.jpeg 768w, https:\/\/apartment-monolith.com\/wp-content\/uploads\/2022\/08\/1616420022850-1-1481x1536.jpeg 1481w, https:\/\/apartment-monolith.com\/wp-content\/uploads\/2022\/08\/1616420022850-1.jpeg 1920w\" sizes=\"(max-width: 987px) 100vw, 987px\" \/><\/figure>\n\n\n\n<figure class=\"wp-block-image size-large\"><img loading=\"lazy\" decoding=\"async\" width=\"987\" height=\"1024\" data-id=\"711\" src=\"https:\/\/apartment-monolith.com\/wp-content\/uploads\/2022\/08\/1616420036161-1-987x1024.jpeg\" alt=\"\" class=\"wp-image-711\" srcset=\"https:\/\/apartment-monolith.com\/wp-content\/uploads\/2022\/08\/1616420036161-1-987x1024.jpeg 987w, https:\/\/apartment-monolith.com\/wp-content\/uploads\/2022\/08\/1616420036161-1-289x300.jpeg 289w, https:\/\/apartment-monolith.com\/wp-content\/uploads\/2022\/08\/1616420036161-1-768x796.jpeg 768w, https:\/\/apartment-monolith.com\/wp-content\/uploads\/2022\/08\/1616420036161-1-1481x1536.jpeg 1481w, https:\/\/apartment-monolith.com\/wp-content\/uploads\/2022\/08\/1616420036161-1.jpeg 1920w\" sizes=\"(max-width: 987px) 100vw, 987px\" \/><\/figure>\n<\/figure>\n\n\n\n<p>F\u00fcr diejenigen, die im Apartment f\u00fcr berufliche Zwecke\nuntergebracht sind, gibt es schnelles Internet mit eigenem, freiem WLAN und\nzus\u00e4tzlich 4 separate Netzwerkdosen. Hier k\u00f6nnen sie also unbesorgt arbeiten\nund die volle Bandbreite nutzen. Im gesamten Apartment wurden sehr viele\nSteckdosen verbaut. Darunter befindet sich auch eine USB-Doppelsteckdose um\nbeispielsweise eure Smartphones direkt und ohne Netzstecker laden zu k\u00f6nnen.<\/p>\n\n\n\n<div style=\"height:100px\" aria-hidden=\"true\" class=\"wp-block-spacer\"><\/div>\n","protected":false},"excerpt":{"rendered":"<p>Einige W\u00e4nde des Wohnzimmers und der K\u00fcche wurden  [&hellip;]<\/p>\n","protected":false},"author":1,"featured_media":0,"parent":0,"menu_order":0,"comment_status":"closed","ping_status":"closed","template":"","meta":{"footnotes":""},"translation":{"provider":"WPGlobus","version":"2.12.2","language":"zh","enabled_languages":["de","en","fr","zh"],"languages":{"de":{"title":true,"content":true,"excerpt":false},"en":{"title":true,"content":true,"excerpt":false},"fr":{"title":true,"content":true,"excerpt":false},"zh":{"title":false,"content":false,"excerpt":false}}},"yoast_head":"<!-- This site is optimized with the Yoast SEO plugin v21.9.1 - https:\/\/yoast.com\/wordpress\/plugins\/seo\/ -->\n<title>- Apartment Monolith Black Forest<\/title>\n<meta name=\"robots\" content=\"index, follow, max-snippet:-1, max-image-preview:large, max-video-preview:-1\" \/>\n<link rel=\"canonical\" href=\"http:\/\/apartment-monolith.com\/zh\/wohnzimmer\/\" \/>\n<meta property=\"og:locale\" content=\"zh_CN\" \/>\n<meta property=\"og:type\" content=\"article\" \/>\n<meta property=\"og:title\" content=\"- Apartment Monolith Black Forest\" \/>\n<meta property=\"og:url\" content=\"http:\/\/apartment-monolith.com\/zh\/wohnzimmer\/\" \/>\n<meta property=\"og:site_name\" content=\"Apartment Monolith Black Forest\" \/>\n<meta property=\"article:publisher\" content=\"https:\/\/www.facebook.com\/apartmentmonolith\/\" \/>\n<meta property=\"article:modified_time\" content=\"2022-08-23T14:04:00+00:00\" \/>\n<meta property=\"og:image\" content=\"https:\/\/apartment-monolith.com\/wp-content\/uploads\/2022\/08\/1616420022850-1-987x1024.jpeg\" \/>\n<meta name=\"twitter:card\" content=\"summary_large_image\" \/>\n<meta name=\"twitter:label1\" content=\"\u9884\u8ba1\u9605\u8bfb\u65f6\u95f4\" \/>\n\t<meta name=\"twitter:data1\" content=\"3 \u5206\" \/>\n<script type=\"application\/ld+json\" class=\"yoast-schema-graph\">{\"@context\":\"https:\/\/schema.org\",\"@graph\":[{\"@type\":\"WebPage\",\"@id\":\"http:\/\/apartment-monolith.com\/zh\/wohnzimmer\/\",\"url\":\"http:\/\/apartment-monolith.com\/zh\/wohnzimmer\/\",\"name\":\"- Apartment Monolith Black Forest\",\"isPartOf\":{\"@id\":\"https:\/\/apartment-monolith.com\/en\/#website\"},\"datePublished\":\"2020-02-14T11:46:53+00:00\",\"dateModified\":\"2022-08-23T14:04:00+00:00\",\"breadcrumb\":{\"@id\":\"http:\/\/apartment-monolith.com\/zh\/wohnzimmer\/#breadcrumb\"},\"inLanguage\":\"zh-Hans\",\"potentialAction\":[{\"@type\":\"ReadAction\",\"target\":[\"http:\/\/apartment-monolith.com\/zh\/wohnzimmer\/\"]}]},{\"@type\":\"BreadcrumbList\",\"@id\":\"http:\/\/apartment-monolith.com\/zh\/wohnzimmer\/#breadcrumb\",\"itemListElement\":[{\"@type\":\"ListItem\",\"position\":1,\"name\":\"Home\",\"item\":\"https:\/\/apartment-monolith.com\/en\/\"},{\"@type\":\"ListItem\",\"position\":2,\"name\":\"Wohnzimmer\"}]},{\"@type\":\"WebSite\",\"@id\":\"https:\/\/apartment-monolith.com\/en\/#website\",\"url\":\"https:\/\/apartment-monolith.com\/en\/\",\"name\":\"Apartment Monolith - Black Forest\",\"description\":\"\",\"publisher\":{\"@id\":\"https:\/\/apartment-monolith.com\/en\/#organization\"},\"potentialAction\":[{\"@type\":\"SearchAction\",\"target\":{\"@type\":\"EntryPoint\",\"urlTemplate\":\"https:\/\/apartment-monolith.com\/en\/?s={search_term_string}\"},\"query-input\":\"required name=search_term_string\"}],\"inLanguage\":\"zh-Hans\"},{\"@type\":\"Organization\",\"@id\":\"https:\/\/apartment-monolith.com\/en\/#organization\",\"name\":\"Apartment Monolith - Black Forest\",\"url\":\"https:\/\/apartment-monolith.com\/en\/\",\"logo\":{\"@type\":\"ImageObject\",\"inLanguage\":\"zh-Hans\",\"@id\":\"https:\/\/apartment-monolith.com\/en\/#\/schema\/logo\/image\/\",\"url\":\"https:\/\/apartment-monolith.com\/wp-content\/uploads\/2020\/04\/cropped-logo-monolith-Bearbeitet.png\",\"contentUrl\":\"https:\/\/apartment-monolith.com\/wp-content\/uploads\/2020\/04\/cropped-logo-monolith-Bearbeitet.png\",\"width\":778,\"height\":458,\"caption\":\"Apartment Monolith - Black Forest\"},\"image\":{\"@id\":\"https:\/\/apartment-monolith.com\/en\/#\/schema\/logo\/image\/\"},\"sameAs\":[\"https:\/\/www.facebook.com\/apartmentmonolith\/\"]}]}<\/script>\n<!-- \/ Yoast SEO plugin. -->","yoast_head_json":{"title":"- Apartment Monolith Black Forest","robots":{"index":"index","follow":"follow","max-snippet":"max-snippet:-1","max-image-preview":"max-image-preview:large","max-video-preview":"max-video-preview:-1"},"canonical":"http:\/\/apartment-monolith.com\/zh\/wohnzimmer\/","og_locale":"zh_CN","og_type":"article","og_title":"- Apartment Monolith Black Forest","og_url":"http:\/\/apartment-monolith.com\/zh\/wohnzimmer\/","og_site_name":"Apartment Monolith Black Forest","article_publisher":"https:\/\/www.facebook.com\/apartmentmonolith\/","article_modified_time":"2022-08-23T14:04:00+00:00","og_image":[{"url":"https:\/\/apartment-monolith.com\/wp-content\/uploads\/2022\/08\/1616420022850-1-987x1024.jpeg"}],"twitter_card":"summary_large_image","twitter_misc":{"\u9884\u8ba1\u9605\u8bfb\u65f6\u95f4":"3 \u5206"},"schema":{"@context":"https:\/\/schema.org","@graph":[{"@type":"WebPage","@id":"http:\/\/apartment-monolith.com\/zh\/wohnzimmer\/","url":"http:\/\/apartment-monolith.com\/zh\/wohnzimmer\/","name":"- Apartment Monolith Black Forest","isPartOf":{"@id":"https:\/\/apartment-monolith.com\/en\/#website"},"datePublished":"2020-02-14T11:46:53+00:00","dateModified":"2022-08-23T14:04:00+00:00","breadcrumb":{"@id":"http:\/\/apartment-monolith.com\/zh\/wohnzimmer\/#breadcrumb"},"inLanguage":"zh-Hans","potentialAction":[{"@type":"ReadAction","target":["http:\/\/apartment-monolith.com\/zh\/wohnzimmer\/"]}]},{"@type":"BreadcrumbList","@id":"http:\/\/apartment-monolith.com\/zh\/wohnzimmer\/#breadcrumb","itemListElement":[{"@type":"ListItem","position":1,"name":"Home","item":"https:\/\/apartment-monolith.com\/en\/"},{"@type":"ListItem","position":2,"name":"Wohnzimmer"}]},{"@type":"WebSite","@id":"https:\/\/apartment-monolith.com\/en\/#website","url":"https:\/\/apartment-monolith.com\/en\/","name":"Apartment Monolith - Black Forest","description":"","publisher":{"@id":"https:\/\/apartment-monolith.com\/en\/#organization"},"potentialAction":[{"@type":"SearchAction","target":{"@type":"EntryPoint","urlTemplate":"https:\/\/apartment-monolith.com\/en\/?s={search_term_string}"},"query-input":"required name=search_term_string"}],"inLanguage":"zh-Hans"},{"@type":"Organization","@id":"https:\/\/apartment-monolith.com\/en\/#organization","name":"Apartment Monolith - Black Forest","url":"https:\/\/apartment-monolith.com\/en\/","logo":{"@type":"ImageObject","inLanguage":"zh-Hans","@id":"https:\/\/apartment-monolith.com\/en\/#\/schema\/logo\/image\/","url":"https:\/\/apartment-monolith.com\/wp-content\/uploads\/2020\/04\/cropped-logo-monolith-Bearbeitet.png","contentUrl":"https:\/\/apartment-monolith.com\/wp-content\/uploads\/2020\/04\/cropped-logo-monolith-Bearbeitet.png","width":778,"height":458,"caption":"Apartment Monolith - Black Forest"},"image":{"@id":"https:\/\/apartment-monolith.com\/en\/#\/schema\/logo\/image\/"},"sameAs":["https:\/\/www.facebook.com\/apartmentmonolith\/"]}]}},"_links":{"self":[{"href":"https:\/\/apartment-monolith.com\/zh\/wp-json\/wp\/v2\/pages\/218"}],"collection":[{"href":"https:\/\/apartment-monolith.com\/zh\/wp-json\/wp\/v2\/pages"}],"about":[{"href":"https:\/\/apartment-monolith.com\/zh\/wp-json\/wp\/v2\/types\/page"}],"author":[{"embeddable":true,"href":"https:\/\/apartment-monolith.com\/zh\/wp-json\/wp\/v2\/users\/1"}],"replies":[{"embeddable":true,"href":"https:\/\/apartment-monolith.com\/zh\/wp-json\/wp\/v2\/comments?post=218"}],"version-history":[{"count":12,"href":"https:\/\/apartment-monolith.com\/zh\/wp-json\/wp\/v2\/pages\/218\/revisions"}],"predecessor-version":[{"id":719,"href":"https:\/\/apartment-monolith.com\/zh\/wp-json\/wp\/v2\/pages\/218\/revisions\/719"}],"wp:attachment":[{"href":"https:\/\/apartment-monolith.com\/zh\/wp-json\/wp\/v2\/media?parent=218"}],"curies":[{"name":"wp","href":"https:\/\/api.w.org\/{rel}","templated":true}]}}