{"id":211,"date":"2020-02-14T11:43:44","date_gmt":"2020-02-14T11:43:44","guid":{"rendered":"http:\/\/apartment-monolith.com\/?page_id=211"},"modified":"2020-06-17T08:40:39","modified_gmt":"2020-06-17T08:40:39","slug":"kueche","status":"publish","type":"page","link":"https:\/\/apartment-monolith.com\/zh\/kueche\/","title":{"rendered":"K\u00fcche"},"content":{"rendered":"\n<p>Die gro\u00dfz\u00fcgige K\u00fcche ist voll ausgestattet. Besteck, Geschirr, Gl\u00e4ser, T\u00f6pfe und s\u00e4mtliche Kochutensilien sind selbstverst\u00e4ndlich. Hier punktet die Schwarzw\u00e4lder Gastfreundschaft. Ein K\u00fchlschrank, ein Backofen, ein Induktionskochfeld, ein Toaster, ein Wasserkocher und eine Mikrowelle f\u00fcr schnelle Gerichte d\u00fcrfen nicht fehlen. Die Sp\u00fclmaschine nimmt Ihnen den Abwasch ab. Das komplette Haus wurde 2020 neu erbaut und verf\u00fcgt daher \u00fcber die neuesten Standards. Um Euch den Start in den Tag zu erleichtern, steht eine Nespresso Kaffee- und Espressomaschine mit einer Grundausstattung an Kapseln bereit. Auch an verschiedenen Teesorten, sowie Gew\u00fcrzen, Essig und \u00d6l wird es euch hier nicht fehlen.<\/p>\n\n\n\n<figure class=\"wp-block-gallery columns-3 is-cropped wp-block-gallery-1 is-layout-flex wp-block-gallery-is-layout-flex\"><ul class=\"blocks-gallery-grid\"><li class=\"blocks-gallery-item\"><figure><img loading=\"lazy\" decoding=\"async\" width=\"1024\" height=\"683\" src=\"http:\/\/apartment-monolith.com\/wp-content\/uploads\/2020\/02\/IMG_2224-1024x683.jpg\" alt=\"\" data-id=\"212\" data-full-url=\"http:\/\/apartment-monolith.com\/wp-content\/uploads\/2020\/02\/IMG_2224-scaled.jpg\" data-link=\"http:\/\/apartment-monolith.com\/?attachment_id=212\" class=\"wp-image-212\" srcset=\"https:\/\/apartment-monolith.com\/wp-content\/uploads\/2020\/02\/IMG_2224-1024x683.jpg 1024w, https:\/\/apartment-monolith.com\/wp-content\/uploads\/2020\/02\/IMG_2224-300x200.jpg 300w, https:\/\/apartment-monolith.com\/wp-content\/uploads\/2020\/02\/IMG_2224-768x512.jpg 768w, https:\/\/apartment-monolith.com\/wp-content\/uploads\/2020\/02\/IMG_2224-1536x1024.jpg 1536w, https:\/\/apartment-monolith.com\/wp-content\/uploads\/2020\/02\/IMG_2224-2048x1365.jpg 2048w, https:\/\/apartment-monolith.com\/wp-content\/uploads\/2020\/02\/IMG_2224-360x240.jpg 360w\" sizes=\"(max-width: 1024px) 100vw, 1024px\" \/><\/figure><\/li><li class=\"blocks-gallery-item\"><figure><img loading=\"lazy\" decoding=\"async\" width=\"1024\" height=\"683\" src=\"http:\/\/apartment-monolith.com\/wp-content\/uploads\/2020\/02\/IMG_2225-1024x683.jpg\" alt=\"\" data-id=\"213\" data-full-url=\"http:\/\/apartment-monolith.com\/wp-content\/uploads\/2020\/02\/IMG_2225-scaled.jpg\" data-link=\"http:\/\/apartment-monolith.com\/?attachment_id=213\" class=\"wp-image-213\" srcset=\"https:\/\/apartment-monolith.com\/wp-content\/uploads\/2020\/02\/IMG_2225-1024x683.jpg 1024w, https:\/\/apartment-monolith.com\/wp-content\/uploads\/2020\/02\/IMG_2225-300x200.jpg 300w, https:\/\/apartment-monolith.com\/wp-content\/uploads\/2020\/02\/IMG_2225-768x512.jpg 768w, https:\/\/apartment-monolith.com\/wp-content\/uploads\/2020\/02\/IMG_2225-1536x1024.jpg 1536w, https:\/\/apartment-monolith.com\/wp-content\/uploads\/2020\/02\/IMG_2225-2048x1365.jpg 2048w, https:\/\/apartment-monolith.com\/wp-content\/uploads\/2020\/02\/IMG_2225-360x240.jpg 360w\" sizes=\"(max-width: 1024px) 100vw, 1024px\" \/><\/figure><\/li><li class=\"blocks-gallery-item\"><figure><img loading=\"lazy\" decoding=\"async\" width=\"1024\" height=\"683\" src=\"http:\/\/apartment-monolith.com\/wp-content\/uploads\/2020\/02\/IMG_2226-1024x683.jpg\" alt=\"\" data-id=\"214\" data-full-url=\"http:\/\/apartment-monolith.com\/wp-content\/uploads\/2020\/02\/IMG_2226-scaled.jpg\" data-link=\"http:\/\/apartment-monolith.com\/?attachment_id=214\" class=\"wp-image-214\" srcset=\"https:\/\/apartment-monolith.com\/wp-content\/uploads\/2020\/02\/IMG_2226-1024x683.jpg 1024w, https:\/\/apartment-monolith.com\/wp-content\/uploads\/2020\/02\/IMG_2226-300x200.jpg 300w, https:\/\/apartment-monolith.com\/wp-content\/uploads\/2020\/02\/IMG_2226-768x512.jpg 768w, https:\/\/apartment-monolith.com\/wp-content\/uploads\/2020\/02\/IMG_2226-1536x1024.jpg 1536w, https:\/\/apartment-monolith.com\/wp-content\/uploads\/2020\/02\/IMG_2226-2048x1365.jpg 2048w, https:\/\/apartment-monolith.com\/wp-content\/uploads\/2020\/02\/IMG_2226-360x240.jpg 360w\" sizes=\"(max-width: 1024px) 100vw, 1024px\" \/><\/figure><\/li><li class=\"blocks-gallery-item\"><figure><img loading=\"lazy\" decoding=\"async\" width=\"1024\" height=\"683\" src=\"http:\/\/apartment-monolith.com\/wp-content\/uploads\/2020\/02\/IMG_2228-1024x683.jpg\" alt=\"\" data-id=\"215\" data-full-url=\"http:\/\/apartment-monolith.com\/wp-content\/uploads\/2020\/02\/IMG_2228-scaled.jpg\" data-link=\"http:\/\/apartment-monolith.com\/?attachment_id=215\" class=\"wp-image-215\" srcset=\"https:\/\/apartment-monolith.com\/wp-content\/uploads\/2020\/02\/IMG_2228-1024x683.jpg 1024w, https:\/\/apartment-monolith.com\/wp-content\/uploads\/2020\/02\/IMG_2228-300x200.jpg 300w, https:\/\/apartment-monolith.com\/wp-content\/uploads\/2020\/02\/IMG_2228-768x512.jpg 768w, https:\/\/apartment-monolith.com\/wp-content\/uploads\/2020\/02\/IMG_2228-1536x1024.jpg 1536w, https:\/\/apartment-monolith.com\/wp-content\/uploads\/2020\/02\/IMG_2228-2048x1365.jpg 2048w, https:\/\/apartment-monolith.com\/wp-content\/uploads\/2020\/02\/IMG_2228-360x240.jpg 360w\" sizes=\"(max-width: 1024px) 100vw, 1024px\" \/><\/figure><\/li><li class=\"blocks-gallery-item\"><figure><img loading=\"lazy\" decoding=\"async\" width=\"1024\" height=\"683\" src=\"http:\/\/apartment-monolith.com\/wp-content\/uploads\/2020\/02\/IMG_2244-1024x683.jpg\" alt=\"\" data-id=\"216\" data-full-url=\"http:\/\/apartment-monolith.com\/wp-content\/uploads\/2020\/02\/IMG_2244-scaled.jpg\" data-link=\"http:\/\/apartment-monolith.com\/?attachment_id=216\" class=\"wp-image-216\" srcset=\"https:\/\/apartment-monolith.com\/wp-content\/uploads\/2020\/02\/IMG_2244-1024x683.jpg 1024w, https:\/\/apartment-monolith.com\/wp-content\/uploads\/2020\/02\/IMG_2244-300x200.jpg 300w, https:\/\/apartment-monolith.com\/wp-content\/uploads\/2020\/02\/IMG_2244-768x512.jpg 768w, https:\/\/apartment-monolith.com\/wp-content\/uploads\/2020\/02\/IMG_2244-1536x1024.jpg 1536w, https:\/\/apartment-monolith.com\/wp-content\/uploads\/2020\/02\/IMG_2244-2048x1365.jpg 2048w, https:\/\/apartment-monolith.com\/wp-content\/uploads\/2020\/02\/IMG_2244-360x240.jpg 360w\" sizes=\"(max-width: 1024px) 100vw, 1024px\" \/><\/figure><\/li><\/ul><\/figure>\n\n\n\n<div style=\"height:100px\" aria-hidden=\"true\" class=\"wp-block-spacer\"><\/div>\n","protected":false},"excerpt":{"rendered":"<p>Die gro\u00dfz\u00fcgige K\u00fcche ist voll ausgestattet. Bestec [&hellip;]<\/p>\n","protected":false},"author":1,"featured_media":0,"parent":0,"menu_order":0,"comment_status":"closed","ping_status":"closed","template":"","meta":{"footnotes":""},"translation":{"provider":"WPGlobus","version":"2.12.2","language":"zh","enabled_languages":["de","en","fr","zh"],"languages":{"de":{"title":true,"content":true,"excerpt":false},"en":{"title":true,"content":true,"excerpt":false},"fr":{"title":true,"content":true,"excerpt":false},"zh":{"title":false,"content":false,"excerpt":false}}},"yoast_head":"<!-- This site is optimized with the Yoast SEO plugin v21.9.1 - https:\/\/yoast.com\/wordpress\/plugins\/seo\/ -->\n<title>- Apartment Monolith Black Forest<\/title>\n<meta name=\"robots\" content=\"index, follow, max-snippet:-1, max-image-preview:large, max-video-preview:-1\" \/>\n<link rel=\"canonical\" href=\"https:\/\/apartment-monolith.com\/kueche\/\" \/>\n<meta property=\"og:locale\" content=\"zh_CN\" \/>\n<meta property=\"og:type\" content=\"article\" \/>\n<meta property=\"og:title\" content=\"- Apartment Monolith Black Forest\" \/>\n<meta property=\"og:url\" content=\"https:\/\/apartment-monolith.com\/kueche\/\" \/>\n<meta property=\"og:site_name\" content=\"Apartment Monolith Black Forest\" \/>\n<meta property=\"article:publisher\" content=\"https:\/\/www.facebook.com\/apartmentmonolith\/\" \/>\n<meta property=\"article:modified_time\" content=\"2020-06-17T08:40:39+00:00\" \/>\n<meta property=\"og:image\" content=\"http:\/\/apartment-monolith.com\/wp-content\/uploads\/2020\/02\/IMG_2224-1024x683.jpg\" \/>\n<meta name=\"twitter:card\" content=\"summary_large_image\" \/>\n<meta name=\"twitter:label1\" content=\"\u9884\u8ba1\u9605\u8bfb\u65f6\u95f4\" \/>\n\t<meta name=\"twitter:data1\" content=\"2 \u5206\" \/>\n<script type=\"application\/ld+json\" class=\"yoast-schema-graph\">{\"@context\":\"https:\/\/schema.org\",\"@graph\":[{\"@type\":\"WebPage\",\"@id\":\"https:\/\/apartment-monolith.com\/kueche\/\",\"url\":\"https:\/\/apartment-monolith.com\/kueche\/\",\"name\":\"- Apartment Monolith Black Forest\",\"isPartOf\":{\"@id\":\"http:\/\/apartment-monolith.com\/#website\"},\"datePublished\":\"2020-02-14T11:43:44+00:00\",\"dateModified\":\"2020-06-17T08:40:39+00:00\",\"breadcrumb\":{\"@id\":\"https:\/\/apartment-monolith.com\/kueche\/#breadcrumb\"},\"inLanguage\":\"zh-Hans\",\"potentialAction\":[{\"@type\":\"ReadAction\",\"target\":[\"https:\/\/apartment-monolith.com\/kueche\/\"]}]},{\"@type\":\"BreadcrumbList\",\"@id\":\"https:\/\/apartment-monolith.com\/kueche\/#breadcrumb\",\"itemListElement\":[{\"@type\":\"ListItem\",\"position\":1,\"name\":\"Home\",\"item\":\"http:\/\/apartment-monolith.com\/\"},{\"@type\":\"ListItem\",\"position\":2,\"name\":\"K\u00fcche\"}]},{\"@type\":\"WebSite\",\"@id\":\"http:\/\/apartment-monolith.com\/#website\",\"url\":\"http:\/\/apartment-monolith.com\/\",\"name\":\"Apartment Monolith - Black Forest\",\"description\":\"\",\"publisher\":{\"@id\":\"http:\/\/apartment-monolith.com\/#organization\"},\"potentialAction\":[{\"@type\":\"SearchAction\",\"target\":{\"@type\":\"EntryPoint\",\"urlTemplate\":\"http:\/\/apartment-monolith.com\/?s={search_term_string}\"},\"query-input\":\"required name=search_term_string\"}],\"inLanguage\":\"zh-Hans\"},{\"@type\":\"Organization\",\"@id\":\"http:\/\/apartment-monolith.com\/#organization\",\"name\":\"Apartment Monolith - Black Forest\",\"url\":\"http:\/\/apartment-monolith.com\/\",\"logo\":{\"@type\":\"ImageObject\",\"inLanguage\":\"zh-Hans\",\"@id\":\"http:\/\/apartment-monolith.com\/#\/schema\/logo\/image\/\",\"url\":\"https:\/\/apartment-monolith.com\/wp-content\/uploads\/2020\/04\/cropped-logo-monolith-Bearbeitet.png\",\"contentUrl\":\"https:\/\/apartment-monolith.com\/wp-content\/uploads\/2020\/04\/cropped-logo-monolith-Bearbeitet.png\",\"width\":778,\"height\":458,\"caption\":\"Apartment Monolith - Black Forest\"},\"image\":{\"@id\":\"http:\/\/apartment-monolith.com\/#\/schema\/logo\/image\/\"},\"sameAs\":[\"https:\/\/www.facebook.com\/apartmentmonolith\/\"]}]}<\/script>\n<!-- \/ Yoast SEO plugin. -->","yoast_head_json":{"title":"- Apartment Monolith Black Forest","robots":{"index":"index","follow":"follow","max-snippet":"max-snippet:-1","max-image-preview":"max-image-preview:large","max-video-preview":"max-video-preview:-1"},"canonical":"https:\/\/apartment-monolith.com\/kueche\/","og_locale":"zh_CN","og_type":"article","og_title":"- Apartment Monolith Black Forest","og_url":"https:\/\/apartment-monolith.com\/kueche\/","og_site_name":"Apartment Monolith Black Forest","article_publisher":"https:\/\/www.facebook.com\/apartmentmonolith\/","article_modified_time":"2020-06-17T08:40:39+00:00","og_image":[{"url":"http:\/\/apartment-monolith.com\/wp-content\/uploads\/2020\/02\/IMG_2224-1024x683.jpg"}],"twitter_card":"summary_large_image","twitter_misc":{"\u9884\u8ba1\u9605\u8bfb\u65f6\u95f4":"2 \u5206"},"schema":{"@context":"https:\/\/schema.org","@graph":[{"@type":"WebPage","@id":"https:\/\/apartment-monolith.com\/kueche\/","url":"https:\/\/apartment-monolith.com\/kueche\/","name":"- Apartment Monolith Black Forest","isPartOf":{"@id":"http:\/\/apartment-monolith.com\/#website"},"datePublished":"2020-02-14T11:43:44+00:00","dateModified":"2020-06-17T08:40:39+00:00","breadcrumb":{"@id":"https:\/\/apartment-monolith.com\/kueche\/#breadcrumb"},"inLanguage":"zh-Hans","potentialAction":[{"@type":"ReadAction","target":["https:\/\/apartment-monolith.com\/kueche\/"]}]},{"@type":"BreadcrumbList","@id":"https:\/\/apartment-monolith.com\/kueche\/#breadcrumb","itemListElement":[{"@type":"ListItem","position":1,"name":"Home","item":"http:\/\/apartment-monolith.com\/"},{"@type":"ListItem","position":2,"name":"K\u00fcche"}]},{"@type":"WebSite","@id":"http:\/\/apartment-monolith.com\/#website","url":"http:\/\/apartment-monolith.com\/","name":"Apartment Monolith - Black Forest","description":"","publisher":{"@id":"http:\/\/apartment-monolith.com\/#organization"},"potentialAction":[{"@type":"SearchAction","target":{"@type":"EntryPoint","urlTemplate":"http:\/\/apartment-monolith.com\/?s={search_term_string}"},"query-input":"required name=search_term_string"}],"inLanguage":"zh-Hans"},{"@type":"Organization","@id":"http:\/\/apartment-monolith.com\/#organization","name":"Apartment Monolith - Black Forest","url":"http:\/\/apartment-monolith.com\/","logo":{"@type":"ImageObject","inLanguage":"zh-Hans","@id":"http:\/\/apartment-monolith.com\/#\/schema\/logo\/image\/","url":"https:\/\/apartment-monolith.com\/wp-content\/uploads\/2020\/04\/cropped-logo-monolith-Bearbeitet.png","contentUrl":"https:\/\/apartment-monolith.com\/wp-content\/uploads\/2020\/04\/cropped-logo-monolith-Bearbeitet.png","width":778,"height":458,"caption":"Apartment Monolith - Black Forest"},"image":{"@id":"http:\/\/apartment-monolith.com\/#\/schema\/logo\/image\/"},"sameAs":["https:\/\/www.facebook.com\/apartmentmonolith\/"]}]}},"_links":{"self":[{"href":"https:\/\/apartment-monolith.com\/zh\/wp-json\/wp\/v2\/pages\/211"}],"collection":[{"href":"https:\/\/apartment-monolith.com\/zh\/wp-json\/wp\/v2\/pages"}],"about":[{"href":"https:\/\/apartment-monolith.com\/zh\/wp-json\/wp\/v2\/types\/page"}],"author":[{"embeddable":true,"href":"https:\/\/apartment-monolith.com\/zh\/wp-json\/wp\/v2\/users\/1"}],"replies":[{"embeddable":true,"href":"https:\/\/apartment-monolith.com\/zh\/wp-json\/wp\/v2\/comments?post=211"}],"version-history":[{"count":4,"href":"https:\/\/apartment-monolith.com\/zh\/wp-json\/wp\/v2\/pages\/211\/revisions"}],"predecessor-version":[{"id":451,"href":"https:\/\/apartment-monolith.com\/zh\/wp-json\/wp\/v2\/pages\/211\/revisions\/451"}],"wp:attachment":[{"href":"https:\/\/apartment-monolith.com\/zh\/wp-json\/wp\/v2\/media?parent=211"}],"curies":[{"name":"wp","href":"https:\/\/api.w.org\/{rel}","templated":true}]}}