{"id":601,"date":"2020-08-23T20:57:16","date_gmt":"2020-08-23T20:57:16","guid":{"rendered":"http:\/\/apartment-monolith.com\/?page_id=601"},"modified":"2020-08-23T21:12:54","modified_gmt":"2020-08-23T21:12:54","slug":"sonstiges","status":"publish","type":"page","link":"https:\/\/apartment-monolith.com\/fr\/sonstiges\/","title":{"rendered":"Sonstiges"},"content":{"rendered":"\n<div class=\"wp-block-columns is-layout-flex wp-container-core-columns-layout-1 wp-block-columns-is-layout-flex\">\n<div class=\"wp-block-column is-layout-flow wp-block-column-is-layout-flow\" style=\"flex-basis:33.33%\">\n<figure class=\"wp-block-image size-large is-resized\"><img loading=\"lazy\" decoding=\"async\" src=\"http:\/\/apartment-monolith.com\/wp-content\/uploads\/2020\/08\/schloss-oeffnen-1.png\" alt=\"\" class=\"wp-image-617\" width=\"158\" height=\"158\" srcset=\"https:\/\/apartment-monolith.com\/wp-content\/uploads\/2020\/08\/schloss-oeffnen-1.png 512w, https:\/\/apartment-monolith.com\/wp-content\/uploads\/2020\/08\/schloss-oeffnen-1-300x300.png 300w, https:\/\/apartment-monolith.com\/wp-content\/uploads\/2020\/08\/schloss-oeffnen-1-150x150.png 150w\" sizes=\"(max-width: 158px) 100vw, 158px\" \/><\/figure>\n<\/div>\n\n\n\n<div class=\"wp-block-column is-layout-flow wp-block-column-is-layout-flow\" style=\"flex-basis:66.66%\">\n<h2 class=\"wp-block-heading\">Safe f\u00fcr Ihre Wertgegenst\u00e4nde<\/h2>\n\n\n\n<p>Im Kleiderschrank befindet sich ein Safe. Sie k\u00f6nnen hier gerne Ihre Wertgegenst\u00e4nde aufbewahren. Eine genaue Anleitung, wie sie Ihren eigenen Sicherheitscode erstellen, liegt beim Safe. Die Nutzung des Safes ist f\u00fcr G\u00e4ste des Apartments Monolith kostenfrei.<\/p>\n<\/div>\n<\/div>\n\n\n\n<div class=\"wp-block-columns is-layout-flex wp-container-core-columns-layout-2 wp-block-columns-is-layout-flex\">\n<div class=\"wp-block-column is-layout-flow wp-block-column-is-layout-flow\" style=\"flex-basis:33.33%\">\n<figure class=\"wp-block-image size-large is-resized\"><img loading=\"lazy\" decoding=\"async\" src=\"http:\/\/apartment-monolith.com\/wp-content\/uploads\/2020\/08\/bademantel.png\" alt=\"\" class=\"wp-image-604\" width=\"138\" height=\"138\" srcset=\"https:\/\/apartment-monolith.com\/wp-content\/uploads\/2020\/08\/bademantel.png 512w, https:\/\/apartment-monolith.com\/wp-content\/uploads\/2020\/08\/bademantel-300x300.png 300w, https:\/\/apartment-monolith.com\/wp-content\/uploads\/2020\/08\/bademantel-150x150.png 150w\" sizes=\"(max-width: 138px) 100vw, 138px\" \/><\/figure>\n<\/div>\n\n\n\n<div class=\"wp-block-column is-layout-flow wp-block-column-is-layout-flow\" style=\"flex-basis:66.66%\">\n<h2 class=\"wp-block-heading\">Badem\u00e4ntel Kostenlos<\/h2>\n\n\n\n<p>Im Apartment sind immer 2 Badem\u00e4ntel im Schrank. Falls Sie mehr ben\u00f6tigen, k\u00f6nnen Sie uns gerne jederzeit ansprechen. Wir haben genug f\u00fcr sie zur Verf\u00fcgung.<\/p>\n<\/div>\n<\/div>\n\n\n\n<div class=\"wp-block-columns is-layout-flex wp-container-core-columns-layout-3 wp-block-columns-is-layout-flex\">\n<div class=\"wp-block-column is-layout-flow wp-block-column-is-layout-flow\" style=\"flex-basis:33.33%\">\n<figure class=\"wp-block-image size-large is-resized\"><img loading=\"lazy\" decoding=\"async\" src=\"http:\/\/apartment-monolith.com\/wp-content\/uploads\/2020\/08\/ski.png\" alt=\"\" class=\"wp-image-605\" width=\"137\" height=\"137\" srcset=\"https:\/\/apartment-monolith.com\/wp-content\/uploads\/2020\/08\/ski.png 512w, https:\/\/apartment-monolith.com\/wp-content\/uploads\/2020\/08\/ski-300x300.png 300w, https:\/\/apartment-monolith.com\/wp-content\/uploads\/2020\/08\/ski-150x150.png 150w\" sizes=\"(max-width: 137px) 100vw, 137px\" \/><\/figure>\n<\/div>\n\n\n\n<div class=\"wp-block-column is-layout-flow wp-block-column-is-layout-flow\" style=\"flex-basis:66.66%\">\n<h2 class=\"wp-block-heading\">Abstellraum f\u00fcr Sportger\u00e4te<\/h2>\n\n\n\n<p>Neben dem Apartment befindet sich ein kleiner, abschlie\u00dfbarer Abstellraum. Hier k\u00f6nnen Sie gerne kostenlos Ihre Sportger\u00e4te wie Ski, Snowboard, Fahrr\u00e4der oder \u00e4hnliches unterstellen. Bitte wenden Sie sich an ihre Gastgeber, um einen Schl\u00fcssel zu erhalten.<\/p>\n<\/div>\n<\/div>\n\n\n\n<div class=\"wp-block-columns is-layout-flex wp-container-core-columns-layout-4 wp-block-columns-is-layout-flex\">\n<div class=\"wp-block-column is-layout-flow wp-block-column-is-layout-flow\" style=\"flex-basis:33.33%\">\n<figure class=\"wp-block-image size-large is-resized\"><img loading=\"lazy\" decoding=\"async\" src=\"http:\/\/apartment-monolith.com\/wp-content\/uploads\/2020\/08\/brot.png\" alt=\"\" class=\"wp-image-606\" width=\"147\" height=\"147\" srcset=\"https:\/\/apartment-monolith.com\/wp-content\/uploads\/2020\/08\/brot.png 512w, https:\/\/apartment-monolith.com\/wp-content\/uploads\/2020\/08\/brot-300x300.png 300w, https:\/\/apartment-monolith.com\/wp-content\/uploads\/2020\/08\/brot-150x150.png 150w\" sizes=\"(max-width: 147px) 100vw, 147px\" \/><\/figure>\n<\/div>\n\n\n\n<div class=\"wp-block-column is-layout-flow wp-block-column-is-layout-flow\" style=\"flex-basis:66.66%\">\n<h2 class=\"wp-block-heading\">Br\u00f6tchenservice<\/h2>\n\n\n\n<p>Sie m\u00f6gen gerne morgens frische Br\u00f6tchen? Kein Problem, wir besorgen Ihnen gerne frische Br\u00f6tchen vom B\u00e4cker aus Schonach. Bitte sprechen Sie uns an und sagen uns Ihre Vorlieben.<\/p>\n\n\n\n<p>Bringservice 5 \u20ac (+ B\u00e4ckerpreis)<\/p>\n<\/div>\n<\/div>\n\n\n\n<div class=\"wp-block-columns is-layout-flex wp-container-core-columns-layout-5 wp-block-columns-is-layout-flex\">\n<div class=\"wp-block-column is-layout-flow wp-block-column-is-layout-flow\" style=\"flex-basis:33.33%\">\n<figure class=\"wp-block-image size-large is-resized\"><img loading=\"lazy\" decoding=\"async\" src=\"http:\/\/apartment-monolith.com\/wp-content\/uploads\/2020\/08\/wagen.png\" alt=\"\" class=\"wp-image-607\" width=\"145\" height=\"145\" srcset=\"https:\/\/apartment-monolith.com\/wp-content\/uploads\/2020\/08\/wagen.png 512w, https:\/\/apartment-monolith.com\/wp-content\/uploads\/2020\/08\/wagen-300x300.png 300w, https:\/\/apartment-monolith.com\/wp-content\/uploads\/2020\/08\/wagen-150x150.png 150w\" sizes=\"(max-width: 145px) 100vw, 145px\" \/><\/figure>\n<\/div>\n\n\n\n<div class=\"wp-block-column is-layout-flow wp-block-column-is-layout-flow\" style=\"flex-basis:66.66%\">\n<h2 class=\"wp-block-heading\">Einkaufservice<\/h2>\n\n\n\n<p>Sie m\u00f6chten nicht raus zum Einkaufen? Sagen Sie uns was sie brauchen und wir besorgen es Ihnen. Diesen Service k\u00f6nnen Sie auch vor Ihrer Ankunft buchen, damit sie einen gef\u00fcllten K\u00fchlschrank bei Ankunft vorfinden.<\/p>\n\n\n\n<p>Bringservice Innerhalb von Schonach 5 \u20ac<br>(+ Einkaufspreis)<\/p>\n\n\n\n<p>Fahrten au\u00dferhalb von Schonach nach Absprache.<\/p>\n<\/div>\n<\/div>\n\n\n\n<div class=\"wp-block-columns is-layout-flex wp-container-core-columns-layout-6 wp-block-columns-is-layout-flex\">\n<div class=\"wp-block-column is-layout-flow wp-block-column-is-layout-flow\" style=\"flex-basis:33.33%\">\n<figure class=\"wp-block-image size-large is-resized\"><img loading=\"lazy\" decoding=\"async\" src=\"http:\/\/apartment-monolith.com\/wp-content\/uploads\/2020\/08\/trinken.png\" alt=\"\" class=\"wp-image-608\" width=\"141\" height=\"141\" srcset=\"https:\/\/apartment-monolith.com\/wp-content\/uploads\/2020\/08\/trinken.png 512w, https:\/\/apartment-monolith.com\/wp-content\/uploads\/2020\/08\/trinken-300x300.png 300w, https:\/\/apartment-monolith.com\/wp-content\/uploads\/2020\/08\/trinken-150x150.png 150w\" sizes=\"(max-width: 141px) 100vw, 141px\" \/><\/figure>\n<\/div>\n\n\n\n<div class=\"wp-block-column is-layout-flow wp-block-column-is-layout-flow\" style=\"flex-basis:66.66%\">\n<h2 class=\"wp-block-heading\">Soda Stream &#8211; Sprudelwasser<\/h2>\n\n\n\n<p>Sprudelwasser auf Knopfdruck. Mit dem Soda Stream k\u00f6nnen Sie sich schnell und einfach Sprudelwasser selbst herstellen. Und keine Sorge, das Schonacher Leitungswasser hat Spitzenqualit\u00e4t.<\/p>\n<\/div>\n<\/div>\n\n\n\n<div class=\"wp-block-columns is-layout-flex wp-container-core-columns-layout-7 wp-block-columns-is-layout-flex\">\n<div class=\"wp-block-column is-layout-flow wp-block-column-is-layout-flow\" style=\"flex-basis:33.33%\">\n<figure class=\"wp-block-image size-large is-resized\"><img loading=\"lazy\" decoding=\"async\" src=\"http:\/\/apartment-monolith.com\/wp-content\/uploads\/2020\/08\/bier.png\" alt=\"\" class=\"wp-image-610\" width=\"146\" height=\"146\" srcset=\"https:\/\/apartment-monolith.com\/wp-content\/uploads\/2020\/08\/bier.png 512w, https:\/\/apartment-monolith.com\/wp-content\/uploads\/2020\/08\/bier-300x300.png 300w, https:\/\/apartment-monolith.com\/wp-content\/uploads\/2020\/08\/bier-150x150.png 150w\" sizes=\"(max-width: 146px) 100vw, 146px\" \/><\/figure>\n<\/div>\n\n\n\n<div class=\"wp-block-column is-layout-flow wp-block-column-is-layout-flow\" style=\"flex-basis:66.66%\">\n<h2 class=\"wp-block-heading\">Getr\u00e4nkeservice<\/h2>\n\n\n\n<p>Sie m\u00f6chten Ihre Lieblingsgetr\u00e4nke genie\u00dfen? Sagen Sie uns was sie brauchen und wir besorgen es Ihnen. Diesen Service k\u00f6nnen Sie auch vor Ihrer Ankunft buchen, damit sie einen gef\u00fcllten K\u00fchlschrank bei Ankunft vorfinden.<\/p>\n\n\n\n<p>Bringservice 5 \u20ac (+ Getr\u00e4nkepreis)<\/p>\n<\/div>\n<\/div>\n\n\n\n<div class=\"wp-block-columns is-layout-flex wp-container-core-columns-layout-8 wp-block-columns-is-layout-flex\">\n<div class=\"wp-block-column is-layout-flow wp-block-column-is-layout-flow\" style=\"flex-basis:33.33%\">\n<figure class=\"wp-block-image size-large is-resized\"><img loading=\"lazy\" decoding=\"async\" src=\"http:\/\/apartment-monolith.com\/wp-content\/uploads\/2020\/08\/wasser.png\" alt=\"\" class=\"wp-image-614\" width=\"147\" height=\"147\" srcset=\"https:\/\/apartment-monolith.com\/wp-content\/uploads\/2020\/08\/wasser.png 512w, https:\/\/apartment-monolith.com\/wp-content\/uploads\/2020\/08\/wasser-300x300.png 300w, https:\/\/apartment-monolith.com\/wp-content\/uploads\/2020\/08\/wasser-150x150.png 150w\" sizes=\"(max-width: 147px) 100vw, 147px\" \/><\/figure>\n<\/div>\n\n\n\n<div class=\"wp-block-column is-layout-flow wp-block-column-is-layout-flow\" style=\"flex-basis:66.66%\">\n<h2 class=\"wp-block-heading\">W\u00e4sche-, Trocken-, und B\u00fcgelservice<\/h2>\n\n\n\n<p>Wir bieten Ihnen einen W\u00e4sche-, Trocken- und B\u00fcgelservice an. Bitte fragen Sie einfach bei Ihrem Gastgeber nach.<\/p>\n\n\n\n<p>Waschen pro Maschinenladung: 10 \u20ac<\/p>\n\n\n\n<p>Trocknen pro Maschinenladung: 10 \u20ac<\/p>\n\n\n\n<p>B\u00fcgeln pro Kleidungsst\u00fcck: 2 \u20ac<\/p>\n<\/div>\n<\/div>\n","protected":false},"excerpt":{"rendered":"<p>Safe f\u00fcr Ihre Wertgegenst\u00e4nde Im Kleiderschrank befindet sich ein Safe. Sie k\u00f6nnen hier gerne Ihre Wertgegenst\u00e4nde aufbewahren. Eine genaue Anleitung, wie sie Ihren eigenen Sicherheitscode erstellen, liegt beim Safe. Die Nutzung des Safes ist f\u00fcr G\u00e4ste des Apartments Monolith kostenfrei. Badem\u00e4ntel Kostenlos Im Apartment sind immer 2 Badem\u00e4ntel im Schrank. [&hellip;]<\/p>\n","protected":false},"author":1,"featured_media":0,"parent":0,"menu_order":0,"comment_status":"closed","ping_status":"closed","template":"","meta":{"footnotes":""},"translation":{"provider":"WPGlobus","version":"2.12.2","language":"fr","enabled_languages":["de","en","fr","zh"],"languages":{"de":{"title":true,"content":true,"excerpt":false},"en":{"title":false,"content":false,"excerpt":false},"fr":{"title":false,"content":false,"excerpt":false},"zh":{"title":false,"content":false,"excerpt":false}}},"yoast_head":"<!-- This site is optimized with the Yoast SEO plugin v21.9.1 - https:\/\/yoast.com\/wordpress\/plugins\/seo\/ -->\n<title>Sonstiges - Apartment Monolith Black Forest<\/title>\n<meta name=\"robots\" content=\"index, follow, max-snippet:-1, max-image-preview:large, max-video-preview:-1\" \/>\n<link rel=\"canonical\" href=\"http:\/\/apartment-monolith.com\/sonstiges\/\" \/>\n<meta property=\"og:locale\" content=\"fr_FR\" \/>\n<meta property=\"og:type\" content=\"article\" \/>\n<meta property=\"og:title\" content=\"Sonstiges - Apartment Monolith Black Forest\" \/>\n<meta property=\"og:url\" content=\"http:\/\/apartment-monolith.com\/sonstiges\/\" \/>\n<meta property=\"og:site_name\" content=\"Apartment Monolith Black Forest\" \/>\n<meta property=\"article:publisher\" content=\"https:\/\/www.facebook.com\/apartmentmonolith\/\" \/>\n<meta property=\"article:modified_time\" content=\"2020-08-23T21:12:54+00:00\" \/>\n<meta property=\"og:image\" content=\"http:\/\/apartment-monolith.com\/wp-content\/uploads\/2020\/08\/schloss-oeffnen-1.png\" \/>\n<meta name=\"twitter:card\" content=\"summary_large_image\" \/>\n<meta name=\"twitter:label1\" content=\"Dur\u00e9e de lecture estim\u00e9e\" \/>\n\t<meta name=\"twitter:data1\" content=\"2 minutes\" \/>\n<script type=\"application\/ld+json\" class=\"yoast-schema-graph\">{\"@context\":\"https:\/\/schema.org\",\"@graph\":[{\"@type\":\"WebPage\",\"@id\":\"http:\/\/apartment-monolith.com\/sonstiges\/\",\"url\":\"http:\/\/apartment-monolith.com\/sonstiges\/\",\"name\":\"Sonstiges - Apartment Monolith Black Forest\",\"isPartOf\":{\"@id\":\"http:\/\/apartment-monolith.com\/#website\"},\"datePublished\":\"2020-08-23T20:57:16+00:00\",\"dateModified\":\"2020-08-23T21:12:54+00:00\",\"breadcrumb\":{\"@id\":\"http:\/\/apartment-monolith.com\/sonstiges\/#breadcrumb\"},\"inLanguage\":\"fr-FR\",\"potentialAction\":[{\"@type\":\"ReadAction\",\"target\":[\"http:\/\/apartment-monolith.com\/sonstiges\/\"]}]},{\"@type\":\"BreadcrumbList\",\"@id\":\"http:\/\/apartment-monolith.com\/sonstiges\/#breadcrumb\",\"itemListElement\":[{\"@type\":\"ListItem\",\"position\":1,\"name\":\"Home\",\"item\":\"http:\/\/apartment-monolith.com\/\"},{\"@type\":\"ListItem\",\"position\":2,\"name\":\"Sonstiges\"}]},{\"@type\":\"WebSite\",\"@id\":\"http:\/\/apartment-monolith.com\/#website\",\"url\":\"http:\/\/apartment-monolith.com\/\",\"name\":\"Apartment Monolith - Black Forest\",\"description\":\"\",\"publisher\":{\"@id\":\"http:\/\/apartment-monolith.com\/#organization\"},\"potentialAction\":[{\"@type\":\"SearchAction\",\"target\":{\"@type\":\"EntryPoint\",\"urlTemplate\":\"http:\/\/apartment-monolith.com\/?s={search_term_string}\"},\"query-input\":\"required name=search_term_string\"}],\"inLanguage\":\"fr-FR\"},{\"@type\":\"Organization\",\"@id\":\"http:\/\/apartment-monolith.com\/#organization\",\"name\":\"Apartment Monolith - Black Forest\",\"url\":\"http:\/\/apartment-monolith.com\/\",\"logo\":{\"@type\":\"ImageObject\",\"inLanguage\":\"fr-FR\",\"@id\":\"http:\/\/apartment-monolith.com\/#\/schema\/logo\/image\/\",\"url\":\"https:\/\/apartment-monolith.com\/wp-content\/uploads\/2020\/04\/cropped-logo-monolith-Bearbeitet.png\",\"contentUrl\":\"https:\/\/apartment-monolith.com\/wp-content\/uploads\/2020\/04\/cropped-logo-monolith-Bearbeitet.png\",\"width\":778,\"height\":458,\"caption\":\"Apartment Monolith - Black Forest\"},\"image\":{\"@id\":\"http:\/\/apartment-monolith.com\/#\/schema\/logo\/image\/\"},\"sameAs\":[\"https:\/\/www.facebook.com\/apartmentmonolith\/\"]}]}<\/script>\n<!-- \/ Yoast SEO plugin. -->","yoast_head_json":{"title":"Sonstiges - Apartment Monolith Black Forest","robots":{"index":"index","follow":"follow","max-snippet":"max-snippet:-1","max-image-preview":"max-image-preview:large","max-video-preview":"max-video-preview:-1"},"canonical":"http:\/\/apartment-monolith.com\/sonstiges\/","og_locale":"fr_FR","og_type":"article","og_title":"Sonstiges - Apartment Monolith Black Forest","og_url":"http:\/\/apartment-monolith.com\/sonstiges\/","og_site_name":"Apartment Monolith Black Forest","article_publisher":"https:\/\/www.facebook.com\/apartmentmonolith\/","article_modified_time":"2020-08-23T21:12:54+00:00","og_image":[{"url":"http:\/\/apartment-monolith.com\/wp-content\/uploads\/2020\/08\/schloss-oeffnen-1.png"}],"twitter_card":"summary_large_image","twitter_misc":{"Dur\u00e9e de lecture estim\u00e9e":"2 minutes"},"schema":{"@context":"https:\/\/schema.org","@graph":[{"@type":"WebPage","@id":"http:\/\/apartment-monolith.com\/sonstiges\/","url":"http:\/\/apartment-monolith.com\/sonstiges\/","name":"Sonstiges - Apartment Monolith Black Forest","isPartOf":{"@id":"http:\/\/apartment-monolith.com\/#website"},"datePublished":"2020-08-23T20:57:16+00:00","dateModified":"2020-08-23T21:12:54+00:00","breadcrumb":{"@id":"http:\/\/apartment-monolith.com\/sonstiges\/#breadcrumb"},"inLanguage":"fr-FR","potentialAction":[{"@type":"ReadAction","target":["http:\/\/apartment-monolith.com\/sonstiges\/"]}]},{"@type":"BreadcrumbList","@id":"http:\/\/apartment-monolith.com\/sonstiges\/#breadcrumb","itemListElement":[{"@type":"ListItem","position":1,"name":"Home","item":"http:\/\/apartment-monolith.com\/"},{"@type":"ListItem","position":2,"name":"Sonstiges"}]},{"@type":"WebSite","@id":"http:\/\/apartment-monolith.com\/#website","url":"http:\/\/apartment-monolith.com\/","name":"Apartment Monolith - Black Forest","description":"","publisher":{"@id":"http:\/\/apartment-monolith.com\/#organization"},"potentialAction":[{"@type":"SearchAction","target":{"@type":"EntryPoint","urlTemplate":"http:\/\/apartment-monolith.com\/?s={search_term_string}"},"query-input":"required name=search_term_string"}],"inLanguage":"fr-FR"},{"@type":"Organization","@id":"http:\/\/apartment-monolith.com\/#organization","name":"Apartment Monolith - Black Forest","url":"http:\/\/apartment-monolith.com\/","logo":{"@type":"ImageObject","inLanguage":"fr-FR","@id":"http:\/\/apartment-monolith.com\/#\/schema\/logo\/image\/","url":"https:\/\/apartment-monolith.com\/wp-content\/uploads\/2020\/04\/cropped-logo-monolith-Bearbeitet.png","contentUrl":"https:\/\/apartment-monolith.com\/wp-content\/uploads\/2020\/04\/cropped-logo-monolith-Bearbeitet.png","width":778,"height":458,"caption":"Apartment Monolith - Black Forest"},"image":{"@id":"http:\/\/apartment-monolith.com\/#\/schema\/logo\/image\/"},"sameAs":["https:\/\/www.facebook.com\/apartmentmonolith\/"]}]}},"_links":{"self":[{"href":"https:\/\/apartment-monolith.com\/fr\/wp-json\/wp\/v2\/pages\/601"}],"collection":[{"href":"https:\/\/apartment-monolith.com\/fr\/wp-json\/wp\/v2\/pages"}],"about":[{"href":"https:\/\/apartment-monolith.com\/fr\/wp-json\/wp\/v2\/types\/page"}],"author":[{"embeddable":true,"href":"https:\/\/apartment-monolith.com\/fr\/wp-json\/wp\/v2\/users\/1"}],"replies":[{"embeddable":true,"href":"https:\/\/apartment-monolith.com\/fr\/wp-json\/wp\/v2\/comments?post=601"}],"version-history":[{"count":8,"href":"https:\/\/apartment-monolith.com\/fr\/wp-json\/wp\/v2\/pages\/601\/revisions"}],"predecessor-version":[{"id":619,"href":"https:\/\/apartment-monolith.com\/fr\/wp-json\/wp\/v2\/pages\/601\/revisions\/619"}],"wp:attachment":[{"href":"https:\/\/apartment-monolith.com\/fr\/wp-json\/wp\/v2\/media?parent=601"}],"curies":[{"name":"wp","href":"https:\/\/api.w.org\/{rel}","templated":true}]}}