{"id":43,"date":"2018-05-08T12:52:29","date_gmt":"2018-05-08T12:52:29","guid":{"rendered":"http:\/\/apartment-monolith.com\/?page_id=43"},"modified":"2020-06-17T12:17:20","modified_gmt":"2020-06-17T12:17:20","slug":"kontakt","status":"publish","type":"page","link":"https:\/\/apartment-monolith.com\/fr\/kontakt\/","title":{"rendered":"Contactez-Nous"},"content":{"rendered":"\n<div class=\"wp-block-columns is-layout-flex wp-container-core-columns-layout-1 wp-block-columns-is-layout-flex\">\n<div class=\"wp-block-column is-layout-flow wp-block-column-is-layout-flow\">\n<p>Vous avez des questions, des souhaits ou des suggestions ? Contactez-nous !<\/p>\n\n\n\n<p><strong>Appartement Monolithe Black Forest<\/strong><br>Laubeck 31<br>78136 Schonach<\/p>\n\n\n\n<p>T\u00e9l\u00e9phone : +49 (0) 160 95173421<br>Courrier \u00e9lectronique : info@apartment-monolith.de<\/p>\n<\/div>\n\n\n\n<div class=\"wp-block-column is-layout-flow wp-block-column-is-layout-flow\">\n<figure class=\"wp-block-image size-large\"><img loading=\"lazy\" decoding=\"async\" width=\"1024\" height=\"868\" src=\"http:\/\/apartment-monolith.com\/wp-content\/uploads\/2020\/06\/Vogel_Kontakt-1024x868.jpg\" alt=\"\" class=\"wp-image-513\" srcset=\"https:\/\/apartment-monolith.com\/wp-content\/uploads\/2020\/06\/Vogel_Kontakt-1024x868.jpg 1024w, https:\/\/apartment-monolith.com\/wp-content\/uploads\/2020\/06\/Vogel_Kontakt-300x254.jpg 300w, https:\/\/apartment-monolith.com\/wp-content\/uploads\/2020\/06\/Vogel_Kontakt-768x651.jpg 768w, https:\/\/apartment-monolith.com\/wp-content\/uploads\/2020\/06\/Vogel_Kontakt-1536x1302.jpg 1536w, https:\/\/apartment-monolith.com\/wp-content\/uploads\/2020\/06\/Vogel_Kontakt-2048x1736.jpg 2048w\" sizes=\"(max-width: 1024px) 100vw, 1024px\" \/><\/figure>\n<\/div>\n<\/div>\n\n\n\n<p>Ou via le formulaire de contact suivant :<\/p>\n\n\n\n<div style=\"height:100px\" aria-hidden=\"true\" class=\"wp-block-spacer\"><\/div>\n\n\n\n<div class=\"wpforms-container wpforms-container-full\" id=\"wpforms-505\"><form id=\"wpforms-form-505\" class=\"wpforms-validate wpforms-form\" data-formid=\"505\" method=\"post\" enctype=\"multipart\/form-data\" action=\"\/fr\/wp-json\/wp\/v2\/pages\/43\" data-token=\"d7d825f10589785495349ead39a1dc7b\"><noscript class=\"wpforms-error-noscript\">Veuillez activer JavaScript dans votre navigateur pour remplir ce formulaire.<\/noscript><div class=\"wpforms-field-container\"><div id=\"wpforms-505-field_1-container\" class=\"wpforms-field wpforms-field-name\" data-field-id=\"1\"><label class=\"wpforms-field-label\" for=\"wpforms-505-field_1\">Votre nom <span class=\"wpforms-required-label\">*<\/span><\/label><input type=\"text\" id=\"wpforms-505-field_1\" class=\"wpforms-field-medium wpforms-field-required\" name=\"wpforms[fields][1]\" required><\/div><div id=\"wpforms-505-field_2-container\" class=\"wpforms-field wpforms-field-email\" data-field-id=\"2\"><label class=\"wpforms-field-label\" for=\"wpforms-505-field_2\">Votre e-mail <span class=\"wpforms-required-label\">*<\/span><\/label><input type=\"email\" id=\"wpforms-505-field_2\" class=\"wpforms-field-medium wpforms-field-required\" name=\"wpforms[fields][2]\" spellcheck=\"false\" required><\/div><div id=\"wpforms-505-field_3-container\" class=\"wpforms-field wpforms-field-text\" data-field-id=\"3\"><label class=\"wpforms-field-label\" for=\"wpforms-505-field_3\">Sujet <span class=\"wpforms-required-label\">*<\/span><\/label><input type=\"text\" id=\"wpforms-505-field_3\" class=\"wpforms-field-medium wpforms-field-required\" name=\"wpforms[fields][3]\" required><\/div><div id=\"wpforms-505-field_4-container\" class=\"wpforms-field wpforms-field-textarea\" data-field-id=\"4\"><label class=\"wpforms-field-label\" for=\"wpforms-505-field_4\">Votre message <span class=\"wpforms-required-label\">*<\/span><\/label><textarea id=\"wpforms-505-field_4\" class=\"wpforms-field-medium wpforms-field-required\" name=\"wpforms[fields][4]\" required><\/textarea><\/div><\/div><!-- .wpforms-field-container --><div class=\"wpforms-submit-container\" ><input type=\"hidden\" name=\"wpforms[id]\" value=\"505\"><input type=\"hidden\" name=\"wpforms[author]\" value=\"1\"><button type=\"submit\" name=\"wpforms[submit]\" id=\"wpforms-submit-505\" class=\"wpforms-submit\" data-alt-text=\"Senden\" data-submit-text=\"Nachricht senden\" aria-live=\"assertive\" value=\"wpforms-submit\">Nachricht senden<\/button><\/div><\/form><\/div>  <!-- .wpforms-container -->\n","protected":false},"excerpt":{"rendered":"<p>Vous avez des questions, des souhaits ou des suggestions ? Contactez-nous ! Appartement Monolithe Black ForestLaubeck 3178136 Schonach T\u00e9l\u00e9phone : +49 (0) 160 95173421Courrier \u00e9lectronique : info@apartment-monolith.de Ou via le formulaire de contact suivant :<\/p>\n","protected":false},"author":1,"featured_media":0,"parent":0,"menu_order":0,"comment_status":"closed","ping_status":"closed","template":"","meta":{"footnotes":""},"translation":{"provider":"WPGlobus","version":"2.12.2","language":"fr","enabled_languages":["de","en","fr","zh"],"languages":{"de":{"title":true,"content":true,"excerpt":false},"en":{"title":true,"content":true,"excerpt":false},"fr":{"title":true,"content":true,"excerpt":false},"zh":{"title":false,"content":false,"excerpt":false}}},"yoast_head":"<!-- This site is optimized with the Yoast SEO plugin v21.9.1 - https:\/\/yoast.com\/wordpress\/plugins\/seo\/ -->\n<title>Contactez-Nous - Apartment Monolith Black Forest<\/title>\n<meta name=\"robots\" content=\"index, follow, max-snippet:-1, max-image-preview:large, max-video-preview:-1\" \/>\n<link rel=\"canonical\" href=\"https:\/\/apartment-monolith.com\/kontakt\/\" \/>\n<meta property=\"og:locale\" content=\"fr_FR\" \/>\n<meta property=\"og:type\" content=\"article\" \/>\n<meta property=\"og:title\" content=\"Contactez-Nous - Apartment Monolith Black Forest\" \/>\n<meta property=\"og:url\" content=\"https:\/\/apartment-monolith.com\/kontakt\/\" \/>\n<meta property=\"og:site_name\" content=\"Apartment Monolith Black Forest\" \/>\n<meta property=\"article:publisher\" content=\"https:\/\/www.facebook.com\/apartmentmonolith\/\" \/>\n<meta property=\"article:modified_time\" content=\"2020-06-17T12:17:20+00:00\" \/>\n<meta property=\"og:image\" content=\"http:\/\/apartment-monolith.com\/wp-content\/uploads\/2020\/06\/Vogel_Kontakt-1024x868.jpg\" \/>\n<meta name=\"twitter:card\" content=\"summary_large_image\" \/>\n<script type=\"application\/ld+json\" class=\"yoast-schema-graph\">{\"@context\":\"https:\/\/schema.org\",\"@graph\":[{\"@type\":\"WebPage\",\"@id\":\"https:\/\/apartment-monolith.com\/kontakt\/\",\"url\":\"https:\/\/apartment-monolith.com\/kontakt\/\",\"name\":\"Contactez-Nous - Apartment Monolith Black Forest\",\"isPartOf\":{\"@id\":\"http:\/\/apartment-monolith.com\/#website\"},\"datePublished\":\"2018-05-08T12:52:29+00:00\",\"dateModified\":\"2020-06-17T12:17:20+00:00\",\"breadcrumb\":{\"@id\":\"https:\/\/apartment-monolith.com\/kontakt\/#breadcrumb\"},\"inLanguage\":\"fr-FR\",\"potentialAction\":[{\"@type\":\"ReadAction\",\"target\":[\"https:\/\/apartment-monolith.com\/kontakt\/\"]}]},{\"@type\":\"BreadcrumbList\",\"@id\":\"https:\/\/apartment-monolith.com\/kontakt\/#breadcrumb\",\"itemListElement\":[{\"@type\":\"ListItem\",\"position\":1,\"name\":\"Home\",\"item\":\"http:\/\/apartment-monolith.com\/\"},{\"@type\":\"ListItem\",\"position\":2,\"name\":\"Kontakt\"}]},{\"@type\":\"WebSite\",\"@id\":\"http:\/\/apartment-monolith.com\/#website\",\"url\":\"http:\/\/apartment-monolith.com\/\",\"name\":\"Apartment Monolith - Black Forest\",\"description\":\"\",\"publisher\":{\"@id\":\"http:\/\/apartment-monolith.com\/#organization\"},\"potentialAction\":[{\"@type\":\"SearchAction\",\"target\":{\"@type\":\"EntryPoint\",\"urlTemplate\":\"http:\/\/apartment-monolith.com\/?s={search_term_string}\"},\"query-input\":\"required name=search_term_string\"}],\"inLanguage\":\"fr-FR\"},{\"@type\":\"Organization\",\"@id\":\"http:\/\/apartment-monolith.com\/#organization\",\"name\":\"Apartment Monolith - Black Forest\",\"url\":\"http:\/\/apartment-monolith.com\/\",\"logo\":{\"@type\":\"ImageObject\",\"inLanguage\":\"fr-FR\",\"@id\":\"http:\/\/apartment-monolith.com\/#\/schema\/logo\/image\/\",\"url\":\"https:\/\/apartment-monolith.com\/wp-content\/uploads\/2020\/04\/cropped-logo-monolith-Bearbeitet.png\",\"contentUrl\":\"https:\/\/apartment-monolith.com\/wp-content\/uploads\/2020\/04\/cropped-logo-monolith-Bearbeitet.png\",\"width\":778,\"height\":458,\"caption\":\"Apartment Monolith - Black Forest\"},\"image\":{\"@id\":\"http:\/\/apartment-monolith.com\/#\/schema\/logo\/image\/\"},\"sameAs\":[\"https:\/\/www.facebook.com\/apartmentmonolith\/\"]}]}<\/script>\n<!-- \/ Yoast SEO plugin. -->","yoast_head_json":{"title":"Contactez-Nous - Apartment Monolith Black Forest","robots":{"index":"index","follow":"follow","max-snippet":"max-snippet:-1","max-image-preview":"max-image-preview:large","max-video-preview":"max-video-preview:-1"},"canonical":"https:\/\/apartment-monolith.com\/kontakt\/","og_locale":"fr_FR","og_type":"article","og_title":"Contactez-Nous - Apartment Monolith Black Forest","og_url":"https:\/\/apartment-monolith.com\/kontakt\/","og_site_name":"Apartment Monolith Black Forest","article_publisher":"https:\/\/www.facebook.com\/apartmentmonolith\/","article_modified_time":"2020-06-17T12:17:20+00:00","og_image":[{"url":"http:\/\/apartment-monolith.com\/wp-content\/uploads\/2020\/06\/Vogel_Kontakt-1024x868.jpg"}],"twitter_card":"summary_large_image","schema":{"@context":"https:\/\/schema.org","@graph":[{"@type":"WebPage","@id":"https:\/\/apartment-monolith.com\/kontakt\/","url":"https:\/\/apartment-monolith.com\/kontakt\/","name":"Contactez-Nous - Apartment Monolith Black Forest","isPartOf":{"@id":"http:\/\/apartment-monolith.com\/#website"},"datePublished":"2018-05-08T12:52:29+00:00","dateModified":"2020-06-17T12:17:20+00:00","breadcrumb":{"@id":"https:\/\/apartment-monolith.com\/kontakt\/#breadcrumb"},"inLanguage":"fr-FR","potentialAction":[{"@type":"ReadAction","target":["https:\/\/apartment-monolith.com\/kontakt\/"]}]},{"@type":"BreadcrumbList","@id":"https:\/\/apartment-monolith.com\/kontakt\/#breadcrumb","itemListElement":[{"@type":"ListItem","position":1,"name":"Home","item":"http:\/\/apartment-monolith.com\/"},{"@type":"ListItem","position":2,"name":"Kontakt"}]},{"@type":"WebSite","@id":"http:\/\/apartment-monolith.com\/#website","url":"http:\/\/apartment-monolith.com\/","name":"Apartment Monolith - Black Forest","description":"","publisher":{"@id":"http:\/\/apartment-monolith.com\/#organization"},"potentialAction":[{"@type":"SearchAction","target":{"@type":"EntryPoint","urlTemplate":"http:\/\/apartment-monolith.com\/?s={search_term_string}"},"query-input":"required name=search_term_string"}],"inLanguage":"fr-FR"},{"@type":"Organization","@id":"http:\/\/apartment-monolith.com\/#organization","name":"Apartment Monolith - Black Forest","url":"http:\/\/apartment-monolith.com\/","logo":{"@type":"ImageObject","inLanguage":"fr-FR","@id":"http:\/\/apartment-monolith.com\/#\/schema\/logo\/image\/","url":"https:\/\/apartment-monolith.com\/wp-content\/uploads\/2020\/04\/cropped-logo-monolith-Bearbeitet.png","contentUrl":"https:\/\/apartment-monolith.com\/wp-content\/uploads\/2020\/04\/cropped-logo-monolith-Bearbeitet.png","width":778,"height":458,"caption":"Apartment Monolith - Black Forest"},"image":{"@id":"http:\/\/apartment-monolith.com\/#\/schema\/logo\/image\/"},"sameAs":["https:\/\/www.facebook.com\/apartmentmonolith\/"]}]}},"_links":{"self":[{"href":"https:\/\/apartment-monolith.com\/fr\/wp-json\/wp\/v2\/pages\/43"}],"collection":[{"href":"https:\/\/apartment-monolith.com\/fr\/wp-json\/wp\/v2\/pages"}],"about":[{"href":"https:\/\/apartment-monolith.com\/fr\/wp-json\/wp\/v2\/types\/page"}],"author":[{"embeddable":true,"href":"https:\/\/apartment-monolith.com\/fr\/wp-json\/wp\/v2\/users\/1"}],"replies":[{"embeddable":true,"href":"https:\/\/apartment-monolith.com\/fr\/wp-json\/wp\/v2\/comments?post=43"}],"version-history":[{"count":14,"href":"https:\/\/apartment-monolith.com\/fr\/wp-json\/wp\/v2\/pages\/43\/revisions"}],"predecessor-version":[{"id":517,"href":"https:\/\/apartment-monolith.com\/fr\/wp-json\/wp\/v2\/pages\/43\/revisions\/517"}],"wp:attachment":[{"href":"https:\/\/apartment-monolith.com\/fr\/wp-json\/wp\/v2\/media?parent=43"}],"curies":[{"name":"wp","href":"https:\/\/api.w.org\/{rel}","templated":true}]}}