{"id":367,"date":"2020-06-02T14:14:09","date_gmt":"2020-06-02T14:14:09","guid":{"rendered":"http:\/\/apartment-monolith.com\/?page_id=367"},"modified":"2020-06-17T08:52:24","modified_gmt":"2020-06-17T08:52:24","slug":"garten-draussen","status":"publish","type":"page","link":"https:\/\/apartment-monolith.com\/fr\/garten-draussen\/","title":{"rendered":"Jardin \/ Ext\u00e9rieur"},"content":{"rendered":"\n<p>L&rsquo;appartement Monolith dispose d&rsquo;un spacieux compartiment jardin avec un beau salon de jardin neuf. Une douce soir\u00e9e d&rsquo;\u00e9t\u00e9 dans la For\u00eat-Noire vous invite \u00e0 vous d\u00e9tendre. Parfait pour faire un barbecue, prendre le soleil et profiter de la paix et du calme \u00e0 l&rsquo;or\u00e9e de la for\u00eat. <\/p>\n\n\n\n<figure class=\"wp-block-gallery columns-3 is-cropped wp-block-gallery-1 is-layout-flex wp-block-gallery-is-layout-flex\"><ul class=\"blocks-gallery-grid\"><li class=\"blocks-gallery-item\"><figure><img loading=\"lazy\" decoding=\"async\" width=\"1024\" height=\"682\" src=\"http:\/\/apartment-monolith.com\/wp-content\/uploads\/2020\/06\/IMG_2540-1024x682.jpg\" alt=\"\" data-id=\"374\" data-full-url=\"http:\/\/apartment-monolith.com\/wp-content\/uploads\/2020\/06\/IMG_2540.jpg\" data-link=\"http:\/\/apartment-monolith.com\/garten-draussen\/img_2540\/\" class=\"wp-image-374\" srcset=\"https:\/\/apartment-monolith.com\/wp-content\/uploads\/2020\/06\/IMG_2540-1024x682.jpg 1024w, https:\/\/apartment-monolith.com\/wp-content\/uploads\/2020\/06\/IMG_2540-300x200.jpg 300w, https:\/\/apartment-monolith.com\/wp-content\/uploads\/2020\/06\/IMG_2540-768x512.jpg 768w, https:\/\/apartment-monolith.com\/wp-content\/uploads\/2020\/06\/IMG_2540-1536x1024.jpg 1536w, https:\/\/apartment-monolith.com\/wp-content\/uploads\/2020\/06\/IMG_2540-360x240.jpg 360w, https:\/\/apartment-monolith.com\/wp-content\/uploads\/2020\/06\/IMG_2540.jpg 2000w\" sizes=\"(max-width: 1024px) 100vw, 1024px\" \/><\/figure><\/li><li class=\"blocks-gallery-item\"><figure><img loading=\"lazy\" decoding=\"async\" width=\"1024\" height=\"682\" src=\"http:\/\/apartment-monolith.com\/wp-content\/uploads\/2020\/06\/IMG_2535-1024x682.jpg\" alt=\"\" data-id=\"373\" data-full-url=\"http:\/\/apartment-monolith.com\/wp-content\/uploads\/2020\/06\/IMG_2535.jpg\" data-link=\"http:\/\/apartment-monolith.com\/garten-draussen\/img_2535\/\" class=\"wp-image-373\" srcset=\"https:\/\/apartment-monolith.com\/wp-content\/uploads\/2020\/06\/IMG_2535-1024x682.jpg 1024w, https:\/\/apartment-monolith.com\/wp-content\/uploads\/2020\/06\/IMG_2535-300x200.jpg 300w, https:\/\/apartment-monolith.com\/wp-content\/uploads\/2020\/06\/IMG_2535-768x512.jpg 768w, https:\/\/apartment-monolith.com\/wp-content\/uploads\/2020\/06\/IMG_2535-1536x1024.jpg 1536w, https:\/\/apartment-monolith.com\/wp-content\/uploads\/2020\/06\/IMG_2535-360x240.jpg 360w, https:\/\/apartment-monolith.com\/wp-content\/uploads\/2020\/06\/IMG_2535.jpg 2000w\" sizes=\"(max-width: 1024px) 100vw, 1024px\" \/><\/figure><\/li><li class=\"blocks-gallery-item\"><figure><img loading=\"lazy\" decoding=\"async\" width=\"1024\" height=\"682\" src=\"http:\/\/apartment-monolith.com\/wp-content\/uploads\/2020\/06\/IMG_2531-1024x682.jpg\" alt=\"\" data-id=\"372\" data-full-url=\"http:\/\/apartment-monolith.com\/wp-content\/uploads\/2020\/06\/IMG_2531.jpg\" data-link=\"http:\/\/apartment-monolith.com\/garten-draussen\/img_2531\/\" class=\"wp-image-372\" srcset=\"https:\/\/apartment-monolith.com\/wp-content\/uploads\/2020\/06\/IMG_2531-1024x682.jpg 1024w, https:\/\/apartment-monolith.com\/wp-content\/uploads\/2020\/06\/IMG_2531-300x200.jpg 300w, https:\/\/apartment-monolith.com\/wp-content\/uploads\/2020\/06\/IMG_2531-768x512.jpg 768w, https:\/\/apartment-monolith.com\/wp-content\/uploads\/2020\/06\/IMG_2531-1536x1024.jpg 1536w, https:\/\/apartment-monolith.com\/wp-content\/uploads\/2020\/06\/IMG_2531-360x240.jpg 360w, https:\/\/apartment-monolith.com\/wp-content\/uploads\/2020\/06\/IMG_2531.jpg 2000w\" sizes=\"(max-width: 1024px) 100vw, 1024px\" \/><\/figure><\/li><li class=\"blocks-gallery-item\"><figure><img loading=\"lazy\" decoding=\"async\" width=\"1024\" height=\"682\" src=\"http:\/\/apartment-monolith.com\/wp-content\/uploads\/2020\/06\/IMG_2527-1024x682.jpg\" alt=\"\" data-id=\"371\" data-full-url=\"http:\/\/apartment-monolith.com\/wp-content\/uploads\/2020\/06\/IMG_2527.jpg\" data-link=\"http:\/\/apartment-monolith.com\/garten-draussen\/img_2527\/\" class=\"wp-image-371\" srcset=\"https:\/\/apartment-monolith.com\/wp-content\/uploads\/2020\/06\/IMG_2527-1024x682.jpg 1024w, https:\/\/apartment-monolith.com\/wp-content\/uploads\/2020\/06\/IMG_2527-300x200.jpg 300w, https:\/\/apartment-monolith.com\/wp-content\/uploads\/2020\/06\/IMG_2527-768x512.jpg 768w, https:\/\/apartment-monolith.com\/wp-content\/uploads\/2020\/06\/IMG_2527-1536x1024.jpg 1536w, https:\/\/apartment-monolith.com\/wp-content\/uploads\/2020\/06\/IMG_2527-360x240.jpg 360w, https:\/\/apartment-monolith.com\/wp-content\/uploads\/2020\/06\/IMG_2527.jpg 2000w\" sizes=\"(max-width: 1024px) 100vw, 1024px\" \/><\/figure><\/li><li class=\"blocks-gallery-item\"><figure><img loading=\"lazy\" decoding=\"async\" width=\"1024\" height=\"682\" src=\"http:\/\/apartment-monolith.com\/wp-content\/uploads\/2020\/06\/IMG_2522-1024x682.jpg\" alt=\"\" data-id=\"369\" data-full-url=\"http:\/\/apartment-monolith.com\/wp-content\/uploads\/2020\/06\/IMG_2522.jpg\" data-link=\"http:\/\/apartment-monolith.com\/garten-draussen\/img_2522\/\" class=\"wp-image-369\" srcset=\"https:\/\/apartment-monolith.com\/wp-content\/uploads\/2020\/06\/IMG_2522-1024x682.jpg 1024w, https:\/\/apartment-monolith.com\/wp-content\/uploads\/2020\/06\/IMG_2522-300x200.jpg 300w, https:\/\/apartment-monolith.com\/wp-content\/uploads\/2020\/06\/IMG_2522-768x512.jpg 768w, https:\/\/apartment-monolith.com\/wp-content\/uploads\/2020\/06\/IMG_2522-1536x1024.jpg 1536w, https:\/\/apartment-monolith.com\/wp-content\/uploads\/2020\/06\/IMG_2522-360x240.jpg 360w, https:\/\/apartment-monolith.com\/wp-content\/uploads\/2020\/06\/IMG_2522.jpg 2000w\" sizes=\"(max-width: 1024px) 100vw, 1024px\" \/><\/figure><\/li><li class=\"blocks-gallery-item\"><figure><img loading=\"lazy\" decoding=\"async\" width=\"1024\" height=\"682\" src=\"http:\/\/apartment-monolith.com\/wp-content\/uploads\/2020\/06\/IMG_2520-1024x682.jpg\" alt=\"\" data-id=\"368\" data-full-url=\"http:\/\/apartment-monolith.com\/wp-content\/uploads\/2020\/06\/IMG_2520.jpg\" data-link=\"http:\/\/apartment-monolith.com\/garten-draussen\/img_2520\/\" class=\"wp-image-368\" srcset=\"https:\/\/apartment-monolith.com\/wp-content\/uploads\/2020\/06\/IMG_2520-1024x682.jpg 1024w, https:\/\/apartment-monolith.com\/wp-content\/uploads\/2020\/06\/IMG_2520-300x200.jpg 300w, https:\/\/apartment-monolith.com\/wp-content\/uploads\/2020\/06\/IMG_2520-768x512.jpg 768w, https:\/\/apartment-monolith.com\/wp-content\/uploads\/2020\/06\/IMG_2520-1536x1024.jpg 1536w, https:\/\/apartment-monolith.com\/wp-content\/uploads\/2020\/06\/IMG_2520-360x240.jpg 360w, https:\/\/apartment-monolith.com\/wp-content\/uploads\/2020\/06\/IMG_2520.jpg 2000w\" sizes=\"(max-width: 1024px) 100vw, 1024px\" \/><\/figure><\/li><li class=\"blocks-gallery-item\"><figure><img loading=\"lazy\" decoding=\"async\" width=\"1024\" height=\"682\" src=\"http:\/\/apartment-monolith.com\/wp-content\/uploads\/2020\/06\/IMG_2525-2-1024x682.jpg\" alt=\"\" data-id=\"461\" data-full-url=\"http:\/\/apartment-monolith.com\/wp-content\/uploads\/2020\/06\/IMG_2525-2.jpg\" data-link=\"http:\/\/apartment-monolith.com\/garten-draussen\/img_2525-2\/\" class=\"wp-image-461\" srcset=\"https:\/\/apartment-monolith.com\/wp-content\/uploads\/2020\/06\/IMG_2525-2-1024x682.jpg 1024w, https:\/\/apartment-monolith.com\/wp-content\/uploads\/2020\/06\/IMG_2525-2-300x200.jpg 300w, https:\/\/apartment-monolith.com\/wp-content\/uploads\/2020\/06\/IMG_2525-2-768x512.jpg 768w, https:\/\/apartment-monolith.com\/wp-content\/uploads\/2020\/06\/IMG_2525-2-1536x1024.jpg 1536w, https:\/\/apartment-monolith.com\/wp-content\/uploads\/2020\/06\/IMG_2525-2-360x240.jpg 360w, https:\/\/apartment-monolith.com\/wp-content\/uploads\/2020\/06\/IMG_2525-2.jpg 2000w\" sizes=\"(max-width: 1024px) 100vw, 1024px\" \/><\/figure><\/li><\/ul><\/figure>\n\n\n\n<p>De l&rsquo;autre c\u00f4t\u00e9 de la rue se trouve un petit terrain de jeu. Les enfants peuvent s&rsquo;y amuser dans les environs imm\u00e9diats.<\/p>\n\n\n\n<figure class=\"wp-block-image size-large\"><img loading=\"lazy\" decoding=\"async\" width=\"1024\" height=\"682\" src=\"http:\/\/apartment-monolith.com\/wp-content\/uploads\/2020\/06\/IMG_2563-2-1024x682.jpg\" alt=\"\" class=\"wp-image-379\" srcset=\"https:\/\/apartment-monolith.com\/wp-content\/uploads\/2020\/06\/IMG_2563-2-1024x682.jpg 1024w, https:\/\/apartment-monolith.com\/wp-content\/uploads\/2020\/06\/IMG_2563-2-300x200.jpg 300w, https:\/\/apartment-monolith.com\/wp-content\/uploads\/2020\/06\/IMG_2563-2-768x512.jpg 768w, https:\/\/apartment-monolith.com\/wp-content\/uploads\/2020\/06\/IMG_2563-2-1536x1024.jpg 1536w, https:\/\/apartment-monolith.com\/wp-content\/uploads\/2020\/06\/IMG_2563-2-360x240.jpg 360w, https:\/\/apartment-monolith.com\/wp-content\/uploads\/2020\/06\/IMG_2563-2.jpg 2000w\" sizes=\"(max-width: 1024px) 100vw, 1024px\" \/><\/figure>\n\n\n\n<div style=\"height:100px\" aria-hidden=\"true\" class=\"wp-block-spacer\"><\/div>\n","protected":false},"excerpt":{"rendered":"<p>L&rsquo;appartement Monolith dispose d&rsquo;un spacieux compartiment jardin avec un beau salon de jardin neuf. Une douce soir\u00e9e d&rsquo;\u00e9t\u00e9 dans la For\u00eat-Noire vous invite \u00e0 vous d\u00e9tendre. Parfait pour faire un barbecue, prendre le soleil et profiter de la paix et du calme \u00e0 l&rsquo;or\u00e9e de la for\u00eat. De l&rsquo;autre c\u00f4t\u00e9 [&hellip;]<\/p>\n","protected":false},"author":1,"featured_media":370,"parent":0,"menu_order":0,"comment_status":"closed","ping_status":"closed","template":"","meta":{"footnotes":""},"translation":{"provider":"WPGlobus","version":"2.12.2","language":"fr","enabled_languages":["de","en","fr","zh"],"languages":{"de":{"title":true,"content":true,"excerpt":false},"en":{"title":true,"content":true,"excerpt":false},"fr":{"title":true,"content":true,"excerpt":false},"zh":{"title":false,"content":false,"excerpt":false}}},"yoast_head":"<!-- This site is optimized with the Yoast SEO plugin v21.9.1 - https:\/\/yoast.com\/wordpress\/plugins\/seo\/ -->\n<title>Jardin \/ Ext\u00e9rieur - Apartment Monolith Black Forest<\/title>\n<meta name=\"robots\" content=\"index, follow, max-snippet:-1, max-image-preview:large, max-video-preview:-1\" \/>\n<link rel=\"canonical\" href=\"http:\/\/apartment-monolith.com\/en\/garten-draussen\/\" \/>\n<meta property=\"og:locale\" content=\"fr_FR\" \/>\n<meta property=\"og:type\" content=\"article\" \/>\n<meta property=\"og:title\" content=\"Jardin \/ Ext\u00e9rieur - Apartment Monolith Black Forest\" \/>\n<meta property=\"og:url\" content=\"http:\/\/apartment-monolith.com\/en\/garten-draussen\/\" \/>\n<meta property=\"og:site_name\" content=\"Apartment Monolith Black Forest\" \/>\n<meta property=\"article:publisher\" content=\"https:\/\/www.facebook.com\/apartmentmonolith\/\" \/>\n<meta property=\"article:modified_time\" content=\"2020-06-17T08:52:24+00:00\" \/>\n<meta property=\"og:image\" content=\"http:\/\/apartment-monolith.com\/wp-content\/uploads\/2020\/06\/IMG_2525.jpg\" \/>\n\t<meta property=\"og:image:width\" content=\"2000\" \/>\n\t<meta property=\"og:image:height\" content=\"1333\" \/>\n\t<meta property=\"og:image:type\" content=\"image\/jpeg\" \/>\n<meta name=\"twitter:card\" content=\"summary_large_image\" \/>\n<meta name=\"twitter:label1\" content=\"Dur\u00e9e de lecture estim\u00e9e\" \/>\n\t<meta name=\"twitter:data1\" content=\"1 minute\" \/>\n<script type=\"application\/ld+json\" class=\"yoast-schema-graph\">{\"@context\":\"https:\/\/schema.org\",\"@graph\":[{\"@type\":\"WebPage\",\"@id\":\"http:\/\/apartment-monolith.com\/en\/garten-draussen\/\",\"url\":\"http:\/\/apartment-monolith.com\/en\/garten-draussen\/\",\"name\":\"Jardin \/ Ext\u00e9rieur - Apartment Monolith Black Forest\",\"isPartOf\":{\"@id\":\"https:\/\/apartment-monolith.com\/en\/#website\"},\"datePublished\":\"2020-06-02T14:14:09+00:00\",\"dateModified\":\"2020-06-17T08:52:24+00:00\",\"breadcrumb\":{\"@id\":\"http:\/\/apartment-monolith.com\/en\/garten-draussen\/#breadcrumb\"},\"inLanguage\":\"fr-FR\",\"potentialAction\":[{\"@type\":\"ReadAction\",\"target\":[\"http:\/\/apartment-monolith.com\/en\/garten-draussen\/\"]}]},{\"@type\":\"BreadcrumbList\",\"@id\":\"http:\/\/apartment-monolith.com\/en\/garten-draussen\/#breadcrumb\",\"itemListElement\":[{\"@type\":\"ListItem\",\"position\":1,\"name\":\"Home\",\"item\":\"https:\/\/apartment-monolith.com\/en\/\"},{\"@type\":\"ListItem\",\"position\":2,\"name\":\"Garden \/ Outside\"}]},{\"@type\":\"WebSite\",\"@id\":\"https:\/\/apartment-monolith.com\/en\/#website\",\"url\":\"https:\/\/apartment-monolith.com\/en\/\",\"name\":\"Apartment Monolith - Black Forest\",\"description\":\"\",\"publisher\":{\"@id\":\"https:\/\/apartment-monolith.com\/en\/#organization\"},\"potentialAction\":[{\"@type\":\"SearchAction\",\"target\":{\"@type\":\"EntryPoint\",\"urlTemplate\":\"https:\/\/apartment-monolith.com\/en\/?s={search_term_string}\"},\"query-input\":\"required name=search_term_string\"}],\"inLanguage\":\"fr-FR\"},{\"@type\":\"Organization\",\"@id\":\"https:\/\/apartment-monolith.com\/en\/#organization\",\"name\":\"Apartment Monolith - Black Forest\",\"url\":\"https:\/\/apartment-monolith.com\/en\/\",\"logo\":{\"@type\":\"ImageObject\",\"inLanguage\":\"fr-FR\",\"@id\":\"https:\/\/apartment-monolith.com\/en\/#\/schema\/logo\/image\/\",\"url\":\"https:\/\/apartment-monolith.com\/wp-content\/uploads\/2020\/04\/cropped-logo-monolith-Bearbeitet.png\",\"contentUrl\":\"https:\/\/apartment-monolith.com\/wp-content\/uploads\/2020\/04\/cropped-logo-monolith-Bearbeitet.png\",\"width\":778,\"height\":458,\"caption\":\"Apartment Monolith - Black Forest\"},\"image\":{\"@id\":\"https:\/\/apartment-monolith.com\/en\/#\/schema\/logo\/image\/\"},\"sameAs\":[\"https:\/\/www.facebook.com\/apartmentmonolith\/\"]}]}<\/script>\n<!-- \/ Yoast SEO plugin. -->","yoast_head_json":{"title":"Jardin \/ Ext\u00e9rieur - Apartment Monolith Black Forest","robots":{"index":"index","follow":"follow","max-snippet":"max-snippet:-1","max-image-preview":"max-image-preview:large","max-video-preview":"max-video-preview:-1"},"canonical":"http:\/\/apartment-monolith.com\/en\/garten-draussen\/","og_locale":"fr_FR","og_type":"article","og_title":"Jardin \/ Ext\u00e9rieur - Apartment Monolith Black Forest","og_url":"http:\/\/apartment-monolith.com\/en\/garten-draussen\/","og_site_name":"Apartment Monolith Black Forest","article_publisher":"https:\/\/www.facebook.com\/apartmentmonolith\/","article_modified_time":"2020-06-17T08:52:24+00:00","og_image":[{"width":2000,"height":1333,"url":"http:\/\/apartment-monolith.com\/wp-content\/uploads\/2020\/06\/IMG_2525.jpg","type":"image\/jpeg"}],"twitter_card":"summary_large_image","twitter_misc":{"Dur\u00e9e de lecture estim\u00e9e":"1 minute"},"schema":{"@context":"https:\/\/schema.org","@graph":[{"@type":"WebPage","@id":"http:\/\/apartment-monolith.com\/en\/garten-draussen\/","url":"http:\/\/apartment-monolith.com\/en\/garten-draussen\/","name":"Jardin \/ Ext\u00e9rieur - Apartment Monolith Black Forest","isPartOf":{"@id":"https:\/\/apartment-monolith.com\/en\/#website"},"datePublished":"2020-06-02T14:14:09+00:00","dateModified":"2020-06-17T08:52:24+00:00","breadcrumb":{"@id":"http:\/\/apartment-monolith.com\/en\/garten-draussen\/#breadcrumb"},"inLanguage":"fr-FR","potentialAction":[{"@type":"ReadAction","target":["http:\/\/apartment-monolith.com\/en\/garten-draussen\/"]}]},{"@type":"BreadcrumbList","@id":"http:\/\/apartment-monolith.com\/en\/garten-draussen\/#breadcrumb","itemListElement":[{"@type":"ListItem","position":1,"name":"Home","item":"https:\/\/apartment-monolith.com\/en\/"},{"@type":"ListItem","position":2,"name":"Garden \/ Outside"}]},{"@type":"WebSite","@id":"https:\/\/apartment-monolith.com\/en\/#website","url":"https:\/\/apartment-monolith.com\/en\/","name":"Apartment Monolith - Black Forest","description":"","publisher":{"@id":"https:\/\/apartment-monolith.com\/en\/#organization"},"potentialAction":[{"@type":"SearchAction","target":{"@type":"EntryPoint","urlTemplate":"https:\/\/apartment-monolith.com\/en\/?s={search_term_string}"},"query-input":"required name=search_term_string"}],"inLanguage":"fr-FR"},{"@type":"Organization","@id":"https:\/\/apartment-monolith.com\/en\/#organization","name":"Apartment Monolith - Black Forest","url":"https:\/\/apartment-monolith.com\/en\/","logo":{"@type":"ImageObject","inLanguage":"fr-FR","@id":"https:\/\/apartment-monolith.com\/en\/#\/schema\/logo\/image\/","url":"https:\/\/apartment-monolith.com\/wp-content\/uploads\/2020\/04\/cropped-logo-monolith-Bearbeitet.png","contentUrl":"https:\/\/apartment-monolith.com\/wp-content\/uploads\/2020\/04\/cropped-logo-monolith-Bearbeitet.png","width":778,"height":458,"caption":"Apartment Monolith - Black Forest"},"image":{"@id":"https:\/\/apartment-monolith.com\/en\/#\/schema\/logo\/image\/"},"sameAs":["https:\/\/www.facebook.com\/apartmentmonolith\/"]}]}},"_links":{"self":[{"href":"https:\/\/apartment-monolith.com\/fr\/wp-json\/wp\/v2\/pages\/367"}],"collection":[{"href":"https:\/\/apartment-monolith.com\/fr\/wp-json\/wp\/v2\/pages"}],"about":[{"href":"https:\/\/apartment-monolith.com\/fr\/wp-json\/wp\/v2\/types\/page"}],"author":[{"embeddable":true,"href":"https:\/\/apartment-monolith.com\/fr\/wp-json\/wp\/v2\/users\/1"}],"replies":[{"embeddable":true,"href":"https:\/\/apartment-monolith.com\/fr\/wp-json\/wp\/v2\/comments?post=367"}],"version-history":[{"count":8,"href":"https:\/\/apartment-monolith.com\/fr\/wp-json\/wp\/v2\/pages\/367\/revisions"}],"predecessor-version":[{"id":463,"href":"https:\/\/apartment-monolith.com\/fr\/wp-json\/wp\/v2\/pages\/367\/revisions\/463"}],"wp:featuredmedia":[{"embeddable":true,"href":"https:\/\/apartment-monolith.com\/fr\/wp-json\/wp\/v2\/media\/370"}],"wp:attachment":[{"href":"https:\/\/apartment-monolith.com\/fr\/wp-json\/wp\/v2\/media?parent=367"}],"curies":[{"name":"wp","href":"https:\/\/api.w.org\/{rel}","templated":true}]}}