{"id":229,"date":"2020-02-14T11:48:55","date_gmt":"2020-02-14T11:48:55","guid":{"rendered":"http:\/\/apartment-monolith.com\/?page_id=229"},"modified":"2020-06-17T08:27:20","modified_gmt":"2020-06-17T08:27:20","slug":"schlafzimmer","status":"publish","type":"page","link":"https:\/\/apartment-monolith.com\/fr\/schlafzimmer\/","title":{"rendered":"Dormitorio"},"content":{"rendered":"\n<figure class=\"wp-block-table\"><table><tbody><tr><td>La gran cama de box spring de 160 cm de ancho te lleva al pa\u00eds de los sue\u00f1os. El dormitorio puede estar separado de la sala de estar por dos grandes puertas corredizas. Los que prefieren que est\u00e9 abierto no necesitan cerrar las puertas correderas del piso al techo. En el amplio y espacioso armario con un gran espejo toda tu ropa encontrar\u00e1 un lugar. No tienes que preocuparte por la ropa de cama, las almohadas y las mantas, porque son parte del equipo b\u00e1sico. Adem\u00e1s, hay una caja fuerte en el dormitorio que puede ser utilizada sin costo adicional.<\/td><\/tr><\/tbody><\/table><\/figure>\n\n\n\n<figure class=\"wp-block-gallery columns-3 is-cropped wp-block-gallery-1 is-layout-flex wp-block-gallery-is-layout-flex\"><ul class=\"blocks-gallery-grid\"><li class=\"blocks-gallery-item\"><figure><img loading=\"lazy\" decoding=\"async\" width=\"1024\" height=\"682\" src=\"http:\/\/apartment-monolith.com\/wp-content\/uploads\/2020\/06\/IMG_2542-1024x682.jpg\" alt=\"\" data-id=\"437\" data-full-url=\"http:\/\/apartment-monolith.com\/wp-content\/uploads\/2020\/06\/IMG_2542.jpg\" data-link=\"http:\/\/apartment-monolith.com\/schlafzimmer\/img_2542\/\" class=\"wp-image-437\" srcset=\"https:\/\/apartment-monolith.com\/wp-content\/uploads\/2020\/06\/IMG_2542-1024x682.jpg 1024w, https:\/\/apartment-monolith.com\/wp-content\/uploads\/2020\/06\/IMG_2542-300x200.jpg 300w, https:\/\/apartment-monolith.com\/wp-content\/uploads\/2020\/06\/IMG_2542-768x512.jpg 768w, https:\/\/apartment-monolith.com\/wp-content\/uploads\/2020\/06\/IMG_2542-1536x1024.jpg 1536w, https:\/\/apartment-monolith.com\/wp-content\/uploads\/2020\/06\/IMG_2542-360x240.jpg 360w, https:\/\/apartment-monolith.com\/wp-content\/uploads\/2020\/06\/IMG_2542.jpg 2000w\" sizes=\"(max-width: 1024px) 100vw, 1024px\" \/><\/figure><\/li><li class=\"blocks-gallery-item\"><figure><img loading=\"lazy\" decoding=\"async\" width=\"1024\" height=\"683\" src=\"http:\/\/apartment-monolith.com\/wp-content\/uploads\/2020\/02\/IMG_2236-1024x683.jpg\" alt=\"\" data-id=\"233\" data-full-url=\"http:\/\/apartment-monolith.com\/wp-content\/uploads\/2020\/02\/IMG_2236-scaled.jpg\" data-link=\"http:\/\/apartment-monolith.com\/schlafzimmer\/img_2236\/\" class=\"wp-image-233\" srcset=\"https:\/\/apartment-monolith.com\/wp-content\/uploads\/2020\/02\/IMG_2236-1024x683.jpg 1024w, https:\/\/apartment-monolith.com\/wp-content\/uploads\/2020\/02\/IMG_2236-300x200.jpg 300w, https:\/\/apartment-monolith.com\/wp-content\/uploads\/2020\/02\/IMG_2236-768x512.jpg 768w, https:\/\/apartment-monolith.com\/wp-content\/uploads\/2020\/02\/IMG_2236-1536x1024.jpg 1536w, https:\/\/apartment-monolith.com\/wp-content\/uploads\/2020\/02\/IMG_2236-2048x1365.jpg 2048w, https:\/\/apartment-monolith.com\/wp-content\/uploads\/2020\/02\/IMG_2236-360x240.jpg 360w\" sizes=\"(max-width: 1024px) 100vw, 1024px\" \/><\/figure><\/li><li class=\"blocks-gallery-item\"><figure><img loading=\"lazy\" decoding=\"async\" width=\"1024\" height=\"683\" src=\"http:\/\/apartment-monolith.com\/wp-content\/uploads\/2020\/02\/IMG_2234-1024x683.jpg\" alt=\"\" data-id=\"232\" data-full-url=\"http:\/\/apartment-monolith.com\/wp-content\/uploads\/2020\/02\/IMG_2234-scaled.jpg\" data-link=\"http:\/\/apartment-monolith.com\/schlafzimmer\/img_2234\/\" class=\"wp-image-232\" srcset=\"https:\/\/apartment-monolith.com\/wp-content\/uploads\/2020\/02\/IMG_2234-1024x683.jpg 1024w, https:\/\/apartment-monolith.com\/wp-content\/uploads\/2020\/02\/IMG_2234-300x200.jpg 300w, https:\/\/apartment-monolith.com\/wp-content\/uploads\/2020\/02\/IMG_2234-768x512.jpg 768w, https:\/\/apartment-monolith.com\/wp-content\/uploads\/2020\/02\/IMG_2234-1536x1024.jpg 1536w, https:\/\/apartment-monolith.com\/wp-content\/uploads\/2020\/02\/IMG_2234-2048x1365.jpg 2048w, https:\/\/apartment-monolith.com\/wp-content\/uploads\/2020\/02\/IMG_2234-360x240.jpg 360w\" sizes=\"(max-width: 1024px) 100vw, 1024px\" \/><\/figure><\/li><li class=\"blocks-gallery-item\"><figure><img loading=\"lazy\" decoding=\"async\" width=\"2560\" height=\"1707\" src=\"http:\/\/apartment-monolith.com\/wp-content\/uploads\/2020\/06\/IMG_2538-1-scaled.jpg\" alt=\"\" data-id=\"438\" data-full-url=\"http:\/\/apartment-monolith.com\/wp-content\/uploads\/2020\/06\/IMG_2538-1-scaled.jpg\" data-link=\"http:\/\/apartment-monolith.com\/schlafzimmer\/img_2538-1\/\" class=\"wp-image-438\" srcset=\"https:\/\/apartment-monolith.com\/wp-content\/uploads\/2020\/06\/IMG_2538-1-scaled.jpg 2560w, https:\/\/apartment-monolith.com\/wp-content\/uploads\/2020\/06\/IMG_2538-1-300x200.jpg 300w, https:\/\/apartment-monolith.com\/wp-content\/uploads\/2020\/06\/IMG_2538-1-768x512.jpg 768w, https:\/\/apartment-monolith.com\/wp-content\/uploads\/2020\/06\/IMG_2538-1-2048x1365.jpg 2048w\" sizes=\"(max-width: 2560px) 100vw, 2560px\" \/><\/figure><\/li><\/ul><\/figure>\n","protected":false},"excerpt":{"rendered":"<p>La gran cama de box spring de 160 cm de ancho te lleva al pa\u00eds de los sue\u00f1os. El dormitorio puede estar separado de la sala de estar por dos grandes puertas corredizas. Los que prefieren que est\u00e9 abierto no necesitan cerrar las puertas correderas del piso al techo. En [&hellip;]<\/p>\n","protected":false},"author":1,"featured_media":0,"parent":0,"menu_order":0,"comment_status":"closed","ping_status":"closed","template":"","meta":{"footnotes":""},"translation":{"provider":"WPGlobus","version":"2.12.2","language":"fr","enabled_languages":["de","en","fr","zh"],"languages":{"de":{"title":true,"content":true,"excerpt":false},"en":{"title":true,"content":true,"excerpt":false},"fr":{"title":true,"content":true,"excerpt":false},"zh":{"title":false,"content":false,"excerpt":false}}},"yoast_head":"<!-- This site is optimized with the Yoast SEO plugin v21.9.1 - https:\/\/yoast.com\/wordpress\/plugins\/seo\/ -->\n<title>Dormitorio - Apartment Monolith Black Forest<\/title>\n<meta name=\"robots\" content=\"index, follow, max-snippet:-1, max-image-preview:large, max-video-preview:-1\" \/>\n<link rel=\"canonical\" href=\"http:\/\/apartment-monolith.com\/en\/schlafzimmer\/\" \/>\n<meta property=\"og:locale\" content=\"fr_FR\" \/>\n<meta property=\"og:type\" content=\"article\" \/>\n<meta property=\"og:title\" content=\"Dormitorio - Apartment Monolith Black Forest\" \/>\n<meta property=\"og:url\" content=\"http:\/\/apartment-monolith.com\/en\/schlafzimmer\/\" \/>\n<meta property=\"og:site_name\" content=\"Apartment Monolith Black Forest\" \/>\n<meta property=\"article:publisher\" content=\"https:\/\/www.facebook.com\/apartmentmonolith\/\" \/>\n<meta property=\"article:modified_time\" content=\"2020-06-17T08:27:20+00:00\" \/>\n<meta property=\"og:image\" content=\"http:\/\/apartment-monolith.com\/wp-content\/uploads\/2020\/02\/20200203_193947-1024x768.jpg\" \/>\n<meta name=\"twitter:card\" content=\"summary_large_image\" \/>\n<meta name=\"twitter:label1\" content=\"Dur\u00e9e de lecture estim\u00e9e\" \/>\n\t<meta name=\"twitter:data1\" content=\"1 minute\" \/>\n<script type=\"application\/ld+json\" class=\"yoast-schema-graph\">{\"@context\":\"https:\/\/schema.org\",\"@graph\":[{\"@type\":\"WebPage\",\"@id\":\"http:\/\/apartment-monolith.com\/en\/schlafzimmer\/\",\"url\":\"http:\/\/apartment-monolith.com\/en\/schlafzimmer\/\",\"name\":\"Dormitorio - Apartment Monolith Black Forest\",\"isPartOf\":{\"@id\":\"https:\/\/apartment-monolith.com\/en\/#website\"},\"datePublished\":\"2020-02-14T11:48:55+00:00\",\"dateModified\":\"2020-06-17T08:27:20+00:00\",\"breadcrumb\":{\"@id\":\"http:\/\/apartment-monolith.com\/en\/schlafzimmer\/#breadcrumb\"},\"inLanguage\":\"fr-FR\",\"potentialAction\":[{\"@type\":\"ReadAction\",\"target\":[\"http:\/\/apartment-monolith.com\/en\/schlafzimmer\/\"]}]},{\"@type\":\"BreadcrumbList\",\"@id\":\"http:\/\/apartment-monolith.com\/en\/schlafzimmer\/#breadcrumb\",\"itemListElement\":[{\"@type\":\"ListItem\",\"position\":1,\"name\":\"Home\",\"item\":\"https:\/\/apartment-monolith.com\/en\/\"},{\"@type\":\"ListItem\",\"position\":2,\"name\":\"Bedroom\"}]},{\"@type\":\"WebSite\",\"@id\":\"https:\/\/apartment-monolith.com\/en\/#website\",\"url\":\"https:\/\/apartment-monolith.com\/en\/\",\"name\":\"Apartment Monolith - Black Forest\",\"description\":\"\",\"publisher\":{\"@id\":\"https:\/\/apartment-monolith.com\/en\/#organization\"},\"potentialAction\":[{\"@type\":\"SearchAction\",\"target\":{\"@type\":\"EntryPoint\",\"urlTemplate\":\"https:\/\/apartment-monolith.com\/en\/?s={search_term_string}\"},\"query-input\":\"required name=search_term_string\"}],\"inLanguage\":\"fr-FR\"},{\"@type\":\"Organization\",\"@id\":\"https:\/\/apartment-monolith.com\/en\/#organization\",\"name\":\"Apartment Monolith - Black Forest\",\"url\":\"https:\/\/apartment-monolith.com\/en\/\",\"logo\":{\"@type\":\"ImageObject\",\"inLanguage\":\"fr-FR\",\"@id\":\"https:\/\/apartment-monolith.com\/en\/#\/schema\/logo\/image\/\",\"url\":\"https:\/\/apartment-monolith.com\/wp-content\/uploads\/2020\/04\/cropped-logo-monolith-Bearbeitet.png\",\"contentUrl\":\"https:\/\/apartment-monolith.com\/wp-content\/uploads\/2020\/04\/cropped-logo-monolith-Bearbeitet.png\",\"width\":778,\"height\":458,\"caption\":\"Apartment Monolith - Black Forest\"},\"image\":{\"@id\":\"https:\/\/apartment-monolith.com\/en\/#\/schema\/logo\/image\/\"},\"sameAs\":[\"https:\/\/www.facebook.com\/apartmentmonolith\/\"]}]}<\/script>\n<!-- \/ Yoast SEO plugin. -->","yoast_head_json":{"title":"Dormitorio - Apartment Monolith Black Forest","robots":{"index":"index","follow":"follow","max-snippet":"max-snippet:-1","max-image-preview":"max-image-preview:large","max-video-preview":"max-video-preview:-1"},"canonical":"http:\/\/apartment-monolith.com\/en\/schlafzimmer\/","og_locale":"fr_FR","og_type":"article","og_title":"Dormitorio - Apartment Monolith Black Forest","og_url":"http:\/\/apartment-monolith.com\/en\/schlafzimmer\/","og_site_name":"Apartment Monolith Black Forest","article_publisher":"https:\/\/www.facebook.com\/apartmentmonolith\/","article_modified_time":"2020-06-17T08:27:20+00:00","og_image":[{"url":"http:\/\/apartment-monolith.com\/wp-content\/uploads\/2020\/02\/20200203_193947-1024x768.jpg"}],"twitter_card":"summary_large_image","twitter_misc":{"Dur\u00e9e de lecture estim\u00e9e":"1 minute"},"schema":{"@context":"https:\/\/schema.org","@graph":[{"@type":"WebPage","@id":"http:\/\/apartment-monolith.com\/en\/schlafzimmer\/","url":"http:\/\/apartment-monolith.com\/en\/schlafzimmer\/","name":"Dormitorio - Apartment Monolith Black Forest","isPartOf":{"@id":"https:\/\/apartment-monolith.com\/en\/#website"},"datePublished":"2020-02-14T11:48:55+00:00","dateModified":"2020-06-17T08:27:20+00:00","breadcrumb":{"@id":"http:\/\/apartment-monolith.com\/en\/schlafzimmer\/#breadcrumb"},"inLanguage":"fr-FR","potentialAction":[{"@type":"ReadAction","target":["http:\/\/apartment-monolith.com\/en\/schlafzimmer\/"]}]},{"@type":"BreadcrumbList","@id":"http:\/\/apartment-monolith.com\/en\/schlafzimmer\/#breadcrumb","itemListElement":[{"@type":"ListItem","position":1,"name":"Home","item":"https:\/\/apartment-monolith.com\/en\/"},{"@type":"ListItem","position":2,"name":"Bedroom"}]},{"@type":"WebSite","@id":"https:\/\/apartment-monolith.com\/en\/#website","url":"https:\/\/apartment-monolith.com\/en\/","name":"Apartment Monolith - Black Forest","description":"","publisher":{"@id":"https:\/\/apartment-monolith.com\/en\/#organization"},"potentialAction":[{"@type":"SearchAction","target":{"@type":"EntryPoint","urlTemplate":"https:\/\/apartment-monolith.com\/en\/?s={search_term_string}"},"query-input":"required name=search_term_string"}],"inLanguage":"fr-FR"},{"@type":"Organization","@id":"https:\/\/apartment-monolith.com\/en\/#organization","name":"Apartment Monolith - Black Forest","url":"https:\/\/apartment-monolith.com\/en\/","logo":{"@type":"ImageObject","inLanguage":"fr-FR","@id":"https:\/\/apartment-monolith.com\/en\/#\/schema\/logo\/image\/","url":"https:\/\/apartment-monolith.com\/wp-content\/uploads\/2020\/04\/cropped-logo-monolith-Bearbeitet.png","contentUrl":"https:\/\/apartment-monolith.com\/wp-content\/uploads\/2020\/04\/cropped-logo-monolith-Bearbeitet.png","width":778,"height":458,"caption":"Apartment Monolith - Black Forest"},"image":{"@id":"https:\/\/apartment-monolith.com\/en\/#\/schema\/logo\/image\/"},"sameAs":["https:\/\/www.facebook.com\/apartmentmonolith\/"]}]}},"_links":{"self":[{"href":"https:\/\/apartment-monolith.com\/fr\/wp-json\/wp\/v2\/pages\/229"}],"collection":[{"href":"https:\/\/apartment-monolith.com\/fr\/wp-json\/wp\/v2\/pages"}],"about":[{"href":"https:\/\/apartment-monolith.com\/fr\/wp-json\/wp\/v2\/types\/page"}],"author":[{"embeddable":true,"href":"https:\/\/apartment-monolith.com\/fr\/wp-json\/wp\/v2\/users\/1"}],"replies":[{"embeddable":true,"href":"https:\/\/apartment-monolith.com\/fr\/wp-json\/wp\/v2\/comments?post=229"}],"version-history":[{"count":5,"href":"https:\/\/apartment-monolith.com\/fr\/wp-json\/wp\/v2\/pages\/229\/revisions"}],"predecessor-version":[{"id":441,"href":"https:\/\/apartment-monolith.com\/fr\/wp-json\/wp\/v2\/pages\/229\/revisions\/441"}],"wp:attachment":[{"href":"https:\/\/apartment-monolith.com\/fr\/wp-json\/wp\/v2\/media?parent=229"}],"curies":[{"name":"wp","href":"https:\/\/api.w.org\/{rel}","templated":true}]}}