{"id":218,"date":"2020-02-14T11:46:53","date_gmt":"2020-02-14T11:46:53","guid":{"rendered":"http:\/\/apartment-monolith.com\/?page_id=218"},"modified":"2022-08-23T14:04:00","modified_gmt":"2022-08-23T14:04:00","slug":"wohnzimmer","status":"publish","type":"page","link":"https:\/\/apartment-monolith.com\/fr\/wohnzimmer\/","title":{"rendered":"Salle de s\u00e9jour"},"content":{"rendered":"\n<p>Certains murs du salon et de la cuisine ont \u00e9t\u00e9 rev\u00eatus de planches de bois historiques datant de 120 ans et provenant d&rsquo;une ferme de la For\u00eat-Noire. Ils apportent du confort dans le salon et forment une silhouette de la For\u00eat-Noire avec de nombreux animaux de la for\u00eat. Laissez-vous surprendre par l&rsquo;ambiance lumineuse chaleureuse. Le salon dispose d&rsquo;un canap\u00e9-lit. Il peut \u00eatre transform\u00e9 en lit en quelques \u00e9tapes faciles. Une grande Smart TV est indispensable pour des soir\u00e9es agr\u00e9ables dans l&rsquo;appartement. Une petite commode et un g\u00e9n\u00e9reux placard de salon offrent de l&rsquo;espace et du rangement. Des planches de ch\u00eane sauvage rabot\u00e9es \u00e0 la main ont \u00e9t\u00e9 pos\u00e9es dans tout le salon, la chambre et la cuisine. Le chauffage au sol en dessous garantit un sentiment de bien-\u00eatre. Soleil ou neige ? La station m\u00e9t\u00e9orologique vous informe de la situation m\u00e9t\u00e9orologique actuelle pour planifier votre s\u00e9jour avec des activit\u00e9s de plein air.<\/p>\n\n\n\n<figure class=\"wp-block-gallery has-nested-images columns-default is-cropped wp-block-gallery-1 is-layout-flex wp-block-gallery-is-layout-flex\">\n<figure class=\"wp-block-image size-large\"><img loading=\"lazy\" decoding=\"async\" width=\"987\" height=\"1024\" data-id=\"718\" src=\"https:\/\/apartment-monolith.com\/wp-content\/uploads\/2022\/08\/1616420022850-3-987x1024.jpeg\" alt=\"\" class=\"wp-image-718\" srcset=\"https:\/\/apartment-monolith.com\/wp-content\/uploads\/2022\/08\/1616420022850-3-987x1024.jpeg 987w, https:\/\/apartment-monolith.com\/wp-content\/uploads\/2022\/08\/1616420022850-3-289x300.jpeg 289w, https:\/\/apartment-monolith.com\/wp-content\/uploads\/2022\/08\/1616420022850-3-768x796.jpeg 768w, https:\/\/apartment-monolith.com\/wp-content\/uploads\/2022\/08\/1616420022850-3-1481x1536.jpeg 1481w, https:\/\/apartment-monolith.com\/wp-content\/uploads\/2022\/08\/1616420022850-3.jpeg 1920w\" sizes=\"(max-width: 987px) 100vw, 987px\" \/><\/figure>\n\n\n\n<figure class=\"wp-block-image size-large\"><img loading=\"lazy\" decoding=\"async\" width=\"987\" height=\"1024\" data-id=\"717\" src=\"https:\/\/apartment-monolith.com\/wp-content\/uploads\/2022\/08\/1616420036161-3-987x1024.jpeg\" alt=\"\" class=\"wp-image-717\" srcset=\"https:\/\/apartment-monolith.com\/wp-content\/uploads\/2022\/08\/1616420036161-3-987x1024.jpeg 987w, https:\/\/apartment-monolith.com\/wp-content\/uploads\/2022\/08\/1616420036161-3-289x300.jpeg 289w, https:\/\/apartment-monolith.com\/wp-content\/uploads\/2022\/08\/1616420036161-3-768x796.jpeg 768w, https:\/\/apartment-monolith.com\/wp-content\/uploads\/2022\/08\/1616420036161-3-1481x1536.jpeg 1481w, https:\/\/apartment-monolith.com\/wp-content\/uploads\/2022\/08\/1616420036161-3.jpeg 1920w\" sizes=\"(max-width: 987px) 100vw, 987px\" \/><\/figure>\n<\/figure>\n\n\n\n<p>Pour ceux qui sont dans l&rsquo;appartement \u00e0 des fins professionnelles, il y a un acc\u00e8s rapide \u00e0 l&rsquo;internet avec un r\u00e9seau local sans fil gratuit et, en plus, 4 prises de r\u00e9seau s\u00e9par\u00e9es. Ainsi, vous pouvez travailler sans soucis et utiliser toute la bande passante. Il y a de nombreuses prises de courant dans l&rsquo;appartement. Parmi eux, il y a aussi une double prise USB pour pouvoir charger vos smartphones directement et sans prise de courant.<\/p>\n\n\n\n<div style=\"height:100px\" aria-hidden=\"true\" class=\"wp-block-spacer\"><\/div>\n","protected":false},"excerpt":{"rendered":"<p>Certains murs du salon et de la cuisine ont \u00e9t\u00e9 rev\u00eatus de planches de bois historiques datant de 120 ans et provenant d&rsquo;une ferme de la For\u00eat-Noire. Ils apportent du confort dans le salon et forment une silhouette de la For\u00eat-Noire avec de nombreux animaux de la for\u00eat. Laissez-vous surprendre [&hellip;]<\/p>\n","protected":false},"author":1,"featured_media":0,"parent":0,"menu_order":0,"comment_status":"closed","ping_status":"closed","template":"","meta":{"footnotes":""},"translation":{"provider":"WPGlobus","version":"2.12.2","language":"fr","enabled_languages":["de","en","fr","zh"],"languages":{"de":{"title":true,"content":true,"excerpt":false},"en":{"title":true,"content":true,"excerpt":false},"fr":{"title":true,"content":true,"excerpt":false},"zh":{"title":false,"content":false,"excerpt":false}}},"yoast_head":"<!-- This site is optimized with the Yoast SEO plugin v21.9.1 - https:\/\/yoast.com\/wordpress\/plugins\/seo\/ -->\n<title>Salle de s\u00e9jour  - Apartment Monolith Black Forest<\/title>\n<meta name=\"robots\" content=\"index, follow, max-snippet:-1, max-image-preview:large, max-video-preview:-1\" \/>\n<link rel=\"canonical\" href=\"https:\/\/apartment-monolith.com\/wohnzimmer\/\" \/>\n<meta property=\"og:locale\" content=\"fr_FR\" \/>\n<meta property=\"og:type\" content=\"article\" \/>\n<meta property=\"og:title\" content=\"Salle de s\u00e9jour  - Apartment Monolith Black Forest\" \/>\n<meta property=\"og:url\" content=\"https:\/\/apartment-monolith.com\/wohnzimmer\/\" \/>\n<meta property=\"og:site_name\" content=\"Apartment Monolith Black Forest\" \/>\n<meta property=\"article:publisher\" content=\"https:\/\/www.facebook.com\/apartmentmonolith\/\" \/>\n<meta property=\"article:modified_time\" content=\"2022-08-23T14:04:00+00:00\" \/>\n<meta property=\"og:image\" content=\"https:\/\/apartment-monolith.com\/wp-content\/uploads\/2022\/08\/1616420022850-1-987x1024.jpeg\" \/>\n<meta name=\"twitter:card\" content=\"summary_large_image\" \/>\n<meta name=\"twitter:label1\" content=\"Dur\u00e9e de lecture estim\u00e9e\" \/>\n\t<meta name=\"twitter:data1\" content=\"3 minutes\" \/>\n<script type=\"application\/ld+json\" class=\"yoast-schema-graph\">{\"@context\":\"https:\/\/schema.org\",\"@graph\":[{\"@type\":\"WebPage\",\"@id\":\"https:\/\/apartment-monolith.com\/wohnzimmer\/\",\"url\":\"https:\/\/apartment-monolith.com\/wohnzimmer\/\",\"name\":\"Salle de s\u00e9jour - Apartment Monolith Black Forest\",\"isPartOf\":{\"@id\":\"http:\/\/apartment-monolith.com\/#website\"},\"datePublished\":\"2020-02-14T11:46:53+00:00\",\"dateModified\":\"2022-08-23T14:04:00+00:00\",\"breadcrumb\":{\"@id\":\"https:\/\/apartment-monolith.com\/wohnzimmer\/#breadcrumb\"},\"inLanguage\":\"fr-FR\",\"potentialAction\":[{\"@type\":\"ReadAction\",\"target\":[\"https:\/\/apartment-monolith.com\/wohnzimmer\/\"]}]},{\"@type\":\"BreadcrumbList\",\"@id\":\"https:\/\/apartment-monolith.com\/wohnzimmer\/#breadcrumb\",\"itemListElement\":[{\"@type\":\"ListItem\",\"position\":1,\"name\":\"Home\",\"item\":\"http:\/\/apartment-monolith.com\/\"},{\"@type\":\"ListItem\",\"position\":2,\"name\":\"Wohnzimmer\"}]},{\"@type\":\"WebSite\",\"@id\":\"http:\/\/apartment-monolith.com\/#website\",\"url\":\"http:\/\/apartment-monolith.com\/\",\"name\":\"Apartment Monolith - Black Forest\",\"description\":\"\",\"publisher\":{\"@id\":\"http:\/\/apartment-monolith.com\/#organization\"},\"potentialAction\":[{\"@type\":\"SearchAction\",\"target\":{\"@type\":\"EntryPoint\",\"urlTemplate\":\"http:\/\/apartment-monolith.com\/?s={search_term_string}\"},\"query-input\":\"required name=search_term_string\"}],\"inLanguage\":\"fr-FR\"},{\"@type\":\"Organization\",\"@id\":\"http:\/\/apartment-monolith.com\/#organization\",\"name\":\"Apartment Monolith - Black Forest\",\"url\":\"http:\/\/apartment-monolith.com\/\",\"logo\":{\"@type\":\"ImageObject\",\"inLanguage\":\"fr-FR\",\"@id\":\"http:\/\/apartment-monolith.com\/#\/schema\/logo\/image\/\",\"url\":\"https:\/\/apartment-monolith.com\/wp-content\/uploads\/2020\/04\/cropped-logo-monolith-Bearbeitet.png\",\"contentUrl\":\"https:\/\/apartment-monolith.com\/wp-content\/uploads\/2020\/04\/cropped-logo-monolith-Bearbeitet.png\",\"width\":778,\"height\":458,\"caption\":\"Apartment Monolith - Black Forest\"},\"image\":{\"@id\":\"http:\/\/apartment-monolith.com\/#\/schema\/logo\/image\/\"},\"sameAs\":[\"https:\/\/www.facebook.com\/apartmentmonolith\/\"]}]}<\/script>\n<!-- \/ Yoast SEO plugin. -->","yoast_head_json":{"title":"Salle de s\u00e9jour  - Apartment Monolith Black Forest","robots":{"index":"index","follow":"follow","max-snippet":"max-snippet:-1","max-image-preview":"max-image-preview:large","max-video-preview":"max-video-preview:-1"},"canonical":"https:\/\/apartment-monolith.com\/wohnzimmer\/","og_locale":"fr_FR","og_type":"article","og_title":"Salle de s\u00e9jour  - Apartment Monolith Black Forest","og_url":"https:\/\/apartment-monolith.com\/wohnzimmer\/","og_site_name":"Apartment Monolith Black Forest","article_publisher":"https:\/\/www.facebook.com\/apartmentmonolith\/","article_modified_time":"2022-08-23T14:04:00+00:00","og_image":[{"url":"https:\/\/apartment-monolith.com\/wp-content\/uploads\/2022\/08\/1616420022850-1-987x1024.jpeg"}],"twitter_card":"summary_large_image","twitter_misc":{"Dur\u00e9e de lecture estim\u00e9e":"3 minutes"},"schema":{"@context":"https:\/\/schema.org","@graph":[{"@type":"WebPage","@id":"https:\/\/apartment-monolith.com\/wohnzimmer\/","url":"https:\/\/apartment-monolith.com\/wohnzimmer\/","name":"Salle de s\u00e9jour - Apartment Monolith Black Forest","isPartOf":{"@id":"http:\/\/apartment-monolith.com\/#website"},"datePublished":"2020-02-14T11:46:53+00:00","dateModified":"2022-08-23T14:04:00+00:00","breadcrumb":{"@id":"https:\/\/apartment-monolith.com\/wohnzimmer\/#breadcrumb"},"inLanguage":"fr-FR","potentialAction":[{"@type":"ReadAction","target":["https:\/\/apartment-monolith.com\/wohnzimmer\/"]}]},{"@type":"BreadcrumbList","@id":"https:\/\/apartment-monolith.com\/wohnzimmer\/#breadcrumb","itemListElement":[{"@type":"ListItem","position":1,"name":"Home","item":"http:\/\/apartment-monolith.com\/"},{"@type":"ListItem","position":2,"name":"Wohnzimmer"}]},{"@type":"WebSite","@id":"http:\/\/apartment-monolith.com\/#website","url":"http:\/\/apartment-monolith.com\/","name":"Apartment Monolith - Black Forest","description":"","publisher":{"@id":"http:\/\/apartment-monolith.com\/#organization"},"potentialAction":[{"@type":"SearchAction","target":{"@type":"EntryPoint","urlTemplate":"http:\/\/apartment-monolith.com\/?s={search_term_string}"},"query-input":"required name=search_term_string"}],"inLanguage":"fr-FR"},{"@type":"Organization","@id":"http:\/\/apartment-monolith.com\/#organization","name":"Apartment Monolith - Black Forest","url":"http:\/\/apartment-monolith.com\/","logo":{"@type":"ImageObject","inLanguage":"fr-FR","@id":"http:\/\/apartment-monolith.com\/#\/schema\/logo\/image\/","url":"https:\/\/apartment-monolith.com\/wp-content\/uploads\/2020\/04\/cropped-logo-monolith-Bearbeitet.png","contentUrl":"https:\/\/apartment-monolith.com\/wp-content\/uploads\/2020\/04\/cropped-logo-monolith-Bearbeitet.png","width":778,"height":458,"caption":"Apartment Monolith - Black Forest"},"image":{"@id":"http:\/\/apartment-monolith.com\/#\/schema\/logo\/image\/"},"sameAs":["https:\/\/www.facebook.com\/apartmentmonolith\/"]}]}},"_links":{"self":[{"href":"https:\/\/apartment-monolith.com\/fr\/wp-json\/wp\/v2\/pages\/218"}],"collection":[{"href":"https:\/\/apartment-monolith.com\/fr\/wp-json\/wp\/v2\/pages"}],"about":[{"href":"https:\/\/apartment-monolith.com\/fr\/wp-json\/wp\/v2\/types\/page"}],"author":[{"embeddable":true,"href":"https:\/\/apartment-monolith.com\/fr\/wp-json\/wp\/v2\/users\/1"}],"replies":[{"embeddable":true,"href":"https:\/\/apartment-monolith.com\/fr\/wp-json\/wp\/v2\/comments?post=218"}],"version-history":[{"count":12,"href":"https:\/\/apartment-monolith.com\/fr\/wp-json\/wp\/v2\/pages\/218\/revisions"}],"predecessor-version":[{"id":719,"href":"https:\/\/apartment-monolith.com\/fr\/wp-json\/wp\/v2\/pages\/218\/revisions\/719"}],"wp:attachment":[{"href":"https:\/\/apartment-monolith.com\/fr\/wp-json\/wp\/v2\/media?parent=218"}],"curies":[{"name":"wp","href":"https:\/\/api.w.org\/{rel}","templated":true}]}}