{"id":211,"date":"2020-02-14T11:43:44","date_gmt":"2020-02-14T11:43:44","guid":{"rendered":"http:\/\/apartment-monolith.com\/?page_id=211"},"modified":"2020-06-17T08:40:39","modified_gmt":"2020-06-17T08:40:39","slug":"kueche","status":"publish","type":"page","link":"https:\/\/apartment-monolith.com\/fr\/kueche\/","title":{"rendered":"Cuisine"},"content":{"rendered":"\n<p>La cuisine spacieuse est enti\u00e8rement \u00e9quip\u00e9e. Les couverts, la vaisselle, les verres, les casseroles et tous les ustensiles de cuisine sont une \u00e9vidence. Ici, l&rsquo;hospitalit\u00e9 de la For\u00eat-Noire marque des points. Un r\u00e9frig\u00e9rateur, un four, une plaque \u00e0 induction, un grille-pain, une bouilloire \u00e9lectrique et un micro-ondes pour les repas rapides ne devraient pas manquer. Le lave-vaisselle s&rsquo;occupe de la vaisselle. La maison a \u00e9t\u00e9 enti\u00e8rement construite en 2020 et r\u00e9pond donc aux normes les plus r\u00e9centes. Pour vous aider \u00e0 commencer la journ\u00e9e, une machine \u00e0 caf\u00e9 et \u00e0 espresso Nespresso avec une s\u00e9lection de base de capsules est disponible. Vous trouverez \u00e9galement une vari\u00e9t\u00e9 de th\u00e9s, d&rsquo;\u00e9pices, de vinaigre et d&rsquo;huile.<\/p>\n\n\n\n<figure class=\"wp-block-gallery columns-3 is-cropped wp-block-gallery-1 is-layout-flex wp-block-gallery-is-layout-flex\"><ul class=\"blocks-gallery-grid\"><li class=\"blocks-gallery-item\"><figure><img loading=\"lazy\" decoding=\"async\" width=\"1024\" height=\"683\" src=\"http:\/\/apartment-monolith.com\/wp-content\/uploads\/2020\/02\/IMG_2244-1024x683.jpg\" alt=\"\" data-id=\"216\" data-full-url=\"http:\/\/apartment-monolith.com\/wp-content\/uploads\/2020\/02\/IMG_2244-scaled.jpg\" data-link=\"http:\/\/apartment-monolith.com\/kueche\/img_2244\/\" class=\"wp-image-216\" srcset=\"https:\/\/apartment-monolith.com\/wp-content\/uploads\/2020\/02\/IMG_2244-1024x683.jpg 1024w, https:\/\/apartment-monolith.com\/wp-content\/uploads\/2020\/02\/IMG_2244-300x200.jpg 300w, https:\/\/apartment-monolith.com\/wp-content\/uploads\/2020\/02\/IMG_2244-768x512.jpg 768w, https:\/\/apartment-monolith.com\/wp-content\/uploads\/2020\/02\/IMG_2244-1536x1024.jpg 1536w, https:\/\/apartment-monolith.com\/wp-content\/uploads\/2020\/02\/IMG_2244-2048x1365.jpg 2048w, https:\/\/apartment-monolith.com\/wp-content\/uploads\/2020\/02\/IMG_2244-360x240.jpg 360w\" sizes=\"(max-width: 1024px) 100vw, 1024px\" \/><\/figure><\/li><li class=\"blocks-gallery-item\"><figure><img loading=\"lazy\" decoding=\"async\" width=\"1024\" height=\"683\" src=\"http:\/\/apartment-monolith.com\/wp-content\/uploads\/2020\/02\/IMG_2228-1024x683.jpg\" alt=\"\" data-id=\"215\" data-full-url=\"http:\/\/apartment-monolith.com\/wp-content\/uploads\/2020\/02\/IMG_2228-scaled.jpg\" data-link=\"http:\/\/apartment-monolith.com\/kueche\/img_2228\/\" class=\"wp-image-215\" srcset=\"https:\/\/apartment-monolith.com\/wp-content\/uploads\/2020\/02\/IMG_2228-1024x683.jpg 1024w, https:\/\/apartment-monolith.com\/wp-content\/uploads\/2020\/02\/IMG_2228-300x200.jpg 300w, https:\/\/apartment-monolith.com\/wp-content\/uploads\/2020\/02\/IMG_2228-768x512.jpg 768w, https:\/\/apartment-monolith.com\/wp-content\/uploads\/2020\/02\/IMG_2228-1536x1024.jpg 1536w, https:\/\/apartment-monolith.com\/wp-content\/uploads\/2020\/02\/IMG_2228-2048x1365.jpg 2048w, https:\/\/apartment-monolith.com\/wp-content\/uploads\/2020\/02\/IMG_2228-360x240.jpg 360w\" sizes=\"(max-width: 1024px) 100vw, 1024px\" \/><\/figure><\/li><li class=\"blocks-gallery-item\"><figure><img loading=\"lazy\" decoding=\"async\" width=\"1024\" height=\"683\" src=\"http:\/\/apartment-monolith.com\/wp-content\/uploads\/2020\/02\/IMG_2226-1024x683.jpg\" alt=\"\" data-id=\"214\" data-full-url=\"http:\/\/apartment-monolith.com\/wp-content\/uploads\/2020\/02\/IMG_2226-scaled.jpg\" data-link=\"http:\/\/apartment-monolith.com\/kueche\/img_2226\/\" class=\"wp-image-214\" srcset=\"https:\/\/apartment-monolith.com\/wp-content\/uploads\/2020\/02\/IMG_2226-1024x683.jpg 1024w, https:\/\/apartment-monolith.com\/wp-content\/uploads\/2020\/02\/IMG_2226-300x200.jpg 300w, https:\/\/apartment-monolith.com\/wp-content\/uploads\/2020\/02\/IMG_2226-768x512.jpg 768w, https:\/\/apartment-monolith.com\/wp-content\/uploads\/2020\/02\/IMG_2226-1536x1024.jpg 1536w, https:\/\/apartment-monolith.com\/wp-content\/uploads\/2020\/02\/IMG_2226-2048x1365.jpg 2048w, https:\/\/apartment-monolith.com\/wp-content\/uploads\/2020\/02\/IMG_2226-360x240.jpg 360w\" sizes=\"(max-width: 1024px) 100vw, 1024px\" \/><\/figure><\/li><li class=\"blocks-gallery-item\"><figure><img loading=\"lazy\" decoding=\"async\" width=\"1024\" height=\"683\" src=\"http:\/\/apartment-monolith.com\/wp-content\/uploads\/2020\/02\/IMG_2225-1024x683.jpg\" alt=\"\" data-id=\"213\" data-full-url=\"http:\/\/apartment-monolith.com\/wp-content\/uploads\/2020\/02\/IMG_2225-scaled.jpg\" data-link=\"http:\/\/apartment-monolith.com\/kueche\/img_2225\/\" class=\"wp-image-213\" srcset=\"https:\/\/apartment-monolith.com\/wp-content\/uploads\/2020\/02\/IMG_2225-1024x683.jpg 1024w, https:\/\/apartment-monolith.com\/wp-content\/uploads\/2020\/02\/IMG_2225-300x200.jpg 300w, https:\/\/apartment-monolith.com\/wp-content\/uploads\/2020\/02\/IMG_2225-768x512.jpg 768w, https:\/\/apartment-monolith.com\/wp-content\/uploads\/2020\/02\/IMG_2225-1536x1024.jpg 1536w, https:\/\/apartment-monolith.com\/wp-content\/uploads\/2020\/02\/IMG_2225-2048x1365.jpg 2048w, https:\/\/apartment-monolith.com\/wp-content\/uploads\/2020\/02\/IMG_2225-360x240.jpg 360w\" sizes=\"(max-width: 1024px) 100vw, 1024px\" \/><\/figure><\/li><li class=\"blocks-gallery-item\"><figure><img loading=\"lazy\" decoding=\"async\" width=\"1024\" height=\"683\" src=\"http:\/\/apartment-monolith.com\/wp-content\/uploads\/2020\/02\/IMG_2224-1024x683.jpg\" alt=\"\" data-id=\"212\" data-full-url=\"http:\/\/apartment-monolith.com\/wp-content\/uploads\/2020\/02\/IMG_2224-scaled.jpg\" data-link=\"http:\/\/apartment-monolith.com\/kueche\/img_2224\/\" class=\"wp-image-212\" srcset=\"https:\/\/apartment-monolith.com\/wp-content\/uploads\/2020\/02\/IMG_2224-1024x683.jpg 1024w, https:\/\/apartment-monolith.com\/wp-content\/uploads\/2020\/02\/IMG_2224-300x200.jpg 300w, https:\/\/apartment-monolith.com\/wp-content\/uploads\/2020\/02\/IMG_2224-768x512.jpg 768w, https:\/\/apartment-monolith.com\/wp-content\/uploads\/2020\/02\/IMG_2224-1536x1024.jpg 1536w, https:\/\/apartment-monolith.com\/wp-content\/uploads\/2020\/02\/IMG_2224-2048x1365.jpg 2048w, https:\/\/apartment-monolith.com\/wp-content\/uploads\/2020\/02\/IMG_2224-360x240.jpg 360w\" sizes=\"(max-width: 1024px) 100vw, 1024px\" \/><\/figure><\/li><\/ul><\/figure>\n\n\n\n<div style=\"height:100px\" aria-hidden=\"true\" class=\"wp-block-spacer\"><\/div>\n","protected":false},"excerpt":{"rendered":"<p>La cuisine spacieuse est enti\u00e8rement \u00e9quip\u00e9e. Les couverts, la vaisselle, les verres, les casseroles et tous les ustensiles de cuisine sont une \u00e9vidence. Ici, l&rsquo;hospitalit\u00e9 de la For\u00eat-Noire marque des points. Un r\u00e9frig\u00e9rateur, un four, une plaque \u00e0 induction, un grille-pain, une bouilloire \u00e9lectrique et un micro-ondes pour les repas [&hellip;]<\/p>\n","protected":false},"author":1,"featured_media":0,"parent":0,"menu_order":0,"comment_status":"closed","ping_status":"closed","template":"","meta":{"footnotes":""},"translation":{"provider":"WPGlobus","version":"2.12.2","language":"fr","enabled_languages":["de","en","fr","zh"],"languages":{"de":{"title":true,"content":true,"excerpt":false},"en":{"title":true,"content":true,"excerpt":false},"fr":{"title":true,"content":true,"excerpt":false},"zh":{"title":false,"content":false,"excerpt":false}}},"yoast_head":"<!-- This site is optimized with the Yoast SEO plugin v21.9.1 - https:\/\/yoast.com\/wordpress\/plugins\/seo\/ -->\n<title>Cuisine - Apartment Monolith Black Forest<\/title>\n<meta name=\"robots\" content=\"index, follow, max-snippet:-1, max-image-preview:large, max-video-preview:-1\" \/>\n<link rel=\"canonical\" href=\"http:\/\/apartment-monolith.com\/en\/kueche\/\" \/>\n<meta property=\"og:locale\" content=\"fr_FR\" \/>\n<meta property=\"og:type\" content=\"article\" \/>\n<meta property=\"og:title\" content=\"Cuisine - Apartment Monolith Black Forest\" \/>\n<meta property=\"og:url\" content=\"http:\/\/apartment-monolith.com\/en\/kueche\/\" \/>\n<meta property=\"og:site_name\" content=\"Apartment Monolith Black Forest\" \/>\n<meta property=\"article:publisher\" content=\"https:\/\/www.facebook.com\/apartmentmonolith\/\" \/>\n<meta property=\"article:modified_time\" content=\"2020-06-17T08:40:39+00:00\" \/>\n<meta property=\"og:image\" content=\"http:\/\/apartment-monolith.com\/wp-content\/uploads\/2020\/02\/IMG_2224-1024x683.jpg\" \/>\n<meta name=\"twitter:card\" content=\"summary_large_image\" \/>\n<meta name=\"twitter:label1\" content=\"Dur\u00e9e de lecture estim\u00e9e\" \/>\n\t<meta name=\"twitter:data1\" content=\"2 minutes\" \/>\n<script type=\"application\/ld+json\" class=\"yoast-schema-graph\">{\"@context\":\"https:\/\/schema.org\",\"@graph\":[{\"@type\":\"WebPage\",\"@id\":\"http:\/\/apartment-monolith.com\/en\/kueche\/\",\"url\":\"http:\/\/apartment-monolith.com\/en\/kueche\/\",\"name\":\"Cuisine - Apartment Monolith Black Forest\",\"isPartOf\":{\"@id\":\"https:\/\/apartment-monolith.com\/en\/#website\"},\"datePublished\":\"2020-02-14T11:43:44+00:00\",\"dateModified\":\"2020-06-17T08:40:39+00:00\",\"breadcrumb\":{\"@id\":\"http:\/\/apartment-monolith.com\/en\/kueche\/#breadcrumb\"},\"inLanguage\":\"fr-FR\",\"potentialAction\":[{\"@type\":\"ReadAction\",\"target\":[\"http:\/\/apartment-monolith.com\/en\/kueche\/\"]}]},{\"@type\":\"BreadcrumbList\",\"@id\":\"http:\/\/apartment-monolith.com\/en\/kueche\/#breadcrumb\",\"itemListElement\":[{\"@type\":\"ListItem\",\"position\":1,\"name\":\"Home\",\"item\":\"https:\/\/apartment-monolith.com\/en\/\"},{\"@type\":\"ListItem\",\"position\":2,\"name\":\"Kitchen\"}]},{\"@type\":\"WebSite\",\"@id\":\"https:\/\/apartment-monolith.com\/en\/#website\",\"url\":\"https:\/\/apartment-monolith.com\/en\/\",\"name\":\"Apartment Monolith - Black Forest\",\"description\":\"\",\"publisher\":{\"@id\":\"https:\/\/apartment-monolith.com\/en\/#organization\"},\"potentialAction\":[{\"@type\":\"SearchAction\",\"target\":{\"@type\":\"EntryPoint\",\"urlTemplate\":\"https:\/\/apartment-monolith.com\/en\/?s={search_term_string}\"},\"query-input\":\"required name=search_term_string\"}],\"inLanguage\":\"fr-FR\"},{\"@type\":\"Organization\",\"@id\":\"https:\/\/apartment-monolith.com\/en\/#organization\",\"name\":\"Apartment Monolith - Black Forest\",\"url\":\"https:\/\/apartment-monolith.com\/en\/\",\"logo\":{\"@type\":\"ImageObject\",\"inLanguage\":\"fr-FR\",\"@id\":\"https:\/\/apartment-monolith.com\/en\/#\/schema\/logo\/image\/\",\"url\":\"https:\/\/apartment-monolith.com\/wp-content\/uploads\/2020\/04\/cropped-logo-monolith-Bearbeitet.png\",\"contentUrl\":\"https:\/\/apartment-monolith.com\/wp-content\/uploads\/2020\/04\/cropped-logo-monolith-Bearbeitet.png\",\"width\":778,\"height\":458,\"caption\":\"Apartment Monolith - Black Forest\"},\"image\":{\"@id\":\"https:\/\/apartment-monolith.com\/en\/#\/schema\/logo\/image\/\"},\"sameAs\":[\"https:\/\/www.facebook.com\/apartmentmonolith\/\"]}]}<\/script>\n<!-- \/ Yoast SEO plugin. -->","yoast_head_json":{"title":"Cuisine - Apartment Monolith Black Forest","robots":{"index":"index","follow":"follow","max-snippet":"max-snippet:-1","max-image-preview":"max-image-preview:large","max-video-preview":"max-video-preview:-1"},"canonical":"http:\/\/apartment-monolith.com\/en\/kueche\/","og_locale":"fr_FR","og_type":"article","og_title":"Cuisine - Apartment Monolith Black Forest","og_url":"http:\/\/apartment-monolith.com\/en\/kueche\/","og_site_name":"Apartment Monolith Black Forest","article_publisher":"https:\/\/www.facebook.com\/apartmentmonolith\/","article_modified_time":"2020-06-17T08:40:39+00:00","og_image":[{"url":"http:\/\/apartment-monolith.com\/wp-content\/uploads\/2020\/02\/IMG_2224-1024x683.jpg"}],"twitter_card":"summary_large_image","twitter_misc":{"Dur\u00e9e de lecture estim\u00e9e":"2 minutes"},"schema":{"@context":"https:\/\/schema.org","@graph":[{"@type":"WebPage","@id":"http:\/\/apartment-monolith.com\/en\/kueche\/","url":"http:\/\/apartment-monolith.com\/en\/kueche\/","name":"Cuisine - Apartment Monolith Black Forest","isPartOf":{"@id":"https:\/\/apartment-monolith.com\/en\/#website"},"datePublished":"2020-02-14T11:43:44+00:00","dateModified":"2020-06-17T08:40:39+00:00","breadcrumb":{"@id":"http:\/\/apartment-monolith.com\/en\/kueche\/#breadcrumb"},"inLanguage":"fr-FR","potentialAction":[{"@type":"ReadAction","target":["http:\/\/apartment-monolith.com\/en\/kueche\/"]}]},{"@type":"BreadcrumbList","@id":"http:\/\/apartment-monolith.com\/en\/kueche\/#breadcrumb","itemListElement":[{"@type":"ListItem","position":1,"name":"Home","item":"https:\/\/apartment-monolith.com\/en\/"},{"@type":"ListItem","position":2,"name":"Kitchen"}]},{"@type":"WebSite","@id":"https:\/\/apartment-monolith.com\/en\/#website","url":"https:\/\/apartment-monolith.com\/en\/","name":"Apartment Monolith - Black Forest","description":"","publisher":{"@id":"https:\/\/apartment-monolith.com\/en\/#organization"},"potentialAction":[{"@type":"SearchAction","target":{"@type":"EntryPoint","urlTemplate":"https:\/\/apartment-monolith.com\/en\/?s={search_term_string}"},"query-input":"required name=search_term_string"}],"inLanguage":"fr-FR"},{"@type":"Organization","@id":"https:\/\/apartment-monolith.com\/en\/#organization","name":"Apartment Monolith - Black Forest","url":"https:\/\/apartment-monolith.com\/en\/","logo":{"@type":"ImageObject","inLanguage":"fr-FR","@id":"https:\/\/apartment-monolith.com\/en\/#\/schema\/logo\/image\/","url":"https:\/\/apartment-monolith.com\/wp-content\/uploads\/2020\/04\/cropped-logo-monolith-Bearbeitet.png","contentUrl":"https:\/\/apartment-monolith.com\/wp-content\/uploads\/2020\/04\/cropped-logo-monolith-Bearbeitet.png","width":778,"height":458,"caption":"Apartment Monolith - Black Forest"},"image":{"@id":"https:\/\/apartment-monolith.com\/en\/#\/schema\/logo\/image\/"},"sameAs":["https:\/\/www.facebook.com\/apartmentmonolith\/"]}]}},"_links":{"self":[{"href":"https:\/\/apartment-monolith.com\/fr\/wp-json\/wp\/v2\/pages\/211"}],"collection":[{"href":"https:\/\/apartment-monolith.com\/fr\/wp-json\/wp\/v2\/pages"}],"about":[{"href":"https:\/\/apartment-monolith.com\/fr\/wp-json\/wp\/v2\/types\/page"}],"author":[{"embeddable":true,"href":"https:\/\/apartment-monolith.com\/fr\/wp-json\/wp\/v2\/users\/1"}],"replies":[{"embeddable":true,"href":"https:\/\/apartment-monolith.com\/fr\/wp-json\/wp\/v2\/comments?post=211"}],"version-history":[{"count":4,"href":"https:\/\/apartment-monolith.com\/fr\/wp-json\/wp\/v2\/pages\/211\/revisions"}],"predecessor-version":[{"id":451,"href":"https:\/\/apartment-monolith.com\/fr\/wp-json\/wp\/v2\/pages\/211\/revisions\/451"}],"wp:attachment":[{"href":"https:\/\/apartment-monolith.com\/fr\/wp-json\/wp\/v2\/media?parent=211"}],"curies":[{"name":"wp","href":"https:\/\/api.w.org\/{rel}","templated":true}]}}