{"id":198,"date":"2020-02-14T11:37:51","date_gmt":"2020-02-14T11:37:51","guid":{"rendered":"http:\/\/apartment-monolith.com\/?page_id=198"},"modified":"2020-06-17T08:38:16","modified_gmt":"2020-06-17T08:38:16","slug":"badezimmer","status":"publish","type":"page","link":"https:\/\/apartment-monolith.com\/fr\/badezimmer\/","title":{"rendered":"Salle de bain"},"content":{"rendered":"\n<p>La salle de bain spacieuse, nouvellement meubl\u00e9e, est \u00e9quip\u00e9e d&rsquo;une douche de pluie XXL, qui vous invite \u00e0 vous d\u00e9tendre. Shampoing, gel douche, savon, serviettes, linges de douche et s\u00e8che-cheveux font naturellement partie de l&rsquo;\u00e9quipement de l&rsquo;appartement Monolith. Le lavabo rustique fait entrer la For\u00eat-Noire dans la salle de bain et \u00e9voque une atmosph\u00e8re chaleureuse. Nous vous invitons \u00e0 vous sentir bien ici !<\/p>\n\n\n\n<figure class=\"wp-block-gallery columns-3 is-cropped wp-block-gallery-1 is-layout-flex wp-block-gallery-is-layout-flex\"><ul class=\"blocks-gallery-grid\"><li class=\"blocks-gallery-item\"><figure><img loading=\"lazy\" decoding=\"async\" width=\"1024\" height=\"768\" src=\"http:\/\/apartment-monolith.com\/wp-content\/uploads\/2020\/02\/20200203_193005-1-1024x768.jpg\" alt=\"\" data-id=\"204\" data-full-url=\"http:\/\/apartment-monolith.com\/wp-content\/uploads\/2020\/02\/20200203_193005-1-scaled.jpg\" data-link=\"http:\/\/apartment-monolith.com\/badezimmer\/20200203_193005-1\/\" class=\"wp-image-204\" srcset=\"https:\/\/apartment-monolith.com\/wp-content\/uploads\/2020\/02\/20200203_193005-1-1024x768.jpg 1024w, https:\/\/apartment-monolith.com\/wp-content\/uploads\/2020\/02\/20200203_193005-1-300x225.jpg 300w, https:\/\/apartment-monolith.com\/wp-content\/uploads\/2020\/02\/20200203_193005-1-768x576.jpg 768w, https:\/\/apartment-monolith.com\/wp-content\/uploads\/2020\/02\/20200203_193005-1-1536x1152.jpg 1536w, https:\/\/apartment-monolith.com\/wp-content\/uploads\/2020\/02\/20200203_193005-1-2048x1536.jpg 2048w\" sizes=\"(max-width: 1024px) 100vw, 1024px\" \/><\/figure><\/li><li class=\"blocks-gallery-item\"><figure><img loading=\"lazy\" decoding=\"async\" width=\"1024\" height=\"768\" src=\"http:\/\/apartment-monolith.com\/wp-content\/uploads\/2020\/02\/20200203_192955-1-1024x768.jpg\" alt=\"\" data-id=\"203\" data-full-url=\"http:\/\/apartment-monolith.com\/wp-content\/uploads\/2020\/02\/20200203_192955-1-scaled.jpg\" data-link=\"http:\/\/apartment-monolith.com\/badezimmer\/20200203_192955-1\/\" class=\"wp-image-203\" srcset=\"https:\/\/apartment-monolith.com\/wp-content\/uploads\/2020\/02\/20200203_192955-1-1024x768.jpg 1024w, https:\/\/apartment-monolith.com\/wp-content\/uploads\/2020\/02\/20200203_192955-1-300x225.jpg 300w, https:\/\/apartment-monolith.com\/wp-content\/uploads\/2020\/02\/20200203_192955-1-768x576.jpg 768w, https:\/\/apartment-monolith.com\/wp-content\/uploads\/2020\/02\/20200203_192955-1-1536x1152.jpg 1536w, https:\/\/apartment-monolith.com\/wp-content\/uploads\/2020\/02\/20200203_192955-1-2048x1536.jpg 2048w\" sizes=\"(max-width: 1024px) 100vw, 1024px\" \/><\/figure><\/li><li class=\"blocks-gallery-item\"><figure><img loading=\"lazy\" decoding=\"async\" width=\"1024\" height=\"768\" src=\"http:\/\/apartment-monolith.com\/wp-content\/uploads\/2020\/02\/20200203_193018-1-1024x768.jpg\" alt=\"\" data-id=\"205\" data-full-url=\"http:\/\/apartment-monolith.com\/wp-content\/uploads\/2020\/02\/20200203_193018-1-scaled.jpg\" data-link=\"http:\/\/apartment-monolith.com\/badezimmer\/20200203_193018-1\/\" class=\"wp-image-205\" srcset=\"https:\/\/apartment-monolith.com\/wp-content\/uploads\/2020\/02\/20200203_193018-1-1024x768.jpg 1024w, https:\/\/apartment-monolith.com\/wp-content\/uploads\/2020\/02\/20200203_193018-1-300x225.jpg 300w, https:\/\/apartment-monolith.com\/wp-content\/uploads\/2020\/02\/20200203_193018-1-768x576.jpg 768w, https:\/\/apartment-monolith.com\/wp-content\/uploads\/2020\/02\/20200203_193018-1-1536x1152.jpg 1536w, https:\/\/apartment-monolith.com\/wp-content\/uploads\/2020\/02\/20200203_193018-1-2048x1536.jpg 2048w\" sizes=\"(max-width: 1024px) 100vw, 1024px\" \/><\/figure><\/li><li class=\"blocks-gallery-item\"><figure><img loading=\"lazy\" decoding=\"async\" width=\"768\" height=\"1024\" src=\"http:\/\/apartment-monolith.com\/wp-content\/uploads\/2020\/02\/20200203_193217-1-768x1024.jpg\" alt=\"\" data-id=\"206\" data-full-url=\"http:\/\/apartment-monolith.com\/wp-content\/uploads\/2020\/02\/20200203_193217-1-scaled.jpg\" data-link=\"http:\/\/apartment-monolith.com\/badezimmer\/20200203_193217-1\/\" class=\"wp-image-206\" srcset=\"https:\/\/apartment-monolith.com\/wp-content\/uploads\/2020\/02\/20200203_193217-1-768x1024.jpg 768w, https:\/\/apartment-monolith.com\/wp-content\/uploads\/2020\/02\/20200203_193217-1-225x300.jpg 225w, https:\/\/apartment-monolith.com\/wp-content\/uploads\/2020\/02\/20200203_193217-1-1152x1536.jpg 1152w, https:\/\/apartment-monolith.com\/wp-content\/uploads\/2020\/02\/20200203_193217-1-1536x2048.jpg 1536w, https:\/\/apartment-monolith.com\/wp-content\/uploads\/2020\/02\/20200203_193217-1-scaled.jpg 1920w\" sizes=\"(max-width: 768px) 100vw, 768px\" \/><\/figure><\/li><\/ul><\/figure>\n\n\n\n<div style=\"height:100px\" aria-hidden=\"true\" class=\"wp-block-spacer\"><\/div>\n","protected":false},"excerpt":{"rendered":"<p>La salle de bain spacieuse, nouvellement meubl\u00e9e, est \u00e9quip\u00e9e d&rsquo;une douche de pluie XXL, qui vous invite \u00e0 vous d\u00e9tendre. Shampoing, gel douche, savon, serviettes, linges de douche et s\u00e8che-cheveux font naturellement partie de l&rsquo;\u00e9quipement de l&rsquo;appartement Monolith. Le lavabo rustique fait entrer la For\u00eat-Noire dans la salle de bain [&hellip;]<\/p>\n","protected":false},"author":1,"featured_media":0,"parent":0,"menu_order":0,"comment_status":"closed","ping_status":"closed","template":"","meta":{"footnotes":""},"translation":{"provider":"WPGlobus","version":"2.12.2","language":"fr","enabled_languages":["de","en","fr","zh"],"languages":{"de":{"title":true,"content":true,"excerpt":false},"en":{"title":true,"content":true,"excerpt":false},"fr":{"title":true,"content":true,"excerpt":false},"zh":{"title":false,"content":false,"excerpt":false}}},"yoast_head":"<!-- This site is optimized with the Yoast SEO plugin v21.9.1 - https:\/\/yoast.com\/wordpress\/plugins\/seo\/ -->\n<title>Salle de bain - Apartment Monolith Black Forest<\/title>\n<meta name=\"robots\" content=\"index, follow, max-snippet:-1, max-image-preview:large, max-video-preview:-1\" \/>\n<link rel=\"canonical\" href=\"http:\/\/apartment-monolith.com\/badezimmer\/\" \/>\n<meta property=\"og:locale\" content=\"fr_FR\" \/>\n<meta property=\"og:type\" content=\"article\" \/>\n<meta property=\"og:title\" content=\"Salle de bain - Apartment Monolith Black Forest\" \/>\n<meta property=\"og:url\" content=\"http:\/\/apartment-monolith.com\/badezimmer\/\" \/>\n<meta property=\"og:site_name\" content=\"Apartment Monolith Black Forest\" \/>\n<meta property=\"article:publisher\" content=\"https:\/\/www.facebook.com\/apartmentmonolith\/\" \/>\n<meta property=\"article:modified_time\" content=\"2020-06-17T08:38:16+00:00\" \/>\n<meta property=\"og:image\" content=\"http:\/\/apartment-monolith.com\/wp-content\/uploads\/2020\/02\/20200203_192955-1-1024x768.jpg\" \/>\n<meta name=\"twitter:card\" content=\"summary_large_image\" \/>\n<meta name=\"twitter:label1\" content=\"Dur\u00e9e de lecture estim\u00e9e\" \/>\n\t<meta name=\"twitter:data1\" content=\"1 minute\" \/>\n<script type=\"application\/ld+json\" class=\"yoast-schema-graph\">{\"@context\":\"https:\/\/schema.org\",\"@graph\":[{\"@type\":\"WebPage\",\"@id\":\"http:\/\/apartment-monolith.com\/badezimmer\/\",\"url\":\"http:\/\/apartment-monolith.com\/badezimmer\/\",\"name\":\"Salle de bain - Apartment Monolith Black Forest\",\"isPartOf\":{\"@id\":\"http:\/\/apartment-monolith.com\/#website\"},\"datePublished\":\"2020-02-14T11:37:51+00:00\",\"dateModified\":\"2020-06-17T08:38:16+00:00\",\"breadcrumb\":{\"@id\":\"http:\/\/apartment-monolith.com\/badezimmer\/#breadcrumb\"},\"inLanguage\":\"fr-FR\",\"potentialAction\":[{\"@type\":\"ReadAction\",\"target\":[\"http:\/\/apartment-monolith.com\/badezimmer\/\"]}]},{\"@type\":\"BreadcrumbList\",\"@id\":\"http:\/\/apartment-monolith.com\/badezimmer\/#breadcrumb\",\"itemListElement\":[{\"@type\":\"ListItem\",\"position\":1,\"name\":\"Home\",\"item\":\"http:\/\/apartment-monolith.com\/\"},{\"@type\":\"ListItem\",\"position\":2,\"name\":\"Badezimmer\"}]},{\"@type\":\"WebSite\",\"@id\":\"http:\/\/apartment-monolith.com\/#website\",\"url\":\"http:\/\/apartment-monolith.com\/\",\"name\":\"Apartment Monolith - Black Forest\",\"description\":\"\",\"publisher\":{\"@id\":\"http:\/\/apartment-monolith.com\/#organization\"},\"potentialAction\":[{\"@type\":\"SearchAction\",\"target\":{\"@type\":\"EntryPoint\",\"urlTemplate\":\"http:\/\/apartment-monolith.com\/?s={search_term_string}\"},\"query-input\":\"required name=search_term_string\"}],\"inLanguage\":\"fr-FR\"},{\"@type\":\"Organization\",\"@id\":\"http:\/\/apartment-monolith.com\/#organization\",\"name\":\"Apartment Monolith - Black Forest\",\"url\":\"http:\/\/apartment-monolith.com\/\",\"logo\":{\"@type\":\"ImageObject\",\"inLanguage\":\"fr-FR\",\"@id\":\"http:\/\/apartment-monolith.com\/#\/schema\/logo\/image\/\",\"url\":\"https:\/\/apartment-monolith.com\/wp-content\/uploads\/2020\/04\/cropped-logo-monolith-Bearbeitet.png\",\"contentUrl\":\"https:\/\/apartment-monolith.com\/wp-content\/uploads\/2020\/04\/cropped-logo-monolith-Bearbeitet.png\",\"width\":778,\"height\":458,\"caption\":\"Apartment Monolith - Black Forest\"},\"image\":{\"@id\":\"http:\/\/apartment-monolith.com\/#\/schema\/logo\/image\/\"},\"sameAs\":[\"https:\/\/www.facebook.com\/apartmentmonolith\/\"]}]}<\/script>\n<!-- \/ Yoast SEO plugin. -->","yoast_head_json":{"title":"Salle de bain - Apartment Monolith Black Forest","robots":{"index":"index","follow":"follow","max-snippet":"max-snippet:-1","max-image-preview":"max-image-preview:large","max-video-preview":"max-video-preview:-1"},"canonical":"http:\/\/apartment-monolith.com\/badezimmer\/","og_locale":"fr_FR","og_type":"article","og_title":"Salle de bain - Apartment Monolith Black Forest","og_url":"http:\/\/apartment-monolith.com\/badezimmer\/","og_site_name":"Apartment Monolith Black Forest","article_publisher":"https:\/\/www.facebook.com\/apartmentmonolith\/","article_modified_time":"2020-06-17T08:38:16+00:00","og_image":[{"url":"http:\/\/apartment-monolith.com\/wp-content\/uploads\/2020\/02\/20200203_192955-1-1024x768.jpg"}],"twitter_card":"summary_large_image","twitter_misc":{"Dur\u00e9e de lecture estim\u00e9e":"1 minute"},"schema":{"@context":"https:\/\/schema.org","@graph":[{"@type":"WebPage","@id":"http:\/\/apartment-monolith.com\/badezimmer\/","url":"http:\/\/apartment-monolith.com\/badezimmer\/","name":"Salle de bain - Apartment Monolith Black Forest","isPartOf":{"@id":"http:\/\/apartment-monolith.com\/#website"},"datePublished":"2020-02-14T11:37:51+00:00","dateModified":"2020-06-17T08:38:16+00:00","breadcrumb":{"@id":"http:\/\/apartment-monolith.com\/badezimmer\/#breadcrumb"},"inLanguage":"fr-FR","potentialAction":[{"@type":"ReadAction","target":["http:\/\/apartment-monolith.com\/badezimmer\/"]}]},{"@type":"BreadcrumbList","@id":"http:\/\/apartment-monolith.com\/badezimmer\/#breadcrumb","itemListElement":[{"@type":"ListItem","position":1,"name":"Home","item":"http:\/\/apartment-monolith.com\/"},{"@type":"ListItem","position":2,"name":"Badezimmer"}]},{"@type":"WebSite","@id":"http:\/\/apartment-monolith.com\/#website","url":"http:\/\/apartment-monolith.com\/","name":"Apartment Monolith - Black Forest","description":"","publisher":{"@id":"http:\/\/apartment-monolith.com\/#organization"},"potentialAction":[{"@type":"SearchAction","target":{"@type":"EntryPoint","urlTemplate":"http:\/\/apartment-monolith.com\/?s={search_term_string}"},"query-input":"required name=search_term_string"}],"inLanguage":"fr-FR"},{"@type":"Organization","@id":"http:\/\/apartment-monolith.com\/#organization","name":"Apartment Monolith - Black Forest","url":"http:\/\/apartment-monolith.com\/","logo":{"@type":"ImageObject","inLanguage":"fr-FR","@id":"http:\/\/apartment-monolith.com\/#\/schema\/logo\/image\/","url":"https:\/\/apartment-monolith.com\/wp-content\/uploads\/2020\/04\/cropped-logo-monolith-Bearbeitet.png","contentUrl":"https:\/\/apartment-monolith.com\/wp-content\/uploads\/2020\/04\/cropped-logo-monolith-Bearbeitet.png","width":778,"height":458,"caption":"Apartment Monolith - Black Forest"},"image":{"@id":"http:\/\/apartment-monolith.com\/#\/schema\/logo\/image\/"},"sameAs":["https:\/\/www.facebook.com\/apartmentmonolith\/"]}]}},"_links":{"self":[{"href":"https:\/\/apartment-monolith.com\/fr\/wp-json\/wp\/v2\/pages\/198"}],"collection":[{"href":"https:\/\/apartment-monolith.com\/fr\/wp-json\/wp\/v2\/pages"}],"about":[{"href":"https:\/\/apartment-monolith.com\/fr\/wp-json\/wp\/v2\/types\/page"}],"author":[{"embeddable":true,"href":"https:\/\/apartment-monolith.com\/fr\/wp-json\/wp\/v2\/users\/1"}],"replies":[{"embeddable":true,"href":"https:\/\/apartment-monolith.com\/fr\/wp-json\/wp\/v2\/comments?post=198"}],"version-history":[{"count":7,"href":"https:\/\/apartment-monolith.com\/fr\/wp-json\/wp\/v2\/pages\/198\/revisions"}],"predecessor-version":[{"id":449,"href":"https:\/\/apartment-monolith.com\/fr\/wp-json\/wp\/v2\/pages\/198\/revisions\/449"}],"wp:attachment":[{"href":"https:\/\/apartment-monolith.com\/fr\/wp-json\/wp\/v2\/media?parent=198"}],"curies":[{"name":"wp","href":"https:\/\/api.w.org\/{rel}","templated":true}]}}