{"id":18,"date":"2018-05-08T09:46:58","date_gmt":"2018-05-08T09:46:58","guid":{"rendered":"http:\/\/apartment-monolith.com\/?page_id=18"},"modified":"2020-06-17T09:36:46","modified_gmt":"2020-06-17T09:36:46","slug":"impressum","status":"publish","type":"page","link":"https:\/\/apartment-monolith.com\/fr\/impressum\/","title":{"rendered":"Mentions l\u00e9gales"},"content":{"rendered":"\n<h2 class=\"wp-block-heading\">Information selon le \u00a7 5 TMG :<\/h2>\n\n\n\n<p>Sonja Letzin &#038; Elvis Laholat<br>B\u00fcrgermeister-Kuner-Str. 16<br>78136 Schonach<\/p>\n\n\n\n<h2 class=\"wp-block-heading\">Contact :<\/h2>\n\n\n\n<p>T\u00e9l\u00e9phone : +49 (0) 160 95173421<br>Courrier \u00e9lectronique : info@apartment-monolith.de<\/p>\n\n\n\n<h2 class=\"wp-block-heading\">Responsabilit\u00e9 du contenu<\/h2>\n\n\n\n<p>En tant que prestataire de services, nous sommes responsables de nos propres contenus sur ces pages, conform\u00e9ment \u00e0 l&rsquo;article 7, paragraphe 1, de la loi allemande sur les t\u00e9l\u00e9m\u00e9dias (TMG) et aux lois g\u00e9n\u00e9rales. Conform\u00e9ment aux articles 8 \u00e0 10 de la TMG, nous ne sommes pas tenus de surveiller les informations transmises ou stock\u00e9es ni d&rsquo;enqu\u00eater sur les circonstances qui indiquent une activit\u00e9 ill\u00e9gale.<\/p>\n\n\n\n<p>Les obligations de supprimer ou de bloquer l&rsquo;utilisation des informations conform\u00e9ment aux lois g\u00e9n\u00e9rales restent inchang\u00e9es. Toutefois, la responsabilit\u00e9 \u00e0 cet \u00e9gard n&rsquo;est possible qu&rsquo;\u00e0 partir du moment o\u00f9 l&rsquo;on a connaissance d&rsquo;une infraction concr\u00e8te. Si l&rsquo;on apprend que<br>Nous supprimerons imm\u00e9diatement ces contenus en cas d&rsquo;infraction correspondante.<\/p>\n\n\n\n<h2 class=\"wp-block-heading\">Responsabilit\u00e9 des liens<\/h2>\n\n\n\n<p>Notre offre contient des liens vers des sites web externes de tiers, dont le contenu<br>nous n&rsquo;avons aucune influence. Nous ne pouvons donc pas \u00eatre tenus responsables de ces contenus externes<br>assumer la responsabilit\u00e9. Pour le contenu des pages li\u00e9es, le fournisseur respectif est toujours responsable<br>ou op\u00e9rateur des pages responsables. Les pages li\u00e9es ont \u00e9t\u00e9 v\u00e9rifi\u00e9es au moment de la mise en place du lien afin de d\u00e9tecter d&rsquo;\u00e9ventuelles violations de la loi. Les contenus ill\u00e9gaux \u00e9taient ill\u00e9gaux \u00e0 partir de<br>Le moment de la liaison n&rsquo;est pas reconnaissable.<\/p>\n\n\n\n<p>Toutefois, un contr\u00f4le permanent du contenu des pages li\u00e9es n&rsquo;est pas raisonnable sans preuve concr\u00e8te d&rsquo;une violation de la loi. Si nous avons connaissance d&rsquo;infractions, nous supprimerons imm\u00e9diatement ces liens.<\/p>\n\n\n\n<h2 class=\"wp-block-heading\">Copyright<\/h2>\n\n\n\n<p>Les contenus et les \u0153uvres de ces pages cr\u00e9\u00e9s par les op\u00e9rateurs du site sont soumis \u00e0 la loi allemande sur le droit d&rsquo;auteur. La reproduction, le traitement, la distribution et toute forme d&rsquo;utilisation en dehors des limites du droit d&rsquo;auteur n\u00e9cessitent le consentement \u00e9crit de l&rsquo;auteur.<br>Accord de l&rsquo;auteur ou du cr\u00e9ateur respectif. Les t\u00e9l\u00e9chargements et les copies de ces pages ne sont autoris\u00e9s que pour un usage priv\u00e9 et non commercial. Dans la mesure o\u00f9 le contenu de ce site n&rsquo;a pas \u00e9t\u00e9 cr\u00e9\u00e9 par l&rsquo;op\u00e9rateur, les droits d&rsquo;auteur des tiers sont respect\u00e9s. En particulier, les contenus de tiers sont identifi\u00e9s comme tels. Si vous avez n\u00e9anmoins connaissance d&rsquo;une violation du droit d&rsquo;auteur, nous vous demandons de nous en informer. Si nous avons connaissance d&rsquo;une infraction, nous retirerons imm\u00e9diatement ces contenus.<\/p>\n\n\n\n<div style=\"height:100px\" aria-hidden=\"true\" class=\"wp-block-spacer\"><\/div>\n","protected":false},"excerpt":{"rendered":"<p>Information selon le \u00a7 5 TMG : Sonja Letzin &#038; Elvis LaholatB\u00fcrgermeister-Kuner-Str. 1678136 Schonach Contact : T\u00e9l\u00e9phone : +49 (0) 160 95173421Courrier \u00e9lectronique : info@apartment-monolith.de Responsabilit\u00e9 du contenu En tant que prestataire de services, nous sommes responsables de nos propres contenus sur ces pages, conform\u00e9ment \u00e0 l&rsquo;article 7, paragraphe 1, [&hellip;]<\/p>\n","protected":false},"author":1,"featured_media":0,"parent":0,"menu_order":0,"comment_status":"closed","ping_status":"closed","template":"","meta":{"footnotes":""},"translation":{"provider":"WPGlobus","version":"2.12.2","language":"fr","enabled_languages":["de","en","fr","zh"],"languages":{"de":{"title":true,"content":true,"excerpt":false},"en":{"title":true,"content":true,"excerpt":false},"fr":{"title":true,"content":true,"excerpt":false},"zh":{"title":false,"content":false,"excerpt":false}}},"yoast_head":"<!-- This site is optimized with the Yoast SEO plugin v21.9.1 - https:\/\/yoast.com\/wordpress\/plugins\/seo\/ -->\n<title>Mentions l\u00e9gales - Apartment Monolith Black Forest<\/title>\n<meta name=\"robots\" content=\"index, follow, max-snippet:-1, max-image-preview:large, max-video-preview:-1\" \/>\n<link rel=\"canonical\" href=\"https:\/\/apartment-monolith.com\/impressum\/\" \/>\n<meta property=\"og:locale\" content=\"fr_FR\" \/>\n<meta property=\"og:type\" content=\"article\" \/>\n<meta property=\"og:title\" content=\"Mentions l\u00e9gales - Apartment Monolith Black Forest\" \/>\n<meta property=\"og:url\" content=\"https:\/\/apartment-monolith.com\/impressum\/\" \/>\n<meta property=\"og:site_name\" content=\"Apartment Monolith Black Forest\" \/>\n<meta property=\"article:publisher\" content=\"https:\/\/www.facebook.com\/apartmentmonolith\/\" \/>\n<meta property=\"article:modified_time\" content=\"2020-06-17T09:36:46+00:00\" \/>\n<meta name=\"twitter:card\" content=\"summary_large_image\" \/>\n<meta name=\"twitter:label1\" content=\"Dur\u00e9e de lecture estim\u00e9e\" \/>\n\t<meta name=\"twitter:data1\" content=\"5 minutes\" \/>\n<script type=\"application\/ld+json\" class=\"yoast-schema-graph\">{\"@context\":\"https:\/\/schema.org\",\"@graph\":[{\"@type\":\"WebPage\",\"@id\":\"https:\/\/apartment-monolith.com\/impressum\/\",\"url\":\"https:\/\/apartment-monolith.com\/impressum\/\",\"name\":\"Mentions l\u00e9gales - Apartment Monolith Black Forest\",\"isPartOf\":{\"@id\":\"http:\/\/apartment-monolith.com\/#website\"},\"datePublished\":\"2018-05-08T09:46:58+00:00\",\"dateModified\":\"2020-06-17T09:36:46+00:00\",\"breadcrumb\":{\"@id\":\"https:\/\/apartment-monolith.com\/impressum\/#breadcrumb\"},\"inLanguage\":\"fr-FR\",\"potentialAction\":[{\"@type\":\"ReadAction\",\"target\":[\"https:\/\/apartment-monolith.com\/impressum\/\"]}]},{\"@type\":\"BreadcrumbList\",\"@id\":\"https:\/\/apartment-monolith.com\/impressum\/#breadcrumb\",\"itemListElement\":[{\"@type\":\"ListItem\",\"position\":1,\"name\":\"Home\",\"item\":\"http:\/\/apartment-monolith.com\/\"},{\"@type\":\"ListItem\",\"position\":2,\"name\":\"Impressum\"}]},{\"@type\":\"WebSite\",\"@id\":\"http:\/\/apartment-monolith.com\/#website\",\"url\":\"http:\/\/apartment-monolith.com\/\",\"name\":\"Apartment Monolith - Black Forest\",\"description\":\"\",\"publisher\":{\"@id\":\"http:\/\/apartment-monolith.com\/#organization\"},\"potentialAction\":[{\"@type\":\"SearchAction\",\"target\":{\"@type\":\"EntryPoint\",\"urlTemplate\":\"http:\/\/apartment-monolith.com\/?s={search_term_string}\"},\"query-input\":\"required name=search_term_string\"}],\"inLanguage\":\"fr-FR\"},{\"@type\":\"Organization\",\"@id\":\"http:\/\/apartment-monolith.com\/#organization\",\"name\":\"Apartment Monolith - Black Forest\",\"url\":\"http:\/\/apartment-monolith.com\/\",\"logo\":{\"@type\":\"ImageObject\",\"inLanguage\":\"fr-FR\",\"@id\":\"http:\/\/apartment-monolith.com\/#\/schema\/logo\/image\/\",\"url\":\"https:\/\/apartment-monolith.com\/wp-content\/uploads\/2020\/04\/cropped-logo-monolith-Bearbeitet.png\",\"contentUrl\":\"https:\/\/apartment-monolith.com\/wp-content\/uploads\/2020\/04\/cropped-logo-monolith-Bearbeitet.png\",\"width\":778,\"height\":458,\"caption\":\"Apartment Monolith - Black Forest\"},\"image\":{\"@id\":\"http:\/\/apartment-monolith.com\/#\/schema\/logo\/image\/\"},\"sameAs\":[\"https:\/\/www.facebook.com\/apartmentmonolith\/\"]}]}<\/script>\n<!-- \/ Yoast SEO plugin. -->","yoast_head_json":{"title":"Mentions l\u00e9gales - Apartment Monolith Black Forest","robots":{"index":"index","follow":"follow","max-snippet":"max-snippet:-1","max-image-preview":"max-image-preview:large","max-video-preview":"max-video-preview:-1"},"canonical":"https:\/\/apartment-monolith.com\/impressum\/","og_locale":"fr_FR","og_type":"article","og_title":"Mentions l\u00e9gales - Apartment Monolith Black Forest","og_url":"https:\/\/apartment-monolith.com\/impressum\/","og_site_name":"Apartment Monolith Black Forest","article_publisher":"https:\/\/www.facebook.com\/apartmentmonolith\/","article_modified_time":"2020-06-17T09:36:46+00:00","twitter_card":"summary_large_image","twitter_misc":{"Dur\u00e9e de lecture estim\u00e9e":"5 minutes"},"schema":{"@context":"https:\/\/schema.org","@graph":[{"@type":"WebPage","@id":"https:\/\/apartment-monolith.com\/impressum\/","url":"https:\/\/apartment-monolith.com\/impressum\/","name":"Mentions l\u00e9gales - Apartment Monolith Black Forest","isPartOf":{"@id":"http:\/\/apartment-monolith.com\/#website"},"datePublished":"2018-05-08T09:46:58+00:00","dateModified":"2020-06-17T09:36:46+00:00","breadcrumb":{"@id":"https:\/\/apartment-monolith.com\/impressum\/#breadcrumb"},"inLanguage":"fr-FR","potentialAction":[{"@type":"ReadAction","target":["https:\/\/apartment-monolith.com\/impressum\/"]}]},{"@type":"BreadcrumbList","@id":"https:\/\/apartment-monolith.com\/impressum\/#breadcrumb","itemListElement":[{"@type":"ListItem","position":1,"name":"Home","item":"http:\/\/apartment-monolith.com\/"},{"@type":"ListItem","position":2,"name":"Impressum"}]},{"@type":"WebSite","@id":"http:\/\/apartment-monolith.com\/#website","url":"http:\/\/apartment-monolith.com\/","name":"Apartment Monolith - Black Forest","description":"","publisher":{"@id":"http:\/\/apartment-monolith.com\/#organization"},"potentialAction":[{"@type":"SearchAction","target":{"@type":"EntryPoint","urlTemplate":"http:\/\/apartment-monolith.com\/?s={search_term_string}"},"query-input":"required name=search_term_string"}],"inLanguage":"fr-FR"},{"@type":"Organization","@id":"http:\/\/apartment-monolith.com\/#organization","name":"Apartment Monolith - Black Forest","url":"http:\/\/apartment-monolith.com\/","logo":{"@type":"ImageObject","inLanguage":"fr-FR","@id":"http:\/\/apartment-monolith.com\/#\/schema\/logo\/image\/","url":"https:\/\/apartment-monolith.com\/wp-content\/uploads\/2020\/04\/cropped-logo-monolith-Bearbeitet.png","contentUrl":"https:\/\/apartment-monolith.com\/wp-content\/uploads\/2020\/04\/cropped-logo-monolith-Bearbeitet.png","width":778,"height":458,"caption":"Apartment Monolith - Black Forest"},"image":{"@id":"http:\/\/apartment-monolith.com\/#\/schema\/logo\/image\/"},"sameAs":["https:\/\/www.facebook.com\/apartmentmonolith\/"]}]}},"_links":{"self":[{"href":"https:\/\/apartment-monolith.com\/fr\/wp-json\/wp\/v2\/pages\/18"}],"collection":[{"href":"https:\/\/apartment-monolith.com\/fr\/wp-json\/wp\/v2\/pages"}],"about":[{"href":"https:\/\/apartment-monolith.com\/fr\/wp-json\/wp\/v2\/types\/page"}],"author":[{"embeddable":true,"href":"https:\/\/apartment-monolith.com\/fr\/wp-json\/wp\/v2\/users\/1"}],"replies":[{"embeddable":true,"href":"https:\/\/apartment-monolith.com\/fr\/wp-json\/wp\/v2\/comments?post=18"}],"version-history":[{"count":10,"href":"https:\/\/apartment-monolith.com\/fr\/wp-json\/wp\/v2\/pages\/18\/revisions"}],"predecessor-version":[{"id":481,"href":"https:\/\/apartment-monolith.com\/fr\/wp-json\/wp\/v2\/pages\/18\/revisions\/481"}],"wp:attachment":[{"href":"https:\/\/apartment-monolith.com\/fr\/wp-json\/wp\/v2\/media?parent=18"}],"curies":[{"name":"wp","href":"https:\/\/api.w.org\/{rel}","templated":true}]}}